{"id":9040,"date":"2024-05-17T17:18:09","date_gmt":"2024-05-17T15:18:09","guid":{"rendered":"https:\/\/pladelscatalans.com\/eventos\/menu-i-festa-2025\/"},"modified":"2025-11-24T12:54:53","modified_gmt":"2025-11-24T11:54:53","slug":"menu-i-festa-2025","status":"publish","type":"page","link":"https:\/\/pladelscatalans.com\/es\/eventos\/menu-i-festa-2025\/","title":{"rendered":"Comidas de empresa"},"content":{"rendered":"[vc_row css=\u00bb.vc_custom_1763981710293{margin-right: 5% !important;margin-left: 5% !important;}\u00bb][vc_column width=\u00bb1\/2&#8243;][vc_empty_space height=\u00bb82px\u00bb]<h2 class=\"calluna-heading calluna-heading-single-line text-align-center \" ><span>FIESTAS DE EMPRESA 2025<\/span><\/h2>[vc_column_text]\n<div class=\"wpb_text_column wpb_content_element \">\n<div class=\"wpb_wrapper\">\n<p><strong>\u00bfQU\u00c9 D\u00cdAS SON?<\/strong><\/p>\n<ul>\n<li>12, 13, 18 y 19 de diciembre<\/li>\n<\/ul>\n<p><strong>\u00bfQU\u00c9 PODEMOS HACER?<\/strong><\/p>\n<ul>\n<li>Pod\u00e9is comer o cenar y celebrar la mejor fiesta de empresa que pod\u00e1is imaginar<\/li>\n<\/ul>\n<p><strong>ES NECESARIA RESERVA PREVIA.<\/strong><\/p>\n<ul>\n<li><a href=\"https:\/\/forms.gle\/1wwujN4azzRj3jrY9\">Haz clic para hacer la reserva<\/a><\/li>\n<\/ul>\n<\/div>\n<\/div>\n[\/vc_column_text]<a href=\"https:\/\/docs.google.com\/forms\/d\/e\/1FAIpQLSe8OloiNseEcb8RYoX1ZM764gQ-GShj6TuNb8grVavLX3F33w\/viewform\" class=\"calluna-button btn btn-primary medium style-1   aligninline\" target=\"_self\" title=\"RESERVA AHORA\" rel=\"\"><span class=\"calluna-button-inner\">RESERVA AHORA<\/span><\/a>[\/vc_column][vc_column width=\u00bb1\/2&#8243; css=\u00bb.vc_custom_1763981737671{margin-top: 5% !important;}\u00bb][vc_single_image image=\u00bb8924&#8243; img_size=\u00bbfull\u00bb alignment=\u00bbcenter\u00bb onclick=\u00bbcustom_link\u00bb link=\u00bbhttps:\/\/miticsclub.com\/events\/festa-graduacio-2025\/\u00bb][\/vc_column][\/vc_row][vc_row full_width=\u00bbstretch_row\u00bb css=\u00bb.vc_custom_1763984284686{margin-right: 5% !important;margin-left: 5% !important;padding-top: 5% !important;padding-right: 5% !important;padding-bottom: 5% !important;padding-left: 5% !important;}\u00bb][vc_column css=\u00bb.vc_custom_1763983557883{background-color: #e5e5e5 !important;}\u00bb]<h2 class=\"calluna-heading calluna-heading-single-line text-align-center \" ><span>Instalaciones &amp; Servicios<\/span><\/h2>[vc_row_inner][vc_column_inner css=\u00bb.vc_custom_1763984268991{padding-right: 8% !important;padding-bottom: 5% !important;padding-left: 8% !important;}\u00bb][vc_column_text]\n<p style=\"text-align: center;\">El Restaurante Masia Pla dels Catalans est\u00e1 situado en una amplia finca, transformada gradualmente en un gran complejo. El Pla dels Catalans es uno de los conjuntos gastron\u00f3micos y l\u00fadicos m\u00e1s caracter\u00edsticos de las Tierras del Ebro.<br \/>\nHeredero de la tradici\u00f3n gastron\u00f3mica del Hotel Can Quimet de l\u2019Aldea, dispone de tres salones con diferentes capacidades, piscina, campo de f\u00fatbol, k\u00e1rting, granja de animales, balsa y barraca t\u00edpicos del<br \/>\n<a href=\"https:\/\/es.wikipedia.org\/wiki\/Deltebro_(Tarragona)\" target=\"_blank\" rel=\"noopener\">Delta del Ebro<\/a>.<br \/>\nNos dedicamos exclusivamente a la celebraci\u00f3n de banquetes y eventos especiales, como comuniones, bodas, bautizos, aniversarios, as\u00ed como pasos de ecuador o cualquier fiesta que necesit\u00e9is. Contamos con distintas salas y ambientes para que todos puedan disfrutar del almuerzo o la cena con el confort y la alegr\u00eda de cada ocasi\u00f3n.<\/p>\n[\/vc_column_text][\/vc_column_inner][\/vc_row_inner][\/vc_column][\/vc_row][vc_row][vc_column][vc_row_inner][vc_column_inner width=\u00bb1\/2&#8243;][vc_gallery interval=\u00bb3&#8243; images=\u00bb5755,5761,5785&#8243; img_size=\u00bbfull\u00bb][\/vc_column_inner][vc_column_inner width=\u00bb1\/2&#8243;][vc_gallery interval=\u00bb3&#8243; images=\u00bb5807,5809,5811&#8243; img_size=\u00bbfull\u00bb][\/vc_column_inner][\/vc_row_inner][\/vc_column][\/vc_row]\n","protected":false},"excerpt":{"rendered":"<p>[vc_row css=\u00bb.vc_custom_1763981710293{margin-right: 5% !important;margin-left: 5% !important;}\u00bb][vc_column width=\u00bb1\/2&#8243;][vc_empty_space height=\u00bb82px\u00bb][vc_column_text] \u00bfQU\u00c9 D\u00cdAS SON? 12, 13, 18 y 19 de diciembre \u00bfQU\u00c9 PODEMOS HACER? Pod\u00e9is comer o cenar y celebrar la mejor fiesta de empresa que pod\u00e1is imaginar ES NECESARIA RESERVA PREVIA. Haz clic para hacer la reserva [\/vc_column_text][\/vc_column][vc_column width=\u00bb1\/2&#8243; css=\u00bb.vc_custom_1763981737671{margin-top: 5% !important;}\u00bb][vc_single_image image=\u00bb8924&#8243; img_size=\u00bbfull\u00bb alignment=\u00bbcenter\u00bb onclick=\u00bbcustom_link\u00bb link=\u00bbhttps:\/\/miticsclub.com\/events\/festa-graduacio-2025\/\u00bb][\/vc_column][\/vc_row][vc_row [&hellip;]<\/p>\n","protected":false},"author":1,"featured_media":5731,"parent":2865,"menu_order":0,"comment_status":"closed","ping_status":"closed","template":"","meta":{"footnotes":""},"class_list":["post-9040","page","type-page","status-publish","has-post-thumbnail","hentry"],"yoast_head":"<!-- This site is optimized with the Yoast SEO plugin v26.1.1 - https:\/\/yoast.com\/wordpress\/plugins\/seo\/ -->\n<title>Comidas de empresa - Pla dels Catalans<\/title>\n<meta name=\"description\" content=\"Celebra una comida y disfruta de una gran fiesta en M\u00edtics Club el mismo d\u00eda; hay fechas especiales en las que se unen la gastronom\u00eda y la diversi\u00f3n.\" \/>\n<meta name=\"robots\" content=\"index, follow, max-snippet:-1, max-image-preview:large, max-video-preview:-1\" \/>\n<link rel=\"canonical\" href=\"https:\/\/pladelscatalans.com\/es\/eventos\/menu-i-festa-2025\/\" \/>\n<meta property=\"og:locale\" content=\"es_ES\" \/>\n<meta property=\"og:type\" content=\"article\" \/>\n<meta property=\"og:title\" content=\"Comidas de empresa - Pla dels Catalans\" \/>\n<meta property=\"og:description\" content=\"Celebra una comida y disfruta de una gran fiesta en M\u00edtics Club el mismo d\u00eda; hay fechas especiales en las que se unen la gastronom\u00eda y la diversi\u00f3n.\" \/>\n<meta property=\"og:url\" content=\"https:\/\/pladelscatalans.com\/es\/eventos\/menu-i-festa-2025\/\" \/>\n<meta property=\"og:site_name\" content=\"Pla dels Catalans\" \/>\n<meta property=\"article:modified_time\" content=\"2025-11-24T11:54:53+00:00\" \/>\n<meta property=\"og:image\" content=\"https:\/\/pladelscatalans.com\/wp-content\/uploads\/2022\/05\/bodas-pla-dels-catalans-casaments-noces-bodas-en-tarragona-bodas-personalizadas-bodas-con-estiloEBP01542.jpg\" \/>\n\t<meta property=\"og:image:width\" content=\"800\" \/>\n\t<meta property=\"og:image:height\" content=\"534\" \/>\n\t<meta property=\"og:image:type\" content=\"image\/jpeg\" \/>\n<meta name=\"twitter:card\" content=\"summary_large_image\" \/>\n<meta name=\"twitter:label1\" content=\"Tiempo de lectura\" \/>\n\t<meta name=\"twitter:data1\" content=\"2 minutos\" \/>\n<script type=\"application\/ld+json\" class=\"yoast-schema-graph\">{\"@context\":\"https:\/\/schema.org\",\"@graph\":[{\"@type\":\"WebPage\",\"@id\":\"https:\/\/pladelscatalans.com\/es\/eventos\/menu-i-festa-2025\/\",\"url\":\"https:\/\/pladelscatalans.com\/es\/eventos\/menu-i-festa-2025\/\",\"name\":\"Comidas de empresa - Pla dels Catalans\",\"isPartOf\":{\"@id\":\"https:\/\/pladelscatalans.com\/es\/#website\"},\"primaryImageOfPage\":{\"@id\":\"https:\/\/pladelscatalans.com\/es\/eventos\/menu-i-festa-2025\/#primaryimage\"},\"image\":{\"@id\":\"https:\/\/pladelscatalans.com\/es\/eventos\/menu-i-festa-2025\/#primaryimage\"},\"thumbnailUrl\":\"https:\/\/pladelscatalans.com\/wp-content\/uploads\/2022\/05\/bodas-pla-dels-catalans-casaments-noces-bodas-en-tarragona-bodas-personalizadas-bodas-con-estiloEBP01542.jpg\",\"datePublished\":\"2024-05-17T15:18:09+00:00\",\"dateModified\":\"2025-11-24T11:54:53+00:00\",\"description\":\"Celebra una comida y disfruta de una gran fiesta en M\u00edtics Club el mismo d\u00eda; hay fechas especiales en las que se unen la gastronom\u00eda y la diversi\u00f3n.\",\"breadcrumb\":{\"@id\":\"https:\/\/pladelscatalans.com\/es\/eventos\/menu-i-festa-2025\/#breadcrumb\"},\"inLanguage\":\"es\",\"potentialAction\":[{\"@type\":\"ReadAction\",\"target\":[\"https:\/\/pladelscatalans.com\/es\/eventos\/menu-i-festa-2025\/\"]}]},{\"@type\":\"ImageObject\",\"inLanguage\":\"es\",\"@id\":\"https:\/\/pladelscatalans.com\/es\/eventos\/menu-i-festa-2025\/#primaryimage\",\"url\":\"https:\/\/pladelscatalans.com\/wp-content\/uploads\/2022\/05\/bodas-pla-dels-catalans-casaments-noces-bodas-en-tarragona-bodas-personalizadas-bodas-con-estiloEBP01542.jpg\",\"contentUrl\":\"https:\/\/pladelscatalans.com\/wp-content\/uploads\/2022\/05\/bodas-pla-dels-catalans-casaments-noces-bodas-en-tarragona-bodas-personalizadas-bodas-con-estiloEBP01542.jpg\",\"width\":800,\"height\":534,\"caption\":\"bodas pla dels catalans casaments noces bodas en tarragona bodas personalizadas bodas con estilo bodas en tarragona\"},{\"@type\":\"BreadcrumbList\",\"@id\":\"https:\/\/pladelscatalans.com\/es\/eventos\/menu-i-festa-2025\/#breadcrumb\",\"itemListElement\":[{\"@type\":\"ListItem\",\"position\":1,\"name\":\"Inici\",\"item\":\"https:\/\/pladelscatalans.com\/es\/\"},{\"@type\":\"ListItem\",\"position\":2,\"name\":\"Eventos\",\"item\":\"https:\/\/pladelscatalans.com\/es\/eventos\/\"},{\"@type\":\"ListItem\",\"position\":3,\"name\":\"Comidas de empresa\"}]},{\"@type\":\"WebSite\",\"@id\":\"https:\/\/pladelscatalans.com\/es\/#website\",\"url\":\"https:\/\/pladelscatalans.com\/es\/\",\"name\":\"Pla dels Catalans\",\"description\":\"Escenari singular per a celebracions singulars. Bodes, banquets, convencions i festes.\",\"publisher\":{\"@id\":\"https:\/\/pladelscatalans.com\/es\/#\/schema\/person\/9614a393b04d64415b7cfb071c9e23dd\"},\"potentialAction\":[{\"@type\":\"SearchAction\",\"target\":{\"@type\":\"EntryPoint\",\"urlTemplate\":\"https:\/\/pladelscatalans.com\/es\/?s={search_term_string}\"},\"query-input\":{\"@type\":\"PropertyValueSpecification\",\"valueRequired\":true,\"valueName\":\"search_term_string\"}}],\"inLanguage\":\"es\"},{\"@type\":[\"Person\",\"Organization\"],\"@id\":\"https:\/\/pladelscatalans.com\/es\/#\/schema\/person\/9614a393b04d64415b7cfb071c9e23dd\",\"name\":\"Pla dels Catalans\",\"logo\":{\"@id\":\"https:\/\/pladelscatalans.com\/es\/#\/schema\/person\/image\/\"}}]}<\/script>\n<!-- \/ Yoast SEO plugin. -->","yoast_head_json":{"title":"Comidas de empresa - Pla dels Catalans","description":"Celebra una comida y disfruta de una gran fiesta en M\u00edtics Club el mismo d\u00eda; hay fechas especiales en las que se unen la gastronom\u00eda y la diversi\u00f3n.","robots":{"index":"index","follow":"follow","max-snippet":"max-snippet:-1","max-image-preview":"max-image-preview:large","max-video-preview":"max-video-preview:-1"},"canonical":"https:\/\/pladelscatalans.com\/es\/eventos\/menu-i-festa-2025\/","og_locale":"es_ES","og_type":"article","og_title":"Comidas de empresa - Pla dels Catalans","og_description":"Celebra una comida y disfruta de una gran fiesta en M\u00edtics Club el mismo d\u00eda; hay fechas especiales en las que se unen la gastronom\u00eda y la diversi\u00f3n.","og_url":"https:\/\/pladelscatalans.com\/es\/eventos\/menu-i-festa-2025\/","og_site_name":"Pla dels Catalans","article_modified_time":"2025-11-24T11:54:53+00:00","og_image":[{"width":800,"height":534,"url":"https:\/\/pladelscatalans.com\/wp-content\/uploads\/2022\/05\/bodas-pla-dels-catalans-casaments-noces-bodas-en-tarragona-bodas-personalizadas-bodas-con-estiloEBP01542.jpg","type":"image\/jpeg"}],"twitter_card":"summary_large_image","twitter_misc":{"Tiempo de lectura":"2 minutos"},"schema":{"@context":"https:\/\/schema.org","@graph":[{"@type":"WebPage","@id":"https:\/\/pladelscatalans.com\/es\/eventos\/menu-i-festa-2025\/","url":"https:\/\/pladelscatalans.com\/es\/eventos\/menu-i-festa-2025\/","name":"Comidas de empresa - Pla dels Catalans","isPartOf":{"@id":"https:\/\/pladelscatalans.com\/es\/#website"},"primaryImageOfPage":{"@id":"https:\/\/pladelscatalans.com\/es\/eventos\/menu-i-festa-2025\/#primaryimage"},"image":{"@id":"https:\/\/pladelscatalans.com\/es\/eventos\/menu-i-festa-2025\/#primaryimage"},"thumbnailUrl":"https:\/\/pladelscatalans.com\/wp-content\/uploads\/2022\/05\/bodas-pla-dels-catalans-casaments-noces-bodas-en-tarragona-bodas-personalizadas-bodas-con-estiloEBP01542.jpg","datePublished":"2024-05-17T15:18:09+00:00","dateModified":"2025-11-24T11:54:53+00:00","description":"Celebra una comida y disfruta de una gran fiesta en M\u00edtics Club el mismo d\u00eda; hay fechas especiales en las que se unen la gastronom\u00eda y la diversi\u00f3n.","breadcrumb":{"@id":"https:\/\/pladelscatalans.com\/es\/eventos\/menu-i-festa-2025\/#breadcrumb"},"inLanguage":"es","potentialAction":[{"@type":"ReadAction","target":["https:\/\/pladelscatalans.com\/es\/eventos\/menu-i-festa-2025\/"]}]},{"@type":"ImageObject","inLanguage":"es","@id":"https:\/\/pladelscatalans.com\/es\/eventos\/menu-i-festa-2025\/#primaryimage","url":"https:\/\/pladelscatalans.com\/wp-content\/uploads\/2022\/05\/bodas-pla-dels-catalans-casaments-noces-bodas-en-tarragona-bodas-personalizadas-bodas-con-estiloEBP01542.jpg","contentUrl":"https:\/\/pladelscatalans.com\/wp-content\/uploads\/2022\/05\/bodas-pla-dels-catalans-casaments-noces-bodas-en-tarragona-bodas-personalizadas-bodas-con-estiloEBP01542.jpg","width":800,"height":534,"caption":"bodas pla dels catalans casaments noces bodas en tarragona bodas personalizadas bodas con estilo bodas en tarragona"},{"@type":"BreadcrumbList","@id":"https:\/\/pladelscatalans.com\/es\/eventos\/menu-i-festa-2025\/#breadcrumb","itemListElement":[{"@type":"ListItem","position":1,"name":"Inici","item":"https:\/\/pladelscatalans.com\/es\/"},{"@type":"ListItem","position":2,"name":"Eventos","item":"https:\/\/pladelscatalans.com\/es\/eventos\/"},{"@type":"ListItem","position":3,"name":"Comidas de empresa"}]},{"@type":"WebSite","@id":"https:\/\/pladelscatalans.com\/es\/#website","url":"https:\/\/pladelscatalans.com\/es\/","name":"Pla dels Catalans","description":"Escenari singular per a celebracions singulars. Bodes, banquets, convencions i festes.","publisher":{"@id":"https:\/\/pladelscatalans.com\/es\/#\/schema\/person\/9614a393b04d64415b7cfb071c9e23dd"},"potentialAction":[{"@type":"SearchAction","target":{"@type":"EntryPoint","urlTemplate":"https:\/\/pladelscatalans.com\/es\/?s={search_term_string}"},"query-input":{"@type":"PropertyValueSpecification","valueRequired":true,"valueName":"search_term_string"}}],"inLanguage":"es"},{"@type":["Person","Organization"],"@id":"https:\/\/pladelscatalans.com\/es\/#\/schema\/person\/9614a393b04d64415b7cfb071c9e23dd","name":"Pla dels Catalans","logo":{"@id":"https:\/\/pladelscatalans.com\/es\/#\/schema\/person\/image\/"}}]}},"_links":{"self":[{"href":"https:\/\/pladelscatalans.com\/es\/wp-json\/wp\/v2\/pages\/9040","targetHints":{"allow":["GET"]}}],"collection":[{"href":"https:\/\/pladelscatalans.com\/es\/wp-json\/wp\/v2\/pages"}],"about":[{"href":"https:\/\/pladelscatalans.com\/es\/wp-json\/wp\/v2\/types\/page"}],"author":[{"embeddable":true,"href":"https:\/\/pladelscatalans.com\/es\/wp-json\/wp\/v2\/users\/1"}],"replies":[{"embeddable":true,"href":"https:\/\/pladelscatalans.com\/es\/wp-json\/wp\/v2\/comments?post=9040"}],"version-history":[{"count":2,"href":"https:\/\/pladelscatalans.com\/es\/wp-json\/wp\/v2\/pages\/9040\/revisions"}],"predecessor-version":[{"id":9043,"href":"https:\/\/pladelscatalans.com\/es\/wp-json\/wp\/v2\/pages\/9040\/revisions\/9043"}],"up":[{"embeddable":true,"href":"https:\/\/pladelscatalans.com\/es\/wp-json\/wp\/v2\/pages\/2865"}],"wp:featuredmedia":[{"embeddable":true,"href":"https:\/\/pladelscatalans.com\/es\/wp-json\/wp\/v2\/media\/5731"}],"wp:attachment":[{"href":"https:\/\/pladelscatalans.com\/es\/wp-json\/wp\/v2\/media?parent=9040"}],"curies":[{"name":"wp","href":"https:\/\/api.w.org\/{rel}","templated":true}]}}