{"id":5673,"date":"2022-04-22T10:55:43","date_gmt":"2022-04-22T08:55:43","guid":{"rendered":"https:\/\/pladelscatalans.com\/?page_id=5673"},"modified":"2022-08-10T12:43:05","modified_gmt":"2022-08-10T10:43:05","slug":"torrada-destiu","status":"publish","type":"page","link":"https:\/\/pladelscatalans.com\/es\/eventos\/torrada-destiu\/","title":{"rendered":"Torrada d&#8217;estiu"},"content":{"rendered":"[vc_row css=\u00bb.vc_custom_1539188052667{margin-top: 5% !important;}\u00bb][vc_column]<h2 class=\"calluna-heading calluna-heading-single-line text-align-center \" ><span>Torrada d&#039;estiu Pla dels Catalans<\/span><\/h2>[\/vc_column][\/vc_row][vc_row full_height=\u00bbyes\u00bb equal_height=\u00bbyes\u00bb el_class=\u00bbrow-eq-height\u00bb css=\u00bb.vc_custom_1650617863953{background-color: #f2f2f2 !important;}\u00bb][vc_column width=\u00bb1\/2&#8243; css=\u00bb.vc_custom_1650617901571{margin-top: -20px !important;margin-bottom: -20px !important;padding-right: 8% !important;padding-left: 10% !important;}\u00bb][vc_empty_space height=\u00bb82px\u00bb][vc_column_text]<strong>\u00bfCUANDO PUEDO RESERVAR?<\/strong><\/p>\n<ul>\n<li>Fines de semana de abril a septiembre.<\/li>\n<\/ul>\n<p><strong>LAS VERDURAS<\/strong><\/p>\n<ul>\n<li>Todas las verduras utilizadas para la elaboraci\u00f3n de nuestras comidas son de la huerta de Pla dels Catalans.<\/li>\n<li><strong style=\"text-align: center;\">MEN\u00da SUJETO A CONDICIONES Y DISPONIBILIDAD<\/strong><\/li>\n<li><strong style=\"text-align: center;\">IMPRESCINDIBLE CONSULTAR Y RESERVAR PREVIAMENTE<\/strong><\/li>\n<\/ul>\n[\/vc_column_text][vc_row_inner gap=\u00bb4&#8243;][vc_column_inner][vc_empty_space]<a href=\"mailto:info@pladelscatalans.com\" class=\"calluna-button btn btn-primary medium style-2   aligninline\" target=\"_self\" title=\"RESERVAR POR EMAIL\" rel=\"\"><span class=\"calluna-button-inner\">RESERVAR POR EMAIL<\/span><\/a>[vc_empty_space]<a href=\"tel: +34977450003\" class=\"calluna-button btn btn-primary medium style-1   aligninline\" target=\"_self\" title=\"RESERVAR POR TEL\u00c9FONO\" rel=\"\"><span class=\"calluna-button-inner\">RESERVAR POR TEL\u00c9FONO<\/span><\/a>[\/vc_column_inner][\/vc_row_inner][\/vc_column][vc_column width=\u00bb1\/2&#8243;][vc_single_image image=\u00bb5667&#8243; img_size=\u00bbfull\u00bb alignment=\u00bbcenter\u00bb][\/vc_column][\/vc_row][vc_row css=\u00bb.vc_custom_1582544895739{margin-top: 5% !important;margin-bottom: 5% !important;}\u00bb][vc_column]<h2 class=\"calluna-heading calluna-heading-single-line text-align-center \" ><span>Instalaciones &amp; Servicios<\/span><\/h2>[vc_column_text]\n<div class=\"vc_row wpb_row vc_inner vc_row-fluid\">\n<div class=\"wpb_column vc_column_container vc_col-sm-12\">\n<div class=\"vc_column-inner vc_custom_1453995134632\">\n<div class=\"wpb_wrapper\">\n<div class=\"wpb_text_column wpb_content_element \">\n<div class=\"wpb_wrapper\">\n<p style=\"text-align: center;\">Situado en una amplia finca, transformada gradualmente en un gran complejo,<br \/>\nPla dels Catalans es uno de los conjuntos gastron\u00f3micos y l\u00fadicos m\u00e1s caracter\u00edsticos de las Terres de l\u2019Ebre.<br \/>\nHerederos de la herencia gastron\u00f3mica del Hotel Can Quimet de L\u2019Aldea dispone de tres salones con diferentes capacidades, piscina,<br \/>\ncampo de f\u00fatbol, karting, plaza de toros, granja de animales, balsa y barraca t\u00edpicas del Delta de l\u2019Ebre.<\/p>\n<\/div>\n<\/div>\n<\/div>\n<\/div>\n<\/div>\n<\/div>\n[\/vc_column_text][\/vc_column][\/vc_row][vc_row el_class=\u00bbrow-eq-height\u00bb css=\u00bb.vc_custom_1650617839940{margin-bottom: 20px !important;background-color: #f2f2f2 !important;}\u00bb][vc_column width=\u00bb1\/2&#8243; css=\u00bb.vc_custom_1650617282165{background: #f1f2f2 url(https:\/\/pladelscatalans.com\/wp-content\/uploads\/2019\/10\/pla-dels-catalans-km0pla-dels-catalans-km0_PBP3107.jpg?id=5360) !important;background-position: center !important;background-repeat: no-repeat !important;background-size: cover !important;}\u00bb][vc_empty_space height=\u00bb500px\u00bb][\/vc_column][vc_column width=\u00bb1\/2&#8243; css=\u00bb.vc_custom_1538648291805{padding-top: 5% !important;padding-right: 7% !important;padding-bottom: 5% !important;padding-left: 8% !important;background-position: center !important;background-repeat: no-repeat !important;background-size: cover !important;}\u00bb el_class=\u00bbvertical-align\u00bb]<h2 class=\"calluna-heading calluna-heading-single-line text-align-left \" ><span>Precios<\/span><\/h2>[vc_column_text css_animation=\u00bbtop-to-bottom\u00bb]<span style=\"color: #444444;\"><strong>Men\u00fa adulto 32 \u20ac<\/strong> (a partir de 12 a\u00f1os)<\/span><\/p>\n<p><span style=\"color: #444444;\"><strong>Men\u00fa infantil 10 \u20ac<\/strong> (3 a 12 a\u00f1os). Es obligatorio.<\/span><\/p>\n<p><strong>* Con actividades incluidas.<\/strong><\/p>\n<p>**<strong>Men\u00fa sujeto a disponibilidad, consultar condiciones.<\/strong><\/p>\n<p><strong><span style=\"color: #008000;\">+ Tardeo con m\u00fasica DJ y espacio gin c\u00f3rner.<\/span><\/strong>[\/vc_column_text][\/vc_column][\/vc_row]\n","protected":false},"excerpt":{"rendered":"<p>[vc_row css=\u00bb.vc_custom_1539188052667{margin-top: 5% !important;}\u00bb][vc_column][\/vc_column][\/vc_row][vc_row full_height=\u00bbyes\u00bb equal_height=\u00bbyes\u00bb el_class=\u00bbrow-eq-height\u00bb css=\u00bb.vc_custom_1650617863953{background-color: #f2f2f2 !important;}\u00bb][vc_column width=\u00bb1\/2&#8243; css=\u00bb.vc_custom_1650617901571{margin-top: -20px !important;margin-bottom: -20px !important;padding-right: 8% !important;padding-left: 10% !important;}\u00bb][vc_empty_space height=\u00bb82px\u00bb][vc_column_text]\u00bfCUANDO PUEDO RESERVAR? Fines de semana de abril a septiembre. LAS VERDURAS Todas las verduras utilizadas para la elaboraci\u00f3n de nuestras comidas son de la huerta de Pla dels Catalans. MEN\u00da SUJETO A CONDICIONES Y [&hellip;]<\/p>\n","protected":false},"author":1,"featured_media":8301,"parent":2865,"menu_order":0,"comment_status":"closed","ping_status":"closed","template":"","meta":{"footnotes":""},"class_list":["post-5673","page","type-page","status-publish","has-post-thumbnail","hentry"],"yoast_head":"<!-- This site is optimized with the Yoast SEO plugin v26.1.1 - https:\/\/yoast.com\/wordpress\/plugins\/seo\/ -->\n<title>Torrada d&#039;estiu - Pla dels Catalans<\/title>\n<meta name=\"robots\" content=\"index, follow, max-snippet:-1, max-image-preview:large, max-video-preview:-1\" \/>\n<link rel=\"canonical\" href=\"https:\/\/pladelscatalans.com\/es\/eventos\/torrada-destiu\/\" \/>\n<meta property=\"og:locale\" content=\"es_ES\" \/>\n<meta property=\"og:type\" content=\"article\" \/>\n<meta property=\"og:title\" content=\"Torrada d&#039;estiu - Pla dels Catalans\" \/>\n<meta property=\"og:description\" content=\"[vc_row css=\u00bb.vc_custom_1539188052667{margin-top: 5% !important;}\u00bb][vc_column][\/vc_column][\/vc_row][vc_row full_height=\u00bbyes\u00bb equal_height=\u00bbyes\u00bb el_class=\u00bbrow-eq-height\u00bb css=\u00bb.vc_custom_1650617863953{background-color: #f2f2f2 !important;}\u00bb][vc_column width=\u00bb1\/2&#8243; css=\u00bb.vc_custom_1650617901571{margin-top: -20px !important;margin-bottom: -20px !important;padding-right: 8% !important;padding-left: 10% !important;}\u00bb][vc_empty_space height=\u00bb82px\u00bb][vc_column_text]\u00bfCUANDO PUEDO RESERVAR? Fines de semana de abril a septiembre. LAS VERDURAS Todas las verduras utilizadas para la elaboraci\u00f3n de nuestras comidas son de la huerta de Pla dels Catalans. MEN\u00da SUJETO A CONDICIONES Y [&hellip;]\" \/>\n<meta property=\"og:url\" content=\"https:\/\/pladelscatalans.com\/es\/eventos\/torrada-destiu\/\" \/>\n<meta property=\"og:site_name\" content=\"Pla dels Catalans\" \/>\n<meta property=\"article:modified_time\" content=\"2022-08-10T10:43:05+00:00\" \/>\n<meta name=\"twitter:card\" content=\"summary_large_image\" \/>\n<meta name=\"twitter:label1\" content=\"Tiempo de lectura\" \/>\n\t<meta name=\"twitter:data1\" content=\"2 minutos\" \/>\n<script type=\"application\/ld+json\" class=\"yoast-schema-graph\">{\"@context\":\"https:\/\/schema.org\",\"@graph\":[{\"@type\":\"WebPage\",\"@id\":\"https:\/\/pladelscatalans.com\/es\/eventos\/torrada-destiu\/\",\"url\":\"https:\/\/pladelscatalans.com\/es\/eventos\/torrada-destiu\/\",\"name\":\"Torrada d'estiu - Pla dels Catalans\",\"isPartOf\":{\"@id\":\"https:\/\/pladelscatalans.com\/es\/#website\"},\"primaryImageOfPage\":{\"@id\":\"https:\/\/pladelscatalans.com\/es\/eventos\/torrada-destiu\/#primaryimage\"},\"image\":{\"@id\":\"https:\/\/pladelscatalans.com\/es\/eventos\/torrada-destiu\/#primaryimage\"},\"thumbnailUrl\":\"https:\/\/pladelscatalans.com\/wp-content\/uploads\/2024\/05\/7.png\",\"datePublished\":\"2022-04-22T08:55:43+00:00\",\"dateModified\":\"2022-08-10T10:43:05+00:00\",\"breadcrumb\":{\"@id\":\"https:\/\/pladelscatalans.com\/es\/eventos\/torrada-destiu\/#breadcrumb\"},\"inLanguage\":\"es\",\"potentialAction\":[{\"@type\":\"ReadAction\",\"target\":[\"https:\/\/pladelscatalans.com\/es\/eventos\/torrada-destiu\/\"]}]},{\"@type\":\"ImageObject\",\"inLanguage\":\"es\",\"@id\":\"https:\/\/pladelscatalans.com\/es\/eventos\/torrada-destiu\/#primaryimage\",\"url\":\"https:\/\/pladelscatalans.com\/wp-content\/uploads\/2024\/05\/7.png\",\"contentUrl\":\"https:\/\/pladelscatalans.com\/wp-content\/uploads\/2024\/05\/7.png\",\"width\":1414,\"height\":2000},{\"@type\":\"BreadcrumbList\",\"@id\":\"https:\/\/pladelscatalans.com\/es\/eventos\/torrada-destiu\/#breadcrumb\",\"itemListElement\":[{\"@type\":\"ListItem\",\"position\":1,\"name\":\"Inici\",\"item\":\"https:\/\/pladelscatalans.com\/es\/\"},{\"@type\":\"ListItem\",\"position\":2,\"name\":\"Eventos\",\"item\":\"https:\/\/pladelscatalans.com\/es\/eventos\/\"},{\"@type\":\"ListItem\",\"position\":3,\"name\":\"Torrada d&#8217;estiu\"}]},{\"@type\":\"WebSite\",\"@id\":\"https:\/\/pladelscatalans.com\/es\/#website\",\"url\":\"https:\/\/pladelscatalans.com\/es\/\",\"name\":\"Pla dels Catalans\",\"description\":\"Escenari singular per a celebracions singulars. Bodes, banquets, convencions i festes.\",\"publisher\":{\"@id\":\"https:\/\/pladelscatalans.com\/es\/#\/schema\/person\/9614a393b04d64415b7cfb071c9e23dd\"},\"potentialAction\":[{\"@type\":\"SearchAction\",\"target\":{\"@type\":\"EntryPoint\",\"urlTemplate\":\"https:\/\/pladelscatalans.com\/es\/?s={search_term_string}\"},\"query-input\":{\"@type\":\"PropertyValueSpecification\",\"valueRequired\":true,\"valueName\":\"search_term_string\"}}],\"inLanguage\":\"es\"},{\"@type\":[\"Person\",\"Organization\"],\"@id\":\"https:\/\/pladelscatalans.com\/es\/#\/schema\/person\/9614a393b04d64415b7cfb071c9e23dd\",\"name\":\"Pla dels Catalans\",\"logo\":{\"@id\":\"https:\/\/pladelscatalans.com\/es\/#\/schema\/person\/image\/\"}}]}<\/script>\n<!-- \/ Yoast SEO plugin. -->","yoast_head_json":{"title":"Torrada d'estiu - Pla dels Catalans","robots":{"index":"index","follow":"follow","max-snippet":"max-snippet:-1","max-image-preview":"max-image-preview:large","max-video-preview":"max-video-preview:-1"},"canonical":"https:\/\/pladelscatalans.com\/es\/eventos\/torrada-destiu\/","og_locale":"es_ES","og_type":"article","og_title":"Torrada d'estiu - Pla dels Catalans","og_description":"[vc_row css=\u00bb.vc_custom_1539188052667{margin-top: 5% !important;}\u00bb][vc_column][\/vc_column][\/vc_row][vc_row full_height=\u00bbyes\u00bb equal_height=\u00bbyes\u00bb el_class=\u00bbrow-eq-height\u00bb css=\u00bb.vc_custom_1650617863953{background-color: #f2f2f2 !important;}\u00bb][vc_column width=\u00bb1\/2&#8243; css=\u00bb.vc_custom_1650617901571{margin-top: -20px !important;margin-bottom: -20px !important;padding-right: 8% !important;padding-left: 10% !important;}\u00bb][vc_empty_space height=\u00bb82px\u00bb][vc_column_text]\u00bfCUANDO PUEDO RESERVAR? Fines de semana de abril a septiembre. LAS VERDURAS Todas las verduras utilizadas para la elaboraci\u00f3n de nuestras comidas son de la huerta de Pla dels Catalans. MEN\u00da SUJETO A CONDICIONES Y [&hellip;]","og_url":"https:\/\/pladelscatalans.com\/es\/eventos\/torrada-destiu\/","og_site_name":"Pla dels Catalans","article_modified_time":"2022-08-10T10:43:05+00:00","twitter_card":"summary_large_image","twitter_misc":{"Tiempo de lectura":"2 minutos"},"schema":{"@context":"https:\/\/schema.org","@graph":[{"@type":"WebPage","@id":"https:\/\/pladelscatalans.com\/es\/eventos\/torrada-destiu\/","url":"https:\/\/pladelscatalans.com\/es\/eventos\/torrada-destiu\/","name":"Torrada d'estiu - Pla dels Catalans","isPartOf":{"@id":"https:\/\/pladelscatalans.com\/es\/#website"},"primaryImageOfPage":{"@id":"https:\/\/pladelscatalans.com\/es\/eventos\/torrada-destiu\/#primaryimage"},"image":{"@id":"https:\/\/pladelscatalans.com\/es\/eventos\/torrada-destiu\/#primaryimage"},"thumbnailUrl":"https:\/\/pladelscatalans.com\/wp-content\/uploads\/2024\/05\/7.png","datePublished":"2022-04-22T08:55:43+00:00","dateModified":"2022-08-10T10:43:05+00:00","breadcrumb":{"@id":"https:\/\/pladelscatalans.com\/es\/eventos\/torrada-destiu\/#breadcrumb"},"inLanguage":"es","potentialAction":[{"@type":"ReadAction","target":["https:\/\/pladelscatalans.com\/es\/eventos\/torrada-destiu\/"]}]},{"@type":"ImageObject","inLanguage":"es","@id":"https:\/\/pladelscatalans.com\/es\/eventos\/torrada-destiu\/#primaryimage","url":"https:\/\/pladelscatalans.com\/wp-content\/uploads\/2024\/05\/7.png","contentUrl":"https:\/\/pladelscatalans.com\/wp-content\/uploads\/2024\/05\/7.png","width":1414,"height":2000},{"@type":"BreadcrumbList","@id":"https:\/\/pladelscatalans.com\/es\/eventos\/torrada-destiu\/#breadcrumb","itemListElement":[{"@type":"ListItem","position":1,"name":"Inici","item":"https:\/\/pladelscatalans.com\/es\/"},{"@type":"ListItem","position":2,"name":"Eventos","item":"https:\/\/pladelscatalans.com\/es\/eventos\/"},{"@type":"ListItem","position":3,"name":"Torrada d&#8217;estiu"}]},{"@type":"WebSite","@id":"https:\/\/pladelscatalans.com\/es\/#website","url":"https:\/\/pladelscatalans.com\/es\/","name":"Pla dels Catalans","description":"Escenari singular per a celebracions singulars. Bodes, banquets, convencions i festes.","publisher":{"@id":"https:\/\/pladelscatalans.com\/es\/#\/schema\/person\/9614a393b04d64415b7cfb071c9e23dd"},"potentialAction":[{"@type":"SearchAction","target":{"@type":"EntryPoint","urlTemplate":"https:\/\/pladelscatalans.com\/es\/?s={search_term_string}"},"query-input":{"@type":"PropertyValueSpecification","valueRequired":true,"valueName":"search_term_string"}}],"inLanguage":"es"},{"@type":["Person","Organization"],"@id":"https:\/\/pladelscatalans.com\/es\/#\/schema\/person\/9614a393b04d64415b7cfb071c9e23dd","name":"Pla dels Catalans","logo":{"@id":"https:\/\/pladelscatalans.com\/es\/#\/schema\/person\/image\/"}}]}},"_links":{"self":[{"href":"https:\/\/pladelscatalans.com\/es\/wp-json\/wp\/v2\/pages\/5673","targetHints":{"allow":["GET"]}}],"collection":[{"href":"https:\/\/pladelscatalans.com\/es\/wp-json\/wp\/v2\/pages"}],"about":[{"href":"https:\/\/pladelscatalans.com\/es\/wp-json\/wp\/v2\/types\/page"}],"author":[{"embeddable":true,"href":"https:\/\/pladelscatalans.com\/es\/wp-json\/wp\/v2\/users\/1"}],"replies":[{"embeddable":true,"href":"https:\/\/pladelscatalans.com\/es\/wp-json\/wp\/v2\/comments?post=5673"}],"version-history":[{"count":2,"href":"https:\/\/pladelscatalans.com\/es\/wp-json\/wp\/v2\/pages\/5673\/revisions"}],"predecessor-version":[{"id":7341,"href":"https:\/\/pladelscatalans.com\/es\/wp-json\/wp\/v2\/pages\/5673\/revisions\/7341"}],"up":[{"embeddable":true,"href":"https:\/\/pladelscatalans.com\/es\/wp-json\/wp\/v2\/pages\/2865"}],"wp:featuredmedia":[{"embeddable":true,"href":"https:\/\/pladelscatalans.com\/es\/wp-json\/wp\/v2\/media\/8301"}],"wp:attachment":[{"href":"https:\/\/pladelscatalans.com\/es\/wp-json\/wp\/v2\/media?parent=5673"}],"curies":[{"name":"wp","href":"https:\/\/api.w.org\/{rel}","templated":true}]}}