{"id":4313,"date":"2019-02-08T18:08:08","date_gmt":"2019-02-08T17:08:08","guid":{"rendered":"http:\/\/pladelscatalans.com\/eventos\/comunions\/"},"modified":"2020-02-24T16:07:46","modified_gmt":"2020-02-24T15:07:46","slug":"comuniones-pla-dels-catalans","status":"publish","type":"page","link":"https:\/\/pladelscatalans.com\/es\/eventos\/comuniones-pla-dels-catalans\/","title":{"rendered":"Comuniones"},"content":{"rendered":"[vc_row css=\u00bb.vc_custom_1503574597081{margin-top: 6% !important;margin-bottom: 6% !important;}\u00bb][vc_column]<h2 class=\"calluna-heading calluna-heading-single-line text-align-left \" ><span>Comuniones en Pla dels Catalans<\/span><\/h2>[vc_row_inner][vc_column_inner width=\u00bb1\/2&#8243;][vc_column_text css=\u00bb.vc_custom_1550152095560{margin-bottom: 35px !important;}\u00bb el_class=\u00bbseparator\u00bb]Celebre con nosotros un d\u00eda tan especial como es la Primera Eucarist\u00eda y los m\u00e1s peque\u00f1os sabr\u00e1n que son los protagonistas.<br \/>\nEn el Restaurant Mas\u00eda Pla dels\u00a0Catalans lo pasar\u00e1n pipa![\/vc_column_text][\/vc_column_inner][vc_column_inner width=\u00bb1\/2&#8243;][vc_column_text css=\u00bb.vc_custom_1550152137891{margin-bottom: 35px !important;}\u00bb el_class=\u00bbseparator\u00bb]Disponemos de pista de karts, castillos hinchables, piscina, campo de f\u00fatbol, \u200b\u200bgranja-escuela, mini-disco y much\u00edsimas actividades organizadas por nuestro equipo de monitores especializados en ocio.[\/vc_column_text][\/vc_column_inner][\/vc_row_inner][vc_empty_space el_class=\u00bbvisible-xs\u00bb][\/vc_column][\/vc_row][vc_row][vc_column][vc_masonry_media_grid style=\u00bbload-more\u00bb items_per_page=\u00bb7&#8243; gap=\u00bb15&#8243; btn_title=\u00bbM\u00c1S FOTOS\u00bb btn_style=\u00bboutline\u00bb btn_color=\u00bbsuccess\u00bb btn_size=\u00bblg\u00bb btn_align=\u00bbcenter\u00bb grid_id=\u00bbvc_gid:1582546867639-929714ad-c878-5&#8243; include=\u00bb2921,5205,5291,3884,3910,5283,5303,5305,5221,5296&#8243; btn_add_icon=\u00bbtrue\u00bb btn_button_block=\u00bbtrue\u00bb][\/vc_column][\/vc_row][vc_row full_width=\u00bbstretch_row_content_no_spaces\u00bb equal_height=\u00bbyes\u00bb el_class=\u00bbreorder-xs row-eq-height\u00bb][vc_column width=\u00bb1\/2&#8243; css=\u00bb.vc_custom_1581942332298{background-image: url(https:\/\/pladelscatalans.com\/wp-content\/uploads\/2020\/02\/comuinones-pla-dels-catalsn.jpg?id=5314) !important;background-position: center !important;background-repeat: no-repeat !important;background-size: cover !important;}\u00bb][vc_empty_space height=\u00bb600px\u00bb][\/vc_column][vc_column width=\u00bb1\/2&#8243; style=\u00bbcolumn-style-1&#8243; el_class=\u00bbvertical-align\u00bb css=\u00bb.vc_custom_1549891828785{padding-right: 8% !important;padding-left: 10% !important;background-color: #444444 !important;}\u00bb]<h2 class=\"calluna-heading calluna-heading-single-line text-align-left \" style=\"color: #ffffff;\"><span>Aperitivos<\/span><\/h2>[vc_column_text css_animation=\u00bbtop-to-bottom\u00bb]\u2713 Surtido de quesos y jam\u00f3n<br \/>\n\u2713 Salm\u00f3n marinado con pepinos<br \/>\n\u2713 Tartar de at\u00fan con alcaparras<br \/>\n\u2713 Champi\u00f1\u00f3n mar y monta\u00f1a<br \/>\n\u2713 Canel\u00f3n con bechamel<br \/>\n\u2713 Chipirones rebozados<br \/>\n\u2713 Calamares a la romana<br \/>\n\u2713 Pulpo de roca con cebolla caramelizada<br \/>\n\u2713 Dados de rape<br \/>\n\u2713 Croqueta casera de carne<br \/>\n\u2713 Bu\u00f1uelos de bacalao caseros<br \/>\n\u2713 Brocheta de chistorra envuelta en\u00a0 pasta filo<br \/>\n\u2713 Mini Tigret\u00f3n de morcilla<br \/>\n\u2713 Envuelto de salchicha con queso<br \/>\n\u2713 Pollo con salsa curry[\/vc_column_text]<a href=\"http:\/\/pladelscatalans.com\/es\/eventos\/comuniones-pla-dels-catalans\/informacion-comuniones\/\" class=\"calluna-button btn btn-primary normal style-2   aligninline\" target=\"_self\" title=\"M\u00e1s informaci\u00f3n\" rel=\"\"><span class=\"calluna-button-inner\">M\u00e1s informaci\u00f3n<\/span><\/a>[vc_empty_space height=\u00bb40px\u00bb][\/vc_column][\/vc_row][vc_row css=\u00bb.vc_custom_1503587275731{margin-top: 6% !important;margin-bottom: 6% !important;}\u00bb][vc_column]<h2 class=\"calluna-heading calluna-heading-single-line text-align-left \" ><span>Nuestros men\u00fas<\/span><\/h2>[vc_row_inner][vc_column_inner width=\u00bb1\/2&#8243;][vc_column_text]Pla dels Catalans ofrece 3 men\u00fas para adultos y 1 men\u00fa infantil apto para todos los p\u00fablicos, con unos aperitivos comunes y un men\u00fa diferenciado en funci\u00f3n de la edad y presupuesto. Cabe la posibilidad de realizar la cata de los platos y bebida de la comuni\u00f3n durante los d\u00edas fijados por Pla dels Catalans.[\/vc_column_text][\/vc_column_inner][vc_column_inner width=\u00bb1\/2&#8243;][vc_column_text]La reserva se formalizar\u00e1 con la entrega de una paga y se\u00f1al.<br \/>\nEl \u00faltimo d\u00eda para efectuar el pago es el viernes anterior a la comuni\u00f3n. Cualquier cambio o notificaci\u00f3n sobre la reserva se har\u00e1 por mail a info@pladelscatalans.com.[\/vc_column_text][\/vc_column_inner][\/vc_row_inner][\/vc_column][\/vc_row][vc_row css=\u00bb.vc_custom_1515068588948{margin-bottom: 3% !important;}\u00bb][vc_column width=\u00bb1\/3&#8243;]<div class=\"calluna-pricing calluna- calluna-column-\"><div class=\"calluna-pricing-header\"><h4>Men\u00fa 1<\/h4><\/div><div class=\"calluna-pricing-content\">\n<ul>\n<li><strong>Aperitivos Pla dels Catalans <\/strong><\/li>\n<li><strong>Men\u00fa:<\/strong><br \/>\n\u2713 C\u00f3ctel de langostinos, pulpo, at\u00fan marinado y guacamole<br \/>\n\u2713 Rape en salsa de puerros y ajos tiernos<br \/>\n\u2713 Sorbete de lim\u00f3n<br \/>\n\u2713 Meloso ib\u00e9rico relleno de setas<br \/>\n\u2713 Cuadro de frutas<br \/>\n\u2713 Pastel (No incluido)<br \/>\n\u2713 Caf\u00e9s y licores.<\/li>\n<li><strong>Bodega:<\/strong><br \/>\n\u2713 Modernista blanc (DO Terra Alta)<br \/>\n\u2713 Modernista negre (DO Terra Alta)<br \/>\n\u2713 Cava Parxet Brut Reserva<\/li>\n<\/ul>\n<\/div><div class=\"calluna-pricing-button\"><a href=\"https:\/\/pladelscatalans.com\/es\/eventos\/comuniones-pla-dels-catalans\/informacion-comuniones\/\" class=\"calluna-button btn btn-primary  style-2\"  rel=\"nofollow\"><span class=\"calluna-button-inner\">M\u00e1s informaci\u00f3n<\/span><\/a><\/div><\/div>[\/vc_column][vc_column width=\u00bb1\/3&#8243;]<div class=\"calluna-pricing calluna- calluna-column-\"><div class=\"calluna-pricing-header\"><h4>Men\u00fa 2<\/h4><\/div><div class=\"calluna-pricing-content\">\n<ul>\n<li><strong>Aperitivos Pla dels Catalans <\/strong><\/li>\n<li><strong>Men\u00fa:<\/strong><br \/>\n\u2713 Crack de at\u00fan<br \/>\n\u2713 Lenguado relleno de langostinos y salsa de almendras<br \/>\n\u2713 Sorbete de lim\u00f3n<br \/>\n\u2713 Milhojas de rabo de buey con capas de patata y foie<br \/>\n\u2713 Delicias de pl\u00e1tano<br \/>\n\u2713 Pastel (no incluido)<br \/>\n\u2713 Caf\u00e9s y licores<\/li>\n<li><strong>Bodega:<\/strong><br \/>\n\u2713 Modernista Blanc(DO Terra Alta)<br \/>\n\u2713 Indi\u00e0 Negre (DO Terra Alta)<br \/>\n\u2713 Cava Agust\u00ed Torell\u00f3<\/li>\n<\/ul>\n<\/div><div class=\"calluna-pricing-button\"><a href=\"https:\/\/pladelscatalans.com\/es\/eventos\/comuniones-pla-dels-catalans\/informacion-comuniones\/\" class=\"calluna-button btn btn-primary  style-2\"  rel=\"nofollow\"><span class=\"calluna-button-inner\">M\u00e1s informaci\u00f3n <\/span><\/a><\/div><\/div>[\/vc_column][vc_column width=\u00bb1\/3&#8243;]<div class=\"calluna-pricing calluna- calluna-column-\"><div class=\"calluna-pricing-header\"><h4>Men\u00fa 3<\/h4><\/div><div class=\"calluna-pricing-content\">\n<ul>\n<li><strong>Aperitivos Pla dels Catalans<br \/>\n<\/strong><\/li>\n<li><strong>Men\u00fa:<\/strong><br \/>\n\u2713 C\u00f3ctel de bogavante con langostinos, pulpo y gazpacho de guayaba<br \/>\n\u2713 Vieira con langostinos y salsa de marisco<br \/>\n\u2713 Sorbete de lim\u00f3n<br \/>\n\u2713 Lingote crujiente de cordero con salsa de carne y ciruelas<br \/>\n\u2713 Cheese Cake<br \/>\n\u2713 Pastel (no incluido)<br \/>\n\u2713 Caf\u00e9s y licores.<\/li>\n<li><strong>Bodega:<\/strong><br \/>\n\u2713 Indi\u00e0 blanc (DO Terra Alta)<br \/>\n\u2713 Indi\u00e0 negre (DO Terra Alta)<br \/>\n\u2713 Cava Agust\u00ed Torell\u00f3<\/li>\n<\/ul>\n<\/div><div class=\"calluna-pricing-button\"><a href=\"https:\/\/pladelscatalans.com\/es\/eventos\/comuniones-pla-dels-catalans\/informacion-comuniones\/\" class=\"calluna-button btn btn-primary  style-2\"  rel=\"nofollow\"><span class=\"calluna-button-inner\">M\u00e1s informaci\u00f3n<\/span><\/a><\/div><\/div>[\/vc_column][\/vc_row][vc_row full_width=\u00bbstretch_row_content\u00bb equal_height=\u00bbyes\u00bb css=\u00bb.vc_custom_1581942526304{margin-top: 5% !important;margin-bottom: 5% !important;}\u00bb][vc_column width=\u00bb1\/2&#8243; style=\u00bbcolumn-style-2&#8243; css=\u00bb.vc_custom_1581942556754{padding-top: 5% !important;padding-right: 8% !important;padding-bottom: 5% !important;padding-left: 10% !important;background-color: #298a08 !important;}\u00bb el_class=\u00bbvertical-align\u00bb]<h2 class=\"calluna-heading calluna-heading-single-line text-align-left \" style=\"color: #ffffff;\"><span>Actividades<\/span><\/h2>[vc_column_text]Todas las actividades que se detallan est\u00e1n controladas por monitores durante los horarios fijados.<\/p>\n<p><em>De 13:00 a 15:00<\/em><em><br \/>\n<\/em><strong>\u00a0\u2713 Caballos<\/strong><\/p>\n<p><em>De 13:30 a 16:30<\/em><br \/>\n<strong>\u00a0\u2713 Comida<\/strong><\/p>\n<p><em>De 16:00 a 19:00 <\/em><br \/>\n<strong>\u00a0\u2713 Karting<\/strong><br \/>\n<strong>\u00a0\u2713 Campo de F\u00fatbol (f\u00fatbol 3 \u00d7 3 y f\u00fatbol punter\u00eda)<\/strong><br \/>\n<strong>\u00a0\u2713 Piscina<\/strong><br \/>\n<strong>\u00a0\u2713 Castillos hinchables<\/strong><br \/>\n<strong>\u00a0\u2713 Tiro con arco<\/strong><\/p>\n<p><em>De 18:00 a 19:00<\/em><br \/>\n<strong>\u00a0 \u2713 Minichef<\/strong><\/p>\n<p><em>De 19:00 a 20:00<\/em><br \/>\n<strong>\u00a0\u2713 Show infantil en la plaza de toros<\/strong><\/p>\n<p><em>De 18:00 a 21:00<\/em><br \/>\n<strong>\u00a0\u2713 M\u00edtics Club Vintage. Fiesta Vintage con dj\u2019s, animaci\u00f3n y espectaculo.<\/strong>[\/vc_column_text][\/vc_column][vc_column width=\u00bb1\/2&#8243; css=\u00bb.vc_custom_1581942583292{background-image: url(https:\/\/pladelscatalans.com\/wp-content\/uploads\/2020\/02\/pla-dels-catalans-km0pla-dels-catalans-km0_PBP3044.jpg?id=5317) !important;background-position: center !important;background-repeat: no-repeat !important;background-size: cover !important;}\u00bb][vc_empty_space height=\u00bb500px\u00bb][\/vc_column][\/vc_row][vc_row][vc_column]<h2 class=\"calluna-heading calluna-heading-single-line text-align-left \" ><span>Funcionamiento de las comuniones<\/span><\/h2>[vc_row_inner][vc_column_inner width=\u00bb1\/2&#8243;][vc_column_text css_animation=\u00bbtop-to-bottom\u00bb css=\u00bb.vc_custom_1582547484278{padding-bottom: 35px !important;}\u00bb]\u2713 Cabe la posibilidad de realizar la cata de los platos y bebida de la comuni\u00f3n durante los d\u00edas fijados por Pla dels Catalans (domingo d\u00eda 29 de marzo). La cata no est\u00e1 incluida.<br \/>\n\u2713 Para escoger el men\u00fa y hablar de todo lo referente a la comuni\u00f3n deber\u00e1 ponerse en contacto en nosotros durante la \u00faltima semana de enero y durante todo el mes de febrero.[\/vc_column_text][\/vc_column_inner][vc_column_inner width=\u00bb1\/2&#8243;][vc_column_text]\u2713 El d\u00eda de la comuni\u00f3n al llegar al Pla dels Catalans, puede disfrutar de los caballos, as\u00ed como los hinchables, hacer fotos por el complejo.<\/p>\n<p>\u2713 Recuerde que para que empecemos a preparar sus aperitivos, necesitamos que nos avise con diez minutos de antelaci\u00f3n, es decir, 10 minutos antes de que desee entrar en el sal\u00f3n nos tiene que avisar.[\/vc_column_text][\/vc_column_inner][\/vc_row_inner][\/vc_column][\/vc_row]\n","protected":false},"excerpt":{"rendered":"<p>[vc_row css=\u00bb.vc_custom_1503574597081{margin-top: 6% !important;margin-bottom: 6% !important;}\u00bb][vc_column][vc_row_inner][vc_column_inner width=\u00bb1\/2&#8243;][vc_column_text css=\u00bb.vc_custom_1550152095560{margin-bottom: 35px !important;}\u00bb el_class=\u00bbseparator\u00bb]Celebre con nosotros un d\u00eda tan especial como es la Primera Eucarist\u00eda y los m\u00e1s peque\u00f1os sabr\u00e1n que son los protagonistas. En el Restaurant Mas\u00eda Pla dels\u00a0Catalans lo pasar\u00e1n pipa![\/vc_column_text][\/vc_column_inner][vc_column_inner width=\u00bb1\/2&#8243;][vc_column_text css=\u00bb.vc_custom_1550152137891{margin-bottom: 35px !important;}\u00bb el_class=\u00bbseparator\u00bb]Disponemos de pista de karts, castillos hinchables, piscina, campo de f\u00fatbol, [&hellip;]<\/p>\n","protected":false},"author":1,"featured_media":5253,"parent":2865,"menu_order":0,"comment_status":"closed","ping_status":"closed","template":"","meta":{"footnotes":""},"class_list":["post-4313","page","type-page","status-publish","has-post-thumbnail","hentry"],"yoast_head":"<!-- This site is optimized with the Yoast SEO plugin v26.1.1 - https:\/\/yoast.com\/wordpress\/plugins\/seo\/ -->\n<title>Comuniones - Pla dels Catalans<\/title>\n<meta name=\"description\" content=\"Pla dels Catalans es el lugar ideal para comuniones inolvidables en la Terras de l&#039;Ebre: espacios \u00fanicos para celebraciones y eventos en L&#039;Aldea.\" \/>\n<meta name=\"robots\" content=\"index, follow, max-snippet:-1, max-image-preview:large, max-video-preview:-1\" \/>\n<link rel=\"canonical\" href=\"https:\/\/pladelscatalans.com\/es\/eventos\/comuniones-pla-dels-catalans\/\" \/>\n<meta property=\"og:locale\" content=\"es_ES\" \/>\n<meta property=\"og:type\" content=\"article\" \/>\n<meta property=\"og:title\" content=\"Comuniones - Pla dels Catalans\" \/>\n<meta property=\"og:description\" content=\"Pla dels Catalans es el lugar ideal para comuniones inolvidables en la Terras de l&#039;Ebre: espacios \u00fanicos para celebraciones y eventos en L&#039;Aldea.\" \/>\n<meta property=\"og:url\" content=\"https:\/\/pladelscatalans.com\/es\/eventos\/comuniones-pla-dels-catalans\/\" \/>\n<meta property=\"og:site_name\" content=\"Pla dels Catalans\" \/>\n<meta property=\"article:modified_time\" content=\"2020-02-24T15:07:46+00:00\" \/>\n<meta property=\"og:image\" content=\"https:\/\/pladelscatalans.com\/wp-content\/uploads\/2020\/02\/masia-pla-dels-catalans-calcotades.jpg\" \/>\n\t<meta property=\"og:image:width\" content=\"2000\" \/>\n\t<meta property=\"og:image:height\" content=\"1335\" \/>\n\t<meta property=\"og:image:type\" content=\"image\/jpeg\" \/>\n<meta name=\"twitter:card\" content=\"summary_large_image\" \/>\n<meta name=\"twitter:label1\" content=\"Tiempo de lectura\" \/>\n\t<meta name=\"twitter:data1\" content=\"6 minutos\" \/>\n<script type=\"application\/ld+json\" class=\"yoast-schema-graph\">{\"@context\":\"https:\/\/schema.org\",\"@graph\":[{\"@type\":\"WebPage\",\"@id\":\"https:\/\/pladelscatalans.com\/es\/eventos\/comuniones-pla-dels-catalans\/\",\"url\":\"https:\/\/pladelscatalans.com\/es\/eventos\/comuniones-pla-dels-catalans\/\",\"name\":\"Comuniones - Pla dels Catalans\",\"isPartOf\":{\"@id\":\"https:\/\/pladelscatalans.com\/es\/#website\"},\"primaryImageOfPage\":{\"@id\":\"https:\/\/pladelscatalans.com\/es\/eventos\/comuniones-pla-dels-catalans\/#primaryimage\"},\"image\":{\"@id\":\"https:\/\/pladelscatalans.com\/es\/eventos\/comuniones-pla-dels-catalans\/#primaryimage\"},\"thumbnailUrl\":\"https:\/\/pladelscatalans.com\/wp-content\/uploads\/2020\/02\/masia-pla-dels-catalans-calcotades.jpg\",\"datePublished\":\"2019-02-08T17:08:08+00:00\",\"dateModified\":\"2020-02-24T15:07:46+00:00\",\"description\":\"Pla dels Catalans es el lugar ideal para comuniones inolvidables en la Terras de l'Ebre: espacios \u00fanicos para celebraciones y eventos en L'Aldea.\",\"breadcrumb\":{\"@id\":\"https:\/\/pladelscatalans.com\/es\/eventos\/comuniones-pla-dels-catalans\/#breadcrumb\"},\"inLanguage\":\"es\",\"potentialAction\":[{\"@type\":\"ReadAction\",\"target\":[\"https:\/\/pladelscatalans.com\/es\/eventos\/comuniones-pla-dels-catalans\/\"]}]},{\"@type\":\"ImageObject\",\"inLanguage\":\"es\",\"@id\":\"https:\/\/pladelscatalans.com\/es\/eventos\/comuniones-pla-dels-catalans\/#primaryimage\",\"url\":\"https:\/\/pladelscatalans.com\/wp-content\/uploads\/2020\/02\/masia-pla-dels-catalans-calcotades.jpg\",\"contentUrl\":\"https:\/\/pladelscatalans.com\/wp-content\/uploads\/2020\/02\/masia-pla-dels-catalans-calcotades.jpg\",\"width\":2000,\"height\":1335,\"caption\":\"masia pla dels catalans restaurant esdeveniments tarragona tortosa comunions bodes casaments terres del ebre delta ebre\"},{\"@type\":\"BreadcrumbList\",\"@id\":\"https:\/\/pladelscatalans.com\/es\/eventos\/comuniones-pla-dels-catalans\/#breadcrumb\",\"itemListElement\":[{\"@type\":\"ListItem\",\"position\":1,\"name\":\"Inici\",\"item\":\"https:\/\/pladelscatalans.com\/es\/\"},{\"@type\":\"ListItem\",\"position\":2,\"name\":\"Eventos\",\"item\":\"https:\/\/pladelscatalans.com\/es\/eventos\/\"},{\"@type\":\"ListItem\",\"position\":3,\"name\":\"Comuniones\"}]},{\"@type\":\"WebSite\",\"@id\":\"https:\/\/pladelscatalans.com\/es\/#website\",\"url\":\"https:\/\/pladelscatalans.com\/es\/\",\"name\":\"Pla dels Catalans\",\"description\":\"Escenari singular per a celebracions singulars. Bodes, banquets, convencions i festes.\",\"publisher\":{\"@id\":\"https:\/\/pladelscatalans.com\/es\/#\/schema\/person\/9614a393b04d64415b7cfb071c9e23dd\"},\"potentialAction\":[{\"@type\":\"SearchAction\",\"target\":{\"@type\":\"EntryPoint\",\"urlTemplate\":\"https:\/\/pladelscatalans.com\/es\/?s={search_term_string}\"},\"query-input\":{\"@type\":\"PropertyValueSpecification\",\"valueRequired\":true,\"valueName\":\"search_term_string\"}}],\"inLanguage\":\"es\"},{\"@type\":[\"Person\",\"Organization\"],\"@id\":\"https:\/\/pladelscatalans.com\/es\/#\/schema\/person\/9614a393b04d64415b7cfb071c9e23dd\",\"name\":\"Pla dels Catalans\",\"logo\":{\"@id\":\"https:\/\/pladelscatalans.com\/es\/#\/schema\/person\/image\/\"}}]}<\/script>\n<!-- \/ Yoast SEO plugin. -->","yoast_head_json":{"title":"Comuniones - Pla dels Catalans","description":"Pla dels Catalans es el lugar ideal para comuniones inolvidables en la Terras de l'Ebre: espacios \u00fanicos para celebraciones y eventos en L'Aldea.","robots":{"index":"index","follow":"follow","max-snippet":"max-snippet:-1","max-image-preview":"max-image-preview:large","max-video-preview":"max-video-preview:-1"},"canonical":"https:\/\/pladelscatalans.com\/es\/eventos\/comuniones-pla-dels-catalans\/","og_locale":"es_ES","og_type":"article","og_title":"Comuniones - Pla dels Catalans","og_description":"Pla dels Catalans es el lugar ideal para comuniones inolvidables en la Terras de l'Ebre: espacios \u00fanicos para celebraciones y eventos en L'Aldea.","og_url":"https:\/\/pladelscatalans.com\/es\/eventos\/comuniones-pla-dels-catalans\/","og_site_name":"Pla dels Catalans","article_modified_time":"2020-02-24T15:07:46+00:00","og_image":[{"width":2000,"height":1335,"url":"https:\/\/pladelscatalans.com\/wp-content\/uploads\/2020\/02\/masia-pla-dels-catalans-calcotades.jpg","type":"image\/jpeg"}],"twitter_card":"summary_large_image","twitter_misc":{"Tiempo de lectura":"6 minutos"},"schema":{"@context":"https:\/\/schema.org","@graph":[{"@type":"WebPage","@id":"https:\/\/pladelscatalans.com\/es\/eventos\/comuniones-pla-dels-catalans\/","url":"https:\/\/pladelscatalans.com\/es\/eventos\/comuniones-pla-dels-catalans\/","name":"Comuniones - Pla dels Catalans","isPartOf":{"@id":"https:\/\/pladelscatalans.com\/es\/#website"},"primaryImageOfPage":{"@id":"https:\/\/pladelscatalans.com\/es\/eventos\/comuniones-pla-dels-catalans\/#primaryimage"},"image":{"@id":"https:\/\/pladelscatalans.com\/es\/eventos\/comuniones-pla-dels-catalans\/#primaryimage"},"thumbnailUrl":"https:\/\/pladelscatalans.com\/wp-content\/uploads\/2020\/02\/masia-pla-dels-catalans-calcotades.jpg","datePublished":"2019-02-08T17:08:08+00:00","dateModified":"2020-02-24T15:07:46+00:00","description":"Pla dels Catalans es el lugar ideal para comuniones inolvidables en la Terras de l'Ebre: espacios \u00fanicos para celebraciones y eventos en L'Aldea.","breadcrumb":{"@id":"https:\/\/pladelscatalans.com\/es\/eventos\/comuniones-pla-dels-catalans\/#breadcrumb"},"inLanguage":"es","potentialAction":[{"@type":"ReadAction","target":["https:\/\/pladelscatalans.com\/es\/eventos\/comuniones-pla-dels-catalans\/"]}]},{"@type":"ImageObject","inLanguage":"es","@id":"https:\/\/pladelscatalans.com\/es\/eventos\/comuniones-pla-dels-catalans\/#primaryimage","url":"https:\/\/pladelscatalans.com\/wp-content\/uploads\/2020\/02\/masia-pla-dels-catalans-calcotades.jpg","contentUrl":"https:\/\/pladelscatalans.com\/wp-content\/uploads\/2020\/02\/masia-pla-dels-catalans-calcotades.jpg","width":2000,"height":1335,"caption":"masia pla dels catalans restaurant esdeveniments tarragona tortosa comunions bodes casaments terres del ebre delta ebre"},{"@type":"BreadcrumbList","@id":"https:\/\/pladelscatalans.com\/es\/eventos\/comuniones-pla-dels-catalans\/#breadcrumb","itemListElement":[{"@type":"ListItem","position":1,"name":"Inici","item":"https:\/\/pladelscatalans.com\/es\/"},{"@type":"ListItem","position":2,"name":"Eventos","item":"https:\/\/pladelscatalans.com\/es\/eventos\/"},{"@type":"ListItem","position":3,"name":"Comuniones"}]},{"@type":"WebSite","@id":"https:\/\/pladelscatalans.com\/es\/#website","url":"https:\/\/pladelscatalans.com\/es\/","name":"Pla dels Catalans","description":"Escenari singular per a celebracions singulars. Bodes, banquets, convencions i festes.","publisher":{"@id":"https:\/\/pladelscatalans.com\/es\/#\/schema\/person\/9614a393b04d64415b7cfb071c9e23dd"},"potentialAction":[{"@type":"SearchAction","target":{"@type":"EntryPoint","urlTemplate":"https:\/\/pladelscatalans.com\/es\/?s={search_term_string}"},"query-input":{"@type":"PropertyValueSpecification","valueRequired":true,"valueName":"search_term_string"}}],"inLanguage":"es"},{"@type":["Person","Organization"],"@id":"https:\/\/pladelscatalans.com\/es\/#\/schema\/person\/9614a393b04d64415b7cfb071c9e23dd","name":"Pla dels Catalans","logo":{"@id":"https:\/\/pladelscatalans.com\/es\/#\/schema\/person\/image\/"}}]}},"_links":{"self":[{"href":"https:\/\/pladelscatalans.com\/es\/wp-json\/wp\/v2\/pages\/4313","targetHints":{"allow":["GET"]}}],"collection":[{"href":"https:\/\/pladelscatalans.com\/es\/wp-json\/wp\/v2\/pages"}],"about":[{"href":"https:\/\/pladelscatalans.com\/es\/wp-json\/wp\/v2\/types\/page"}],"author":[{"embeddable":true,"href":"https:\/\/pladelscatalans.com\/es\/wp-json\/wp\/v2\/users\/1"}],"replies":[{"embeddable":true,"href":"https:\/\/pladelscatalans.com\/es\/wp-json\/wp\/v2\/comments?post=4313"}],"version-history":[{"count":2,"href":"https:\/\/pladelscatalans.com\/es\/wp-json\/wp\/v2\/pages\/4313\/revisions"}],"predecessor-version":[{"id":5424,"href":"https:\/\/pladelscatalans.com\/es\/wp-json\/wp\/v2\/pages\/4313\/revisions\/5424"}],"up":[{"embeddable":true,"href":"https:\/\/pladelscatalans.com\/es\/wp-json\/wp\/v2\/pages\/2865"}],"wp:featuredmedia":[{"embeddable":true,"href":"https:\/\/pladelscatalans.com\/es\/wp-json\/wp\/v2\/media\/5253"}],"wp:attachment":[{"href":"https:\/\/pladelscatalans.com\/es\/wp-json\/wp\/v2\/media?parent=4313"}],"curies":[{"name":"wp","href":"https:\/\/api.w.org\/{rel}","templated":true}]}}