{"id":4294,"date":"2019-02-11T15:55:48","date_gmt":"2019-02-11T14:55:48","guid":{"rendered":"http:\/\/pladelscatalans.com\/informacio-contacte\/"},"modified":"2019-02-14T20:58:02","modified_gmt":"2019-02-14T19:58:02","slug":"informacion-comuniones","status":"publish","type":"page","link":"https:\/\/pladelscatalans.com\/es\/eventos\/comuniones-pla-dels-catalans\/informacion-comuniones\/","title":{"rendered":"Informaci\u00f3n comuniones"},"content":{"rendered":"[vc_row full_width=\u00bbstretch_row\u00bb][vc_column width=\u00bb1\/2&#8243; css=\u00bb.vc_custom_1442756448151{padding-top: 3% !important;padding-bottom: 3% !important;}\u00bb]<h2 class=\"calluna-heading calluna-heading-single-line text-align-left \" ><span>Comuniones Pla dels Catalans<\/span><\/h2>[vc_column_text]<p class=\"teaser\" style=\"color:# 444444; text-align:left;\"><\/p> Muchas gracias por pensar en nosotros para esta ocasi\u00f3n tan especial.<br \/>\nContactaremos con usted en d\u00edas laborables, despu\u00e9s de recibir la petici\u00f3n a la direcci\u00f3n de correo que nos haya facilitado, para gestionarlo y solicitar sus datos. [\/ cl_teaser]\n<p class=\"teaser\" style=\"color:# 444444; text-align:left;\"><\/p> Celebre con nosotros un d\u00eda tan especial como es la Primera Eucarist\u00eda y los m\u00e1s peque\u00f1os sabr\u00e1n que ellos son los protagonistas.<br \/>\nEn el Restaurante Mas\u00eda Pla dels Catalans lo pasar\u00e1n pipa! [\/ cl_teaser][\/vc_column_text][vc_single_image image=\u00bb2726&#8243; img_size=\u00bbfull\u00bb][\/vc_column][vc_column width=\u00bb1\/2&#8243; style=\u00bbcolumn-style-2&#8243; css=\u00bb.vc_custom_1549898384958{background-color: #ededed !important;}\u00bb]<h2 class=\"calluna-heading calluna-heading-single-line text-align-left \" ><span>Formulario de contacto<\/span><\/h2>\n<div class=\"wpcf7 no-js\" id=\"wpcf7-f2467-o1\" lang=\"es-ES\" dir=\"ltr\" data-wpcf7-id=\"2467\">\n<div class=\"screen-reader-response\"><p role=\"status\" aria-live=\"polite\" aria-atomic=\"true\"><\/p> <ul><\/ul><\/div>\n<form action=\"\/es\/wp-json\/wp\/v2\/pages\/4294#wpcf7-f2467-o1\" method=\"post\" class=\"wpcf7-form init\" aria-label=\"Formulario de contacto\" novalidate=\"novalidate\" data-status=\"init\">\n<fieldset class=\"hidden-fields-container\"><input type=\"hidden\" name=\"_wpcf7\" value=\"2467\" \/><input type=\"hidden\" name=\"_wpcf7_version\" value=\"6.1.4\" \/><input type=\"hidden\" name=\"_wpcf7_locale\" value=\"es_ES\" \/><input type=\"hidden\" name=\"_wpcf7_unit_tag\" value=\"wpcf7-f2467-o1\" \/><input type=\"hidden\" name=\"_wpcf7_container_post\" value=\"0\" \/><input type=\"hidden\" name=\"_wpcf7_posted_data_hash\" value=\"\" \/><input type=\"hidden\" name=\"_wpcf7_recaptcha_response\" value=\"\" \/>\n<\/fieldset>\n<div class=\"row\">\n  <div class=\"col-sm-6\">\n    <div class=\"form-group nombre\"><label class=\"\">Nombre <span class=\"required\">*<\/span><\/label><input class=\"wpcf7-form-control wpcf7-text wpcf7-validates-as-required form-control\" name=\"nombre\" type=\"text\" value=\"\" aria-invalid=\"false\" aria-required=\"true\" required><\/div>\n  <\/div>\n  <div class=\"col-sm-6\">\n    <div class=\"form-group telefonoes\"><label class=\"\">Tel\u00e9fono <span class=\"required\">*<\/span><\/label><input class=\"wpcf7-form-control wpcf7-text wpcf7-validates-as-required form-control\" name=\"telefonoes\" type=\"text\" value=\"\" aria-invalid=\"false\" aria-required=\"true\" required><\/div>\n  <\/div>\n<\/div>\n\n<div class=\"row\">\n  <div class=\"col-sm-6\">\n    <div class=\"form-group email\"><label class=\"\">E-Mail <span class=\"required\">*<\/span><\/label><input class=\"wpcf7-form-control wpcf7-email wpcf7-validates-as-required wpcf7-text wpcf7-validates-as-email form-control\" name=\"email\" type=\"text\" value=\"\" aria-invalid=\"false\" aria-required=\"true\" required><\/div> \n  <\/div>\n  <div class=\"col-sm-6\">\n<div class=\"form-group emailcon\"><label class=\"\">E-Mail de confirmaci\u00f3n<\/label><input class=\"wpcf7-form-control wpcf7-email wpcf7-text wpcf7-validates-as-email form-control\" name=\"emailcon\" type=\"text\" value=\"\" aria-invalid=\"false\"><\/div> \n  <\/div>\n<\/div>\n\n<div class=\"row\">\n  <div class=\"col-sm-12\">\n<div class=\"form-group mensaje\"><label class=\"\">Mensaje <span class=\"required\">*<\/span><\/label><textarea class=\"wpcf7-form-control wpcf7-textarea wpcf7-validates-as-required form-control\" name=\"mensaje\" rows=\"4\" aria-invalid=\"false\" aria-required=\"true\" required><\/textarea><\/div>\n <\/div>\n\n<\/div>\n<div class=\"row\">\n  <div class=\"col-sm-6\">\n<div class=\"form-group wpcf7-form-control wpcf7-checkbox wpcf7-validates-as-required checkbox-189\"><div class=\"checkbox wpcf7-form-control wpcf7-checkbox wpcf7-validates-as-required checkbox-189\"><label ><input name=\"checkbox-189\" type=\"checkbox\" value=\"He le\u00eddo y acepto la Pol\u00edtica de privacidad .\" aria-invalid=\"false\" aria-required=\"true\" required>He le\u00eddo y acepto la Pol\u00edtica de privacidad .<\/label><\/div><\/div>\n  <\/div>\n  <div class=\"col-sm-6\">\n<div class=\"form-group wpcf7-form-control wpcf7-checkbox checkbox-189\"><div class=\"checkbox wpcf7-form-control wpcf7-checkbox checkbox-189\"><label ><input name=\"checkbox-189\" type=\"checkbox\" value=\"S\u00ed, quiero recibir informaci\u00f3n y publicidad de las empresas pertenecientes a VILLARETIRO GRUP.\" aria-invalid=\"false\">S\u00ed, quiero recibir informaci\u00f3n y publicidad de las empresas pertenecientes a VILLARETIRO GRUP.<\/label><\/div><\/div>\n  <\/div>\n<\/div>\n\n\n<div class=\"row\">\n  <div class=\"col-sm-6\">\n    <div class=\"btn-primary-container\">\n     <div class=\"form-group\"><div><input class=\"wpcf7-form-control wpcf7-submit btn btn-primary style-2\" type=\"submit\" value=\"Enviar\"><\/div><\/div>\n    <\/div>\n  <\/div>\n<\/div>\n<button\nclass=\"g-recaptcha\"\ndata-sitekey=\"6LeT9zYUAAAAAN79bx9po2BSHoEUOUvCyjZQmpn9\"\ndata-callback=\"YourOnSubmitFn\">\n<\/button><p style=\"display: none !important;\" class=\"akismet-fields-container\" data-prefix=\"_wpcf7_ak_\"><label>&#916;<textarea name=\"_wpcf7_ak_hp_textarea\" cols=\"45\" rows=\"8\" maxlength=\"100\"><\/textarea><\/label><input type=\"hidden\" id=\"ak_js_1\" name=\"_wpcf7_ak_js\" value=\"18\"\/><script>document.getElementById( \"ak_js_1\" ).setAttribute( \"value\", ( new Date() ).getTime() );<\/script><\/p><input type='hidden' class='wpcf7-pum' value='{\"closepopup\":false,\"closedelay\":0,\"openpopup\":false,\"openpopup_id\":0}' \/><div class=\"wpcf7-response-output alert alert-warning\"><\/div>\n<\/form>\n<\/div>\n[\/vc_column][\/vc_row][vc_row full_width=\u00bbstretch_row\u00bb css=\u00bb.vc_custom_1457438896520{padding-top: 3% !important;padding-bottom: 3% !important;}\u00bb][vc_column width=\u00bb1\/3&#8243;]\n        <div class=\"calluna-icon-box clr calluna-icon-box-four align-center\">\n                            <img decoding=\"async\" class=\"calluna-icon-box-four-img-alt\" src=\"https:\/\/pladelscatalans.com\/wp-content\/uploads\/2015\/09\/direccio-masia-pla-dels-catalans.png\" alt=\"DIRECCI\u00d3N\" style=\"width:80px;\" \/>\n                            <h4 class=\"calluna-icon-box-four-heading text-transform-capitalize\" style=color:#444444;font-size:20px;letter-spacing:1px;>\n                    DIRECCI\u00d3N                <\/h4>\n                            <div class=\"calluna-icon-box-four-content clr\">\n                    <p>Ctra. Tortosa &#8211; L&#8217;Aldea, Km. 11&#8217;5<br \/>\nSortida 40 de la AP-7<br \/>\n43896 L&#8217;Aldea (Tarragona)<\/p>\n                <\/div>\n                    <\/div>\n        \n        [\/vc_column][vc_column width=\u00bb1\/3&#8243;]\n        <div class=\"calluna-icon-box clr calluna-icon-box-four align-center\">\n                            <img decoding=\"async\" class=\"calluna-icon-box-four-img-alt\" src=\"https:\/\/pladelscatalans.com\/wp-content\/uploads\/2015\/09\/telefono-masia-pla-dels-catalans.png\" alt=\"TEL\u00c9FONO\" style=\"width:80px;\" \/>\n                            <h4 class=\"calluna-icon-box-four-heading text-transform-capitalize\" style=color:#444444;>\n                    TEL\u00c9FONO                <\/h4>\n                            <div class=\"calluna-icon-box-four-content clr\">\n                    <p>24\/7 Reserva telef\u00f3nica<br \/>\nTlfn: 977 450 003<br \/>\nFax: 977 450 051<\/p>\n                <\/div>\n                    <\/div>\n        \n        [\/vc_column][vc_column width=\u00bb1\/3&#8243;]\n        <div class=\"calluna-icon-box clr calluna-icon-box-four align-center\">\n                            <img decoding=\"async\" class=\"calluna-icon-box-four-img-alt\" src=\"https:\/\/pladelscatalans.com\/wp-content\/uploads\/2015\/09\/email-masia-pla-dels-catalans.png\" alt=\"E-MAIL\" style=\"width:80px;\" \/>\n                            <h4 class=\"calluna-icon-box-four-heading text-transform-capitalize\" style=color:#444444;>\n                    E-MAIL                <\/h4>\n                            <div class=\"calluna-icon-box-four-content clr\">\n                    <p>Reserva ahora por email a:<br \/>\ninfo@pladelscatalans.com<\/p>\n                <\/div>\n                    <\/div>\n        \n        [\/vc_column][\/vc_row][vc_row full_width=\u00bbstretch_row_content\u00bb css=\u00bb.vc_custom_1550083509233{margin-right: 10% !important;margin-left: 20% !important;padding-top: 3% !important;padding-bottom: 3% !important;background-color: #f2f2f2 !important;}\u00bb][vc_column css=\u00bb.vc_custom_1550083526264{margin-left: 50px !important;}\u00bb][vc_column_text]Aviso Legal<\/p>\n<p>Responsable: MASIA PLA DELS CATALANS S.L<\/p>\n<p>Finalidad: Enviar la informaci\u00f3n solicitada, gestionar los productos o servicios solicitados y, cuando nos autorices, llegar informaci\u00f3n y publicidad de las empresas pertenecientes a VILLARETIRO GRUP que pueda ser de tu inter\u00e9s.<\/p>\n<p>Legitimaci\u00f3n: Para la ejecuci\u00f3n de un contrato o por la aplicaci\u00f3n de medidas precontractuales. Consentimiento del interesado.<\/p>\n<p>Destinatarios: Tus datos personales podr\u00e1n ser comunicados a las empresas pertenecientes a VILLARETIRO GRUP. S\u00f3lo ser\u00e1n comunicados a terceros ajenos a nuestro grupo de empresas cuando sea estrictamente necesario para el desarrollo de los servicios contratados, para el buen funcionamiento empresarial o por obligaci\u00f3n legal.<\/p>\n<p>Derechos: Acceso, rectificaci\u00f3n y supresi\u00f3n, limitaci\u00f3n del tratamiento, portabilidad de los datos, oposici\u00f3n y decisiones individuales automatizadas.<\/p>\n<p>Informaci\u00f3n adicional: Puedes consultar la informaci\u00f3n adicional y detallada sobre Protecci\u00f3n de Datos en nuestra Pol\u00edtica de privacidad.[\/vc_column_text][vc_empty_space][\/vc_column][\/vc_row]\n","protected":false},"excerpt":{"rendered":"<p>[vc_row full_width=\u00bbstretch_row\u00bb][vc_column width=\u00bb1\/2&#8243; css=\u00bb.vc_custom_1442756448151{padding-top: 3% !important;padding-bottom: 3% !important;}\u00bb][vc_column_text] Muchas gracias por pensar en nosotros para esta ocasi\u00f3n tan especial. Contactaremos con usted en d\u00edas laborables, despu\u00e9s de recibir la petici\u00f3n a la direcci\u00f3n de correo que nos haya facilitado, para gestionarlo y solicitar sus datos. [\/ cl_teaser] Celebre con nosotros un d\u00eda tan especial como [&hellip;]<\/p>\n","protected":false},"author":1,"featured_media":0,"parent":4313,"menu_order":0,"comment_status":"closed","ping_status":"closed","template":"","meta":{"footnotes":""},"class_list":["post-4294","page","type-page","status-publish","hentry"],"yoast_head":"<!-- This site is optimized with the Yoast SEO plugin v26.1.1 - https:\/\/yoast.com\/wordpress\/plugins\/seo\/ -->\n<title>Informaci\u00f3n comuniones - Pla dels Catalans<\/title>\n<meta name=\"robots\" content=\"index, follow, max-snippet:-1, max-image-preview:large, max-video-preview:-1\" \/>\n<link rel=\"canonical\" href=\"https:\/\/pladelscatalans.com\/es\/eventos\/comuniones-pla-dels-catalans\/informacion-comuniones\/\" \/>\n<meta property=\"og:locale\" content=\"es_ES\" \/>\n<meta property=\"og:type\" content=\"article\" \/>\n<meta property=\"og:title\" content=\"Informaci\u00f3n comuniones - Pla dels Catalans\" \/>\n<meta property=\"og:description\" content=\"[vc_row full_width=\u00bbstretch_row\u00bb][vc_column width=\u00bb1\/2&#8243; css=\u00bb.vc_custom_1442756448151{padding-top: 3% !important;padding-bottom: 3% !important;}\u00bb][vc_column_text] Muchas gracias por pensar en nosotros para esta ocasi\u00f3n tan especial. Contactaremos con usted en d\u00edas laborables, despu\u00e9s de recibir la petici\u00f3n a la direcci\u00f3n de correo que nos haya facilitado, para gestionarlo y solicitar sus datos. [\/ cl_teaser] Celebre con nosotros un d\u00eda tan especial como [&hellip;]\" \/>\n<meta property=\"og:url\" content=\"https:\/\/pladelscatalans.com\/es\/eventos\/comuniones-pla-dels-catalans\/informacion-comuniones\/\" \/>\n<meta property=\"og:site_name\" content=\"Pla dels Catalans\" \/>\n<meta property=\"article:modified_time\" content=\"2019-02-14T19:58:02+00:00\" \/>\n<meta name=\"twitter:card\" content=\"summary_large_image\" \/>\n<meta name=\"twitter:label1\" content=\"Tiempo de lectura\" \/>\n\t<meta name=\"twitter:data1\" content=\"2 minutos\" \/>\n<script type=\"application\/ld+json\" class=\"yoast-schema-graph\">{\"@context\":\"https:\/\/schema.org\",\"@graph\":[{\"@type\":\"WebPage\",\"@id\":\"https:\/\/pladelscatalans.com\/es\/eventos\/comuniones-pla-dels-catalans\/informacion-comuniones\/\",\"url\":\"https:\/\/pladelscatalans.com\/es\/eventos\/comuniones-pla-dels-catalans\/informacion-comuniones\/\",\"name\":\"Informaci\u00f3n comuniones - Pla dels Catalans\",\"isPartOf\":{\"@id\":\"https:\/\/pladelscatalans.com\/es\/#website\"},\"datePublished\":\"2019-02-11T14:55:48+00:00\",\"dateModified\":\"2019-02-14T19:58:02+00:00\",\"breadcrumb\":{\"@id\":\"https:\/\/pladelscatalans.com\/es\/eventos\/comuniones-pla-dels-catalans\/informacion-comuniones\/#breadcrumb\"},\"inLanguage\":\"es\",\"potentialAction\":[{\"@type\":\"ReadAction\",\"target\":[\"https:\/\/pladelscatalans.com\/es\/eventos\/comuniones-pla-dels-catalans\/informacion-comuniones\/\"]}]},{\"@type\":\"BreadcrumbList\",\"@id\":\"https:\/\/pladelscatalans.com\/es\/eventos\/comuniones-pla-dels-catalans\/informacion-comuniones\/#breadcrumb\",\"itemListElement\":[{\"@type\":\"ListItem\",\"position\":1,\"name\":\"Inici\",\"item\":\"https:\/\/pladelscatalans.com\/es\/\"},{\"@type\":\"ListItem\",\"position\":2,\"name\":\"Eventos\",\"item\":\"https:\/\/pladelscatalans.com\/es\/eventos\/\"},{\"@type\":\"ListItem\",\"position\":3,\"name\":\"Comuniones\",\"item\":\"https:\/\/pladelscatalans.com\/es\/eventos\/comuniones-pla-dels-catalans\/\"},{\"@type\":\"ListItem\",\"position\":4,\"name\":\"Informaci\u00f3n comuniones\"}]},{\"@type\":\"WebSite\",\"@id\":\"https:\/\/pladelscatalans.com\/es\/#website\",\"url\":\"https:\/\/pladelscatalans.com\/es\/\",\"name\":\"Pla dels Catalans\",\"description\":\"Escenari singular per a celebracions singulars. Bodes, banquets, convencions i festes.\",\"publisher\":{\"@id\":\"https:\/\/pladelscatalans.com\/es\/#\/schema\/person\/9614a393b04d64415b7cfb071c9e23dd\"},\"potentialAction\":[{\"@type\":\"SearchAction\",\"target\":{\"@type\":\"EntryPoint\",\"urlTemplate\":\"https:\/\/pladelscatalans.com\/es\/?s={search_term_string}\"},\"query-input\":{\"@type\":\"PropertyValueSpecification\",\"valueRequired\":true,\"valueName\":\"search_term_string\"}}],\"inLanguage\":\"es\"},{\"@type\":[\"Person\",\"Organization\"],\"@id\":\"https:\/\/pladelscatalans.com\/es\/#\/schema\/person\/9614a393b04d64415b7cfb071c9e23dd\",\"name\":\"Pla dels Catalans\",\"logo\":{\"@id\":\"https:\/\/pladelscatalans.com\/es\/#\/schema\/person\/image\/\"}}]}<\/script>\n<!-- \/ Yoast SEO plugin. -->","yoast_head_json":{"title":"Informaci\u00f3n comuniones - Pla dels Catalans","robots":{"index":"index","follow":"follow","max-snippet":"max-snippet:-1","max-image-preview":"max-image-preview:large","max-video-preview":"max-video-preview:-1"},"canonical":"https:\/\/pladelscatalans.com\/es\/eventos\/comuniones-pla-dels-catalans\/informacion-comuniones\/","og_locale":"es_ES","og_type":"article","og_title":"Informaci\u00f3n comuniones - Pla dels Catalans","og_description":"[vc_row full_width=\u00bbstretch_row\u00bb][vc_column width=\u00bb1\/2&#8243; css=\u00bb.vc_custom_1442756448151{padding-top: 3% !important;padding-bottom: 3% !important;}\u00bb][vc_column_text] Muchas gracias por pensar en nosotros para esta ocasi\u00f3n tan especial. Contactaremos con usted en d\u00edas laborables, despu\u00e9s de recibir la petici\u00f3n a la direcci\u00f3n de correo que nos haya facilitado, para gestionarlo y solicitar sus datos. [\/ cl_teaser] Celebre con nosotros un d\u00eda tan especial como [&hellip;]","og_url":"https:\/\/pladelscatalans.com\/es\/eventos\/comuniones-pla-dels-catalans\/informacion-comuniones\/","og_site_name":"Pla dels Catalans","article_modified_time":"2019-02-14T19:58:02+00:00","twitter_card":"summary_large_image","twitter_misc":{"Tiempo de lectura":"2 minutos"},"schema":{"@context":"https:\/\/schema.org","@graph":[{"@type":"WebPage","@id":"https:\/\/pladelscatalans.com\/es\/eventos\/comuniones-pla-dels-catalans\/informacion-comuniones\/","url":"https:\/\/pladelscatalans.com\/es\/eventos\/comuniones-pla-dels-catalans\/informacion-comuniones\/","name":"Informaci\u00f3n comuniones - Pla dels Catalans","isPartOf":{"@id":"https:\/\/pladelscatalans.com\/es\/#website"},"datePublished":"2019-02-11T14:55:48+00:00","dateModified":"2019-02-14T19:58:02+00:00","breadcrumb":{"@id":"https:\/\/pladelscatalans.com\/es\/eventos\/comuniones-pla-dels-catalans\/informacion-comuniones\/#breadcrumb"},"inLanguage":"es","potentialAction":[{"@type":"ReadAction","target":["https:\/\/pladelscatalans.com\/es\/eventos\/comuniones-pla-dels-catalans\/informacion-comuniones\/"]}]},{"@type":"BreadcrumbList","@id":"https:\/\/pladelscatalans.com\/es\/eventos\/comuniones-pla-dels-catalans\/informacion-comuniones\/#breadcrumb","itemListElement":[{"@type":"ListItem","position":1,"name":"Inici","item":"https:\/\/pladelscatalans.com\/es\/"},{"@type":"ListItem","position":2,"name":"Eventos","item":"https:\/\/pladelscatalans.com\/es\/eventos\/"},{"@type":"ListItem","position":3,"name":"Comuniones","item":"https:\/\/pladelscatalans.com\/es\/eventos\/comuniones-pla-dels-catalans\/"},{"@type":"ListItem","position":4,"name":"Informaci\u00f3n comuniones"}]},{"@type":"WebSite","@id":"https:\/\/pladelscatalans.com\/es\/#website","url":"https:\/\/pladelscatalans.com\/es\/","name":"Pla dels Catalans","description":"Escenari singular per a celebracions singulars. Bodes, banquets, convencions i festes.","publisher":{"@id":"https:\/\/pladelscatalans.com\/es\/#\/schema\/person\/9614a393b04d64415b7cfb071c9e23dd"},"potentialAction":[{"@type":"SearchAction","target":{"@type":"EntryPoint","urlTemplate":"https:\/\/pladelscatalans.com\/es\/?s={search_term_string}"},"query-input":{"@type":"PropertyValueSpecification","valueRequired":true,"valueName":"search_term_string"}}],"inLanguage":"es"},{"@type":["Person","Organization"],"@id":"https:\/\/pladelscatalans.com\/es\/#\/schema\/person\/9614a393b04d64415b7cfb071c9e23dd","name":"Pla dels Catalans","logo":{"@id":"https:\/\/pladelscatalans.com\/es\/#\/schema\/person\/image\/"}}]}},"_links":{"self":[{"href":"https:\/\/pladelscatalans.com\/es\/wp-json\/wp\/v2\/pages\/4294","targetHints":{"allow":["GET"]}}],"collection":[{"href":"https:\/\/pladelscatalans.com\/es\/wp-json\/wp\/v2\/pages"}],"about":[{"href":"https:\/\/pladelscatalans.com\/es\/wp-json\/wp\/v2\/types\/page"}],"author":[{"embeddable":true,"href":"https:\/\/pladelscatalans.com\/es\/wp-json\/wp\/v2\/users\/1"}],"replies":[{"embeddable":true,"href":"https:\/\/pladelscatalans.com\/es\/wp-json\/wp\/v2\/comments?post=4294"}],"version-history":[{"count":2,"href":"https:\/\/pladelscatalans.com\/es\/wp-json\/wp\/v2\/pages\/4294\/revisions"}],"predecessor-version":[{"id":4321,"href":"https:\/\/pladelscatalans.com\/es\/wp-json\/wp\/v2\/pages\/4294\/revisions\/4321"}],"up":[{"embeddable":true,"href":"https:\/\/pladelscatalans.com\/es\/wp-json\/wp\/v2\/pages\/4313"}],"wp:attachment":[{"href":"https:\/\/pladelscatalans.com\/es\/wp-json\/wp\/v2\/media?parent=4294"}],"curies":[{"name":"wp","href":"https:\/\/api.w.org\/{rel}","templated":true}]}}