{"id":3334,"date":"2017-04-05T11:34:45","date_gmt":"2017-04-05T09:34:45","guid":{"rendered":"http:\/\/pladelscatalans.com\/?page_id=3334&#038;lang=es"},"modified":"2018-07-30T18:56:13","modified_gmt":"2018-07-30T16:56:13","slug":"nota-legal","status":"publish","type":"page","link":"https:\/\/pladelscatalans.com\/es\/nota-legal\/","title":{"rendered":"Nota legal"},"content":{"rendered":"[vc_row][vc_column width=\u00bb1\/2&#8243;][vc_column_text]\n<h2><strong>Nota legal<\/strong><\/h2>\n<p>Te damos la bienvenida a este espacio, donde podr\u00e1s encontrar toda la informaci\u00f3n relativa a los t\u00e9rminos y condiciones legales que definen las relaciones entre los usuarios y nosotros como responsables de esta web. Como usuario, es importante que conozcas estos t\u00e9rminos antes de continuar tu navegaci\u00f3n.<\/p>\n<p>En cumplimiento con el establecido al art\u00edculo 10 de la Ley 34\/2002, de 11 de julio, de Servicios de la Sociedad de la Informaci\u00f3n y del Comercio Electr\u00f3nico (LSSI), a continuaci\u00f3n te informamos de los datos identificativos del titular de esta p\u00e1gina web.<\/p>\n<p>Denominaci\u00f3n fiscal:<\/p>\n<p>MAS\u00cdA PLA DELS CATALANS S.L<\/p>\n<p>N\u00famero de identificaci\u00f3n fiscal:<\/p>\n<p>B-43733294<\/p>\n<p>Domicilio fiscal:<br \/>\nAvda. Catalunya, 328, 43896 L\u2019Aldea (Tarragona)<\/p>\n<p>Correo electr\u00f3nico:<\/p>\n<p>info@pladelscatalans.com<\/p>\n<p>Pagina web:<\/p>\n<p>www.pladelscatalans.com<\/p>\n<p>Tel\u00e9fono: +34 977473810<br \/>\nFax: +34 977473320<\/p>\n<p>Datos de inscripci\u00f3n en el registro mercantil:<\/p>\n<p>Avda. Catalunya, 328, 43896 L\u2019Aldea (Tarragona)<\/p>\n<p>Incrita en el Registro Mercantil de Tarragona: Tomo 1904 Libro 0 Folio 47 Seccion 8 Hoja T27271 Inscripcion 1\u00aa Fecha 17\/11\/2003 NIRTC HTE-000810[\/vc_column_text][\/vc_column][vc_column width=\u00bb1\/2&#8243; css=\u00bb.vc_custom_1528452202352{padding-top: 16% !important;}\u00bb][vc_column_text]\n<p>Este sitio web ha sido creado con car\u00e1cter informativo y para uso personal de los usuarios mayores de 16 a\u00f1os. Si eres menor de 16 a\u00f1os y has accedido a este sitio web sin avisar a tus padres no debes registrarte como usuario.<\/p>\n<p>El simple acceso a este sitio web no supone entablar ning\u00fan tipo de relaci\u00f3n comercial entre MAS\u00cdA PLA DELS CATALANS S.L y el usuario.<\/p>\n<p>HOMAS\u00cdA PLA DELS CATALANS S.L no puede garantizar que el web y el servidor est\u00e9n libres de virus. No se hace responsable de los posibles da\u00f1os o perjuicios que se puedan derivar de interferencias, omisiones, interrupciones, virus inform\u00e1ticos, aver\u00edas o desconexiones en el funcionamiento de este sistema electr\u00f3nico, motivados por causas ajenas a MAS\u00cdA PLA DELS CATALANS S.L. Tampoco se hace responsable de los retrasos o bloqueos causados por deficiencias o sobrecargas de l\u00edneas telef\u00f3nicas o sobrecargas en el sistema de acceso a Internet o en otros sistemas electr\u00f3nicos, ni de los da\u00f1os que puedan ser causados por terceras personas mediante intromisiones ileg\u00edtimas fuera del control de MAS\u00cdA PLA DELS CATALANS S.L<br \/>\nMAS\u00cdA PLA DELS CATALANS S.L no se hace responsable de la informaci\u00f3n que se puede obtener a trav\u00e9s de enlaces de terceros incluidos en el lugar.<\/p>\n<p>MAS\u00cdA PLA DELS CATALANS S.L se reserva el derecho a modificar unilateralmente, en cualquier momento y sin aviso previo, la presentaci\u00f3n, configuraci\u00f3n y contenidos del web, las condiciones de uso, la pol\u00edtica de privacidad y cookies, as\u00ed como la oferta de productos y servicios ofrecidos a trav\u00e9s de la web.<\/p>\n<p>El titular del sitio web puede ofrecer servicios o productos que podr\u00e1n encontrarse sometidos a unas condiciones particulares propias que, seg\u00fan los casos, sustituyan, completen y\/o modifiquen las presentes condiciones, y sobre las cuales se informar\u00e1 al usuario en cada caso concreto.<\/p>\n<p>Para cualquier sugerencia, consulta, queja o reclamaci\u00f3n pod\u00e9is contactar con nosotros por e-mail ( info@pladelscatalans.com), o mediante el env\u00edo de una comunicaci\u00f3n por escrito a: Avda. Catalunya, 328, 43896 L\u2019Aldea (Tarragona)<\/p>\n[\/vc_column_text][\/vc_column][\/vc_row][vc_row full_width=\u00bbstretch_row_content\u00bb css=\u00bb.vc_custom_1532961199391{margin-top: 8% !important;margin-bottom: 8% !important;padding-right: 8% !important;padding-left: 8% !important;background-color: #f2f2f2 !important;}\u00bb][vc_column width=\u00bb1\/2&#8243;][vc_column_text]\n<h2><strong>Aceptaci\u00f3n de las condiciones generales de uso de la web<\/strong><\/h2>\n<p>Los t\u00e9rminos y condiciones que se indican a continuaci\u00f3n regulan el acceso y el uso de esta la web, gestionada por MAS\u00cdA PLA DELS CATALANS S.L. El acceso y la navegaci\u00f3n por esta web, implican la conformidad con las presentes condiciones generales de uso.[\/vc_column_text][vc_column_text]\n<p>En caso de que cualquier cl\u00e1usula incluida en estas condiciones fuera declarada, total o parcialmente, nula o ineficaz, la nulidad o ineficacia afectar\u00e1 tan s\u00f3lo a esta disposici\u00f3n o a la parte de la misma que resulte nula o ineficaz, y se tendr\u00e1 por no puesta sin que esto afecte al resto de las cl\u00e1usulas.<\/p>\n<p>Resultar\u00e1 de aplicaci\u00f3n la legislaci\u00f3n espa\u00f1ola y ser\u00e1n competentes para conocer las controversias que se deriven de la interpretaci\u00f3n o aplicaci\u00f3n de estas cl\u00e1usulas los Juzgados y Tribunales del domicilio del usuario.<br \/>\n[\/vc_column_text][vc_column_text]Propiedad Intelectual<\/p>\n<p>odos los contenidos, obras, marcas, gr\u00e1ficos, logos, iconos, dibujos, etc. de esta p\u00e1gina web, se encuentran protegidos por los derechos de propiedad intelectual e industrial que son expresamente reservados por MAS\u00cdA PLA DELS CATALANS S.L o, si procede, por las personas o empresas que figuran como autores o titulares de los derechos. No es permitido de copiar ni de transmitir el contenido, salvo que se trate de un uso personal y no comercial.<\/p>\n<p>El hecho de utilizar y de acceder en la nuestro p\u00e1gina web no otorga ninguna licencia ni derecho de uso de cualquier de las marcas presentes.<\/p>\n[\/vc_column_text][vc_column_text]Pol\u00edtica de comentarios<\/p>\n<p>En nuestra web NO se permiten realizar comentarios para enriquecer los contenidos y realizar consultas.<\/p>\n<p>No se admitir\u00e1n comentarios que no est\u00e9n relacionados con la tem\u00e1tica de esta web, que incluyan difamaciones, agravios, insultos, ataques personales o faltas de respeto en general hacia el autor o hacia otros miembros. Estos comentarios ser\u00e1n suprimidos por los administradores de la web.<\/p>\n<p>Tambi\u00e9n ser\u00e1n suprimidos los comentarios que contengan informaci\u00f3n que sea obviamente enga\u00f1osa o falsa, as\u00ed como los comentarios que contengan informaci\u00f3n personal, como, por ejemplo, domicilios privado o tel\u00e9fonos y que vulneren nuestra pol\u00edtica de protecci\u00f3n de datos.<\/p>\n<p>Se desestimar\u00e1, igualmente, aquellos comentarios creados s\u00f3lo con fines promocionales de una web, persona o colectivo y todo lo que pueda ser considerado spam en general.<\/p>\n<p>No se permiten comentarios an\u00f3nimos, as\u00ed como aquellos realizados por una misma persona con distintos apodos. No se considerar\u00e1n tampoco aquellos comentarios que intenten forzar un debate o una toma de postura por otro usuario.<\/p>\n[\/vc_column_text][\/vc_column][vc_column width=\u00bb1\/2&#8243;][vc_column_text]\n<h2><strong>Compromisos y obligaciones de los usuarios<\/strong><\/h2>\n<p>El usuario se compromete a utilizar la p\u00e1gina web, los contenidos y servicios en conformidad con la Ley, las presentes condiciones de uso, las buenas costumbres y el orden p\u00fablico. Del mismo modo, el usuario se obliga a no utilizar la p\u00e1gina web, sus contenidos o los servicios que se presten a trav\u00e9s de esta con finalidades o efectos il\u00edcitos o contrarios al contenido de las presentes condiciones de uso, lesivos de los intereses o derechos de terceros, o que de cualquier forma pueda da\u00f1ar, inutilizar, hacer inaccesibles o deteriorar la p\u00e1gina web, sus contenidos o sus servicios o impedir un normal funcionamiento de la misma por parte otros usuarios.<\/p>\n<p>As\u00ed mismo, el usuario se compromete expresamente a no destruir, alterar, inutilizar o, de cualquier otra forma, da\u00f1ar los datos, programas o documentos electr\u00f3nicos que se encuentren en la web.<\/p>\n<p>El usuario se compromete a no obstaculizar el acceso otros usuarios mediante el consumo masivo de los recursos inform\u00e1ticos a trav\u00e9s de los cuales prestamos el servicio, as\u00ed como realizar acciones que da\u00f1en, interrumpan o generen errores en estos sistemas o servicios.<\/p>\n<p>El usuario se compromete a no introducir programas, virus, macros, applets, controles ActiveX o cualquiera otro dispositivo l\u00f3gico o secuencia de caracteres que causen o sean susceptibles de causar cualquier tipo de alteraci\u00f3n en nuestros sistemas inform\u00e1ticos o de terceros.[\/vc_column_text][vc_column_text]Excl\u00fasi\u00f3n de garant\u00edas y responsable<\/p>\n<p>MAS\u00cdA PLA DELS CATALANS S.L no otorga ninguna garant\u00eda ni se hace responsable, en ning\u00fan caso, de los da\u00f1os y perjuicios de cualquier naturaleza que pudieran traer causa de:<\/p>\n<p>La falta de disponibilidad, mantenimiento y efectivo funcionamiento de la web, o de sus servicios y contenidos;<\/p>\n<p>La existencia de malware, programas maliciosos o lesivos en los contenidos;<\/p>\n<p>El uso il\u00edcito, negligente, fraudulento o contrario a este Aviso Legal;<\/p>\n<p>La falta de licitud, calidad, fiabilidad, utilidad y disponibilidad de los servicios prestados por terceros y puestos a disposici\u00f3n de los usuarios en el sitio web.<\/p>\n<p>El prestador no se hace responsable bajo ning\u00fan concepto de los da\u00f1os que pudieran dimanar del uso ilegal o indebido de la presente p\u00e1gina web.<\/p>\n[\/vc_column_text][\/vc_column][\/vc_row][vc_row][vc_column width=\u00bb1\/2&#8243;][vc_column_text]\n<h2><strong>Derechos de propiedad intelectual e industrial<\/strong><\/h2>\n<p>En virtud de lo dispuesto en los art\u00edculos 8 y 32.1, p\u00e1rrafo segundo, de la Ley de Propiedad Intelectual, quedan expresamente prohibidas la reproducci\u00f3n, la distribuci\u00f3n y la comunicaci\u00f3n p\u00fablica, incluida su modalidad de puesta a disposici\u00f3n, de la totalidad o parte de los contenidos de esta p\u00e1gina web, con fines comerciales, en cualquier soporte y por cualquier medio t\u00e9cnico, sin la autorizaci\u00f3n de MAS\u00cdA PLA DELS CATALANS S.L. El usuario se compromete a respetar los derechos de Propiedad Intelectual e Industrial titularidad de MAS\u00cdA PLA DELS CATALANS S.L<\/p>\n<p>El usuario conoce y acepta que la totalidad del sitio web, conteniendo sin car\u00e1cter exhaustivo el texto, software, contenidos (incluyendo estructura, selecci\u00f3n, ordenaci\u00f3n y presentaci\u00f3n de los mismos) podcast, fotograf\u00edas, material audiovisual y gr\u00e1ficos, est\u00e1 protegida por marcas, derechos de autor y otros derechos leg\u00edtimos, de acuerdo con los tratados internacionales en los que Espa\u00f1a es parte y otros derechos de propiedad y leyes de Espa\u00f1a.<\/p>\n<p>En el caso de que un usuario o un tercero consideren que se ha producido una violaci\u00f3n de sus leg\u00edtimos derechos de propiedad intelectual por la introducci\u00f3n de un determinado contenido en la web, deber\u00e1 notificar dicha circunstancia a MAS\u00cdA PLA DELS CATALANS S.L indicando:<\/p>\n<p>Datos personales del interesado titular de los derechos presuntamente infringidos, o indicar la representaci\u00f3n con la que act\u00faa en caso de que la reclamaci\u00f3n la presente un tercero distinto del interesado.<br \/>\nSe\u00f1alar los contenidos protegidos por los derechos de propiedad intelectual y su ubicaci\u00f3n en la web, la acreditaci\u00f3n de los derechos de propiedad intelectual se\u00f1alados y declaraci\u00f3n expresa en la que el interesado se responsabiliza de la veracidad de las informaciones facilitadas en la notificaci\u00f3n.[\/vc_column_text][vc_column_text]Ley aplicable y jurisdicci\u00f3n<\/p>\n<p>Con car\u00e1cter general las relaciones entre MAS\u00cdA PLA DELS CATALANS S.L con los usuarios de sus servicios telem\u00e1ticos, presentes en esta web se encuentran sometidas a la legislaci\u00f3n y jurisdicci\u00f3n espa\u00f1olas y a los tribunales de TARRAGONA.<\/p>\n[\/vc_column_text][\/vc_column][vc_column width=\u00bb1\/2&#8243;][vc_column_text]\n<h2><strong>Pol\u00edtica de comentarios<\/strong><\/h2>\n<p>En nuestra web NO se permiten realizar comentarios para enriquecer los contenidos y realizar consultas.<\/p>\n<p>No se admitir\u00e1n comentarios que no est\u00e9n relacionados con la tem\u00e1tica de esta web, que incluyan difamaciones, agravios, insultos, ataques personales o faltas de respeto en general hacia el autor o hacia otros miembros. Estos comentarios ser\u00e1n suprimidos por los administradores de la web.<\/p>\n<p>Tambi\u00e9n ser\u00e1n suprimidos los comentarios que contengan informaci\u00f3n que sea obviamente enga\u00f1osa o falsa, as\u00ed como los comentarios que contengan informaci\u00f3n personal, como, por ejemplo, domicilios privado o tel\u00e9fonos y que vulneren nuestra pol\u00edtica de protecci\u00f3n de datos.<\/p>\n<p>Se desestimar\u00e1, igualmente, aquellos comentarios creados s\u00f3lo con fines promocionales de una web, persona o colectivo y todo lo que pueda ser considerado spam en general.<\/p>\n<p>No se permiten comentarios an\u00f3nimos, as\u00ed como aquellos realizados por una misma persona con distintos apodos. No se considerar\u00e1n tampoco aquellos comentarios que intenten forzar un debate o una toma de postura por otro usuario.[\/vc_column_text][vc_column_text]Exclusi\u00f3n de garant\u00edas y responsable<br \/>\nMAS\u00cdA PLA DELS CATALANS S.L no otorga ninguna garant\u00eda ni se hace responsable, en ning\u00fan caso, de los da\u00f1os y perjuicios de cualquier naturaleza que pudieran traer causa de:<\/p>\n<p>La falta de disponibilidad, mantenimiento y efectivo funcionamiento de la web, o de sus servicios y contenidos;<br \/>\nLa existencia de malware, programas maliciosos o lesivos en los contenidos;<br \/>\nEl uso il\u00edcito, negligente, fraudulento o contrario a este Aviso Legal;<br \/>\nLa falta de licitud, calidad, fiabilidad, utilidad y disponibilidad de los servicios prestados por terceros y puestos a disposici\u00f3n de los usuarios en el sitio web.<br \/>\nEl prestador no se hace responsable bajo ning\u00fan concepto de los da\u00f1os que pudieran dimanar del uso ilegal o indebido de la presente p\u00e1gina web.<\/p>\n[\/vc_column_text][\/vc_column][\/vc_row][vc_row][vc_column][vc_column_text]Contacto<\/p>\n<p>En caso de que cualquier usuario tuviese alguna duda acerca de estas Condiciones legales o cualquier comentario sobre el portal www.pladelscatalans.com, por favor dir\u00edjase a  info@pladelscatalans.com[\/vc_column_text][\/vc_column][\/vc_row]\n","protected":false},"excerpt":{"rendered":"<p>[vc_row][vc_column width=\u00bb1\/2&#8243;][vc_column_text] Nota legal Te damos la bienvenida a este espacio, donde podr\u00e1s encontrar toda la informaci\u00f3n relativa a los t\u00e9rminos y condiciones legales que definen las relaciones entre los usuarios y nosotros como responsables de esta web. Como usuario, es importante que conozcas estos t\u00e9rminos antes de continuar tu navegaci\u00f3n. En cumplimiento con el [&hellip;]<\/p>\n","protected":false},"author":1,"featured_media":0,"parent":0,"menu_order":0,"comment_status":"closed","ping_status":"closed","template":"","meta":{"footnotes":""},"class_list":["post-3334","page","type-page","status-publish","hentry"],"yoast_head":"<!-- This site is optimized with the Yoast SEO plugin v26.1.1 - https:\/\/yoast.com\/wordpress\/plugins\/seo\/ -->\n<title>Nota legal - Pla dels Catalans<\/title>\n<meta name=\"robots\" content=\"index, follow, max-snippet:-1, max-image-preview:large, max-video-preview:-1\" \/>\n<link rel=\"canonical\" href=\"https:\/\/pladelscatalans.com\/es\/nota-legal\/\" \/>\n<meta property=\"og:locale\" content=\"es_ES\" \/>\n<meta property=\"og:type\" content=\"article\" \/>\n<meta property=\"og:title\" content=\"Nota legal - Pla dels Catalans\" \/>\n<meta property=\"og:description\" content=\"[vc_row][vc_column width=\u00bb1\/2&#8243;][vc_column_text] Nota legal Te damos la bienvenida a este espacio, donde podr\u00e1s encontrar toda la informaci\u00f3n relativa a los t\u00e9rminos y condiciones legales que definen las relaciones entre los usuarios y nosotros como responsables de esta web. Como usuario, es importante que conozcas estos t\u00e9rminos antes de continuar tu navegaci\u00f3n. En cumplimiento con el [&hellip;]\" \/>\n<meta property=\"og:url\" content=\"https:\/\/pladelscatalans.com\/es\/nota-legal\/\" \/>\n<meta property=\"og:site_name\" content=\"Pla dels Catalans\" \/>\n<meta property=\"article:modified_time\" content=\"2018-07-30T16:56:13+00:00\" \/>\n<meta name=\"twitter:card\" content=\"summary_large_image\" \/>\n<meta name=\"twitter:label1\" content=\"Tiempo de lectura\" \/>\n\t<meta name=\"twitter:data1\" content=\"11 minutos\" \/>\n<script type=\"application\/ld+json\" class=\"yoast-schema-graph\">{\"@context\":\"https:\/\/schema.org\",\"@graph\":[{\"@type\":\"WebPage\",\"@id\":\"https:\/\/pladelscatalans.com\/es\/nota-legal\/\",\"url\":\"https:\/\/pladelscatalans.com\/es\/nota-legal\/\",\"name\":\"Nota legal - Pla dels Catalans\",\"isPartOf\":{\"@id\":\"https:\/\/pladelscatalans.com\/es\/#website\"},\"datePublished\":\"2017-04-05T09:34:45+00:00\",\"dateModified\":\"2018-07-30T16:56:13+00:00\",\"breadcrumb\":{\"@id\":\"https:\/\/pladelscatalans.com\/es\/nota-legal\/#breadcrumb\"},\"inLanguage\":\"es\",\"potentialAction\":[{\"@type\":\"ReadAction\",\"target\":[\"https:\/\/pladelscatalans.com\/es\/nota-legal\/\"]}]},{\"@type\":\"BreadcrumbList\",\"@id\":\"https:\/\/pladelscatalans.com\/es\/nota-legal\/#breadcrumb\",\"itemListElement\":[{\"@type\":\"ListItem\",\"position\":1,\"name\":\"Inici\",\"item\":\"https:\/\/pladelscatalans.com\/es\/\"},{\"@type\":\"ListItem\",\"position\":2,\"name\":\"Nota legal\"}]},{\"@type\":\"WebSite\",\"@id\":\"https:\/\/pladelscatalans.com\/es\/#website\",\"url\":\"https:\/\/pladelscatalans.com\/es\/\",\"name\":\"Pla dels Catalans\",\"description\":\"Escenari singular per a celebracions singulars. Bodes, banquets, convencions i festes.\",\"publisher\":{\"@id\":\"https:\/\/pladelscatalans.com\/es\/#\/schema\/person\/9614a393b04d64415b7cfb071c9e23dd\"},\"potentialAction\":[{\"@type\":\"SearchAction\",\"target\":{\"@type\":\"EntryPoint\",\"urlTemplate\":\"https:\/\/pladelscatalans.com\/es\/?s={search_term_string}\"},\"query-input\":{\"@type\":\"PropertyValueSpecification\",\"valueRequired\":true,\"valueName\":\"search_term_string\"}}],\"inLanguage\":\"es\"},{\"@type\":[\"Person\",\"Organization\"],\"@id\":\"https:\/\/pladelscatalans.com\/es\/#\/schema\/person\/9614a393b04d64415b7cfb071c9e23dd\",\"name\":\"Pla dels Catalans\",\"logo\":{\"@id\":\"https:\/\/pladelscatalans.com\/es\/#\/schema\/person\/image\/\"}}]}<\/script>\n<!-- \/ Yoast SEO plugin. -->","yoast_head_json":{"title":"Nota legal - Pla dels Catalans","robots":{"index":"index","follow":"follow","max-snippet":"max-snippet:-1","max-image-preview":"max-image-preview:large","max-video-preview":"max-video-preview:-1"},"canonical":"https:\/\/pladelscatalans.com\/es\/nota-legal\/","og_locale":"es_ES","og_type":"article","og_title":"Nota legal - Pla dels Catalans","og_description":"[vc_row][vc_column width=\u00bb1\/2&#8243;][vc_column_text] Nota legal Te damos la bienvenida a este espacio, donde podr\u00e1s encontrar toda la informaci\u00f3n relativa a los t\u00e9rminos y condiciones legales que definen las relaciones entre los usuarios y nosotros como responsables de esta web. Como usuario, es importante que conozcas estos t\u00e9rminos antes de continuar tu navegaci\u00f3n. En cumplimiento con el [&hellip;]","og_url":"https:\/\/pladelscatalans.com\/es\/nota-legal\/","og_site_name":"Pla dels Catalans","article_modified_time":"2018-07-30T16:56:13+00:00","twitter_card":"summary_large_image","twitter_misc":{"Tiempo de lectura":"11 minutos"},"schema":{"@context":"https:\/\/schema.org","@graph":[{"@type":"WebPage","@id":"https:\/\/pladelscatalans.com\/es\/nota-legal\/","url":"https:\/\/pladelscatalans.com\/es\/nota-legal\/","name":"Nota legal - Pla dels Catalans","isPartOf":{"@id":"https:\/\/pladelscatalans.com\/es\/#website"},"datePublished":"2017-04-05T09:34:45+00:00","dateModified":"2018-07-30T16:56:13+00:00","breadcrumb":{"@id":"https:\/\/pladelscatalans.com\/es\/nota-legal\/#breadcrumb"},"inLanguage":"es","potentialAction":[{"@type":"ReadAction","target":["https:\/\/pladelscatalans.com\/es\/nota-legal\/"]}]},{"@type":"BreadcrumbList","@id":"https:\/\/pladelscatalans.com\/es\/nota-legal\/#breadcrumb","itemListElement":[{"@type":"ListItem","position":1,"name":"Inici","item":"https:\/\/pladelscatalans.com\/es\/"},{"@type":"ListItem","position":2,"name":"Nota legal"}]},{"@type":"WebSite","@id":"https:\/\/pladelscatalans.com\/es\/#website","url":"https:\/\/pladelscatalans.com\/es\/","name":"Pla dels Catalans","description":"Escenari singular per a celebracions singulars. Bodes, banquets, convencions i festes.","publisher":{"@id":"https:\/\/pladelscatalans.com\/es\/#\/schema\/person\/9614a393b04d64415b7cfb071c9e23dd"},"potentialAction":[{"@type":"SearchAction","target":{"@type":"EntryPoint","urlTemplate":"https:\/\/pladelscatalans.com\/es\/?s={search_term_string}"},"query-input":{"@type":"PropertyValueSpecification","valueRequired":true,"valueName":"search_term_string"}}],"inLanguage":"es"},{"@type":["Person","Organization"],"@id":"https:\/\/pladelscatalans.com\/es\/#\/schema\/person\/9614a393b04d64415b7cfb071c9e23dd","name":"Pla dels Catalans","logo":{"@id":"https:\/\/pladelscatalans.com\/es\/#\/schema\/person\/image\/"}}]}},"_links":{"self":[{"href":"https:\/\/pladelscatalans.com\/es\/wp-json\/wp\/v2\/pages\/3334","targetHints":{"allow":["GET"]}}],"collection":[{"href":"https:\/\/pladelscatalans.com\/es\/wp-json\/wp\/v2\/pages"}],"about":[{"href":"https:\/\/pladelscatalans.com\/es\/wp-json\/wp\/v2\/types\/page"}],"author":[{"embeddable":true,"href":"https:\/\/pladelscatalans.com\/es\/wp-json\/wp\/v2\/users\/1"}],"replies":[{"embeddable":true,"href":"https:\/\/pladelscatalans.com\/es\/wp-json\/wp\/v2\/comments?post=3334"}],"version-history":[{"count":2,"href":"https:\/\/pladelscatalans.com\/es\/wp-json\/wp\/v2\/pages\/3334\/revisions"}],"predecessor-version":[{"id":3992,"href":"https:\/\/pladelscatalans.com\/es\/wp-json\/wp\/v2\/pages\/3334\/revisions\/3992"}],"wp:attachment":[{"href":"https:\/\/pladelscatalans.com\/es\/wp-json\/wp\/v2\/media?parent=3334"}],"curies":[{"name":"wp","href":"https:\/\/api.w.org\/{rel}","templated":true}]}}