{"id":3084,"date":"2016-11-23T11:46:27","date_gmt":"2016-11-23T10:46:27","guid":{"rendered":"http:\/\/pladelscatalans.com\/mitics-festival\/?lang=es"},"modified":"2025-10-13T12:19:55","modified_gmt":"2025-10-13T10:19:55","slug":"fin-de-ano-mitics","status":"publish","type":"page","link":"https:\/\/pladelscatalans.com\/es\/eventos\/fin-de-ano-mitics\/","title":{"rendered":"M\u00edtics Fin de a\u00f1o 2026"},"content":{"rendered":"[vc_row gap=\u00bb20&#8243; css=\u00bb.vc_custom_1569233234077{margin-top: 5% !important;margin-bottom: 5% !important;}\u00bb][vc_column css=\u00bb.vc_custom_1569607242076{margin-top: -20px !important;margin-left: 3% !important;border-radius: 1px !important;}\u00bb][vc_single_image image=\u00bb8892&#8243; img_size=\u00bbfull\u00bb alignment=\u00bbcenter\u00bb onclick=\u00bbcustom_link\u00bb img_link_target=\u00bb_blank\u00bb link=\u00bbhttps:\/\/miticsclub.com\/mitics-cap-dany\/\u00bb][\/vc_column][\/vc_row][vc_row full_width=\u00bbstretch_row_content_no_spaces\u00bb equal_height=\u00bbyes\u00bb content_placement=\u00bbmiddle\u00bb css=\u00bb.vc_custom_1569233436023{margin-top: 5% !important;}\u00bb][vc_column width=\u00bb1\/2&#8243; css=\u00bb.vc_custom_1760349512982{padding-right: 7% !important;padding-left: 7% !important;background-position: center !important;background-repeat: no-repeat !important;background-size: cover !important;}\u00bb][vc_single_image image=\u00bb8927&#8243; img_size=\u00bbfull\u00bb alignment=\u00bbcenter\u00bb style=\u00bbvc_box_rounded\u00bb onclick=\u00bbcustom_link\u00bb img_link_target=\u00bb_blank\u00bb link=\u00bbhttps:\/\/forms.gle\/tkF7ZWjN1dMo3REp7&#8243; title=\u00bbMen\u00fa Picoteo Cap d&#8217;Any 2025&#8243; css=\u00bb.vc_custom_1760350453431{margin-top: -3% !important;}\u00bb][\/vc_column][vc_column width=\u00bb1\/2&#8243; css=\u00bb.vc_custom_1760349578463{padding-right: 7% !important;padding-left: 7% !important;}\u00bb][vc_single_image image=\u00bb8929&#8243; img_size=\u00bbfull\u00bb alignment=\u00bbcenter\u00bb style=\u00bbvc_box_rounded\u00bb onclick=\u00bbcustom_link\u00bb img_link_target=\u00bb_blank\u00bb title=\u00bbMen\u00fa de Gala Cap d&#8217;Any 2025&#8243; link=\u00bbhttps:\/\/forms.gle\/4srywx8xjCuxJ7R88&#8243;][\/vc_column][\/vc_row][vc_row][vc_column][vc_empty_space]<h2 class=\"calluna-heading calluna-heading-single-line text-align-center \" ><span>Reserva la Cena de Nochevieja 2026<\/span><\/h2>[\/vc_column][\/vc_row][vc_row css=\u00bb.vc_custom_1760349990994{margin-top: 3% !important;margin-bottom: 3% !important;padding-top: 3% !important;padding-right: 3% !important;padding-bottom: 3% !important;padding-left: 3% !important;background-color: #e8e8e8 !important;}\u00bb][vc_column][vc_column_text]\n<p style=\"text-align: center; font-size: 20px;\"><strong> Este a\u00f1o presentamos La Fiesta de las Campanadas en el Pla dels Catalans.<\/strong><\/p>\n<p style=\"text-align: center; font-size: 20px;\"><strong>Podr\u00e1s acceder a M\u00edtics a partir de las 23:00 h y celebrar las campanadas con nosotros, con pantalla gigante para recibir el A\u00f1o Nuevo.<\/strong><\/p>\n[\/vc_column_text][vc_empty_space][vc_row_inner][vc_column_inner width=\u00bb1\/2&#8243;][vc_btn title=\u00bbMen\u00fa de Gala\u00bb color=\u00bbblack\u00bb size=\u00bblg\u00bb align=\u00bbcenter\u00bb link=\u00bburl:https%3A%2F%2Fforms.gle%2F4srywx8xjCuxJ7R88|title:Reserva%20sopar%20Cap%20d&#8217;Any%202026|target:_blank\u00bb][\/vc_column_inner][vc_column_inner width=\u00bb1\/2&#8243;][vc_btn title=\u00bbMen\u00fa Picoteo\u00bb color=\u00bborange\u00bb size=\u00bblg\u00bb align=\u00bbcenter\u00bb link=\u00bburl:https%3A%2F%2Fforms.gle%2FwugZMfcmaqR1UfxUA|title:Reserva%20sopar%20Cap%20d&#8217;Any%202026|target:_blank\u00bb][\/vc_column_inner][\/vc_row_inner][\/vc_column][\/vc_row][vc_row][vc_column][\/vc_column][\/vc_row]\n","protected":false},"excerpt":{"rendered":"<p>[vc_row gap=\u00bb20&#8243; css=\u00bb.vc_custom_1569233234077{margin-top: 5% !important;margin-bottom: 5% !important;}\u00bb][vc_column css=\u00bb.vc_custom_1569607242076{margin-top: -20px !important;margin-left: 3% !important;border-radius: 1px !important;}\u00bb][vc_single_image image=\u00bb8892&#8243; img_size=\u00bbfull\u00bb alignment=\u00bbcenter\u00bb onclick=\u00bbcustom_link\u00bb img_link_target=\u00bb_blank\u00bb link=\u00bbhttps:\/\/miticsclub.com\/mitics-cap-dany\/\u00bb][\/vc_column][\/vc_row][vc_row full_width=\u00bbstretch_row_content_no_spaces\u00bb equal_height=\u00bbyes\u00bb content_placement=\u00bbmiddle\u00bb css=\u00bb.vc_custom_1569233436023{margin-top: 5% !important;}\u00bb][vc_column width=\u00bb1\/2&#8243; css=\u00bb.vc_custom_1760349512982{padding-right: 7% !important;padding-left: 7% !important;background-position: center !important;background-repeat: no-repeat !important;background-size: cover !important;}\u00bb][vc_single_image image=\u00bb8927&#8243; img_size=\u00bbfull\u00bb alignment=\u00bbcenter\u00bb style=\u00bbvc_box_rounded\u00bb onclick=\u00bbcustom_link\u00bb img_link_target=\u00bb_blank\u00bb link=\u00bbhttps:\/\/forms.gle\/tkF7ZWjN1dMo3REp7&#8243; title=\u00bbMen\u00fa Picoteo Cap d&#8217;Any 2025&#8243; css=\u00bb.vc_custom_1760350453431{margin-top: -3% !important;}\u00bb][\/vc_column][vc_column width=\u00bb1\/2&#8243; css=\u00bb.vc_custom_1760349578463{padding-right: [&hellip;]<\/p>\n","protected":false},"author":1,"featured_media":8892,"parent":2865,"menu_order":0,"comment_status":"closed","ping_status":"closed","template":"","meta":{"footnotes":""},"class_list":["post-3084","page","type-page","status-publish","has-post-thumbnail","hentry"],"yoast_head":"<!-- This site is optimized with the Yoast SEO plugin v26.1.1 - https:\/\/yoast.com\/wordpress\/plugins\/seo\/ -->\n<title>Men\u00fa Fin de a\u00f1o 2026 M\u00edtics Cap d&#039;Any - Masia Pla dels Catalans<\/title>\n<meta name=\"description\" content=\"M\u00edtics Fin de A\u00f1o 2026 es la fiesta de Nochevieja de referencia en las Tierras del Ebro, celebrada en las instalaciones del Pla dels Catalans-L\u2019Aldea\" \/>\n<meta name=\"robots\" content=\"index, follow, max-snippet:-1, max-image-preview:large, max-video-preview:-1\" \/>\n<link rel=\"canonical\" href=\"https:\/\/pladelscatalans.com\/es\/eventos\/fin-de-ano-mitics\/\" \/>\n<meta property=\"og:locale\" content=\"es_ES\" \/>\n<meta property=\"og:type\" content=\"article\" \/>\n<meta property=\"og:title\" content=\"Men\u00fa Fin de a\u00f1o 2026 M\u00edtics Cap d&#039;Any - Masia Pla dels Catalans\" \/>\n<meta property=\"og:description\" content=\"M\u00edtics Fin de A\u00f1o 2026 es la fiesta de Nochevieja de referencia en las Tierras del Ebro, celebrada en las instalaciones del Pla dels Catalans-L\u2019Aldea\" \/>\n<meta property=\"og:url\" content=\"https:\/\/pladelscatalans.com\/es\/eventos\/fin-de-ano-mitics\/\" \/>\n<meta property=\"og:site_name\" content=\"Pla dels Catalans\" \/>\n<meta property=\"article:modified_time\" content=\"2025-10-13T10:19:55+00:00\" \/>\n<meta property=\"og:image\" content=\"https:\/\/pladelscatalans.com\/wp-content\/uploads\/2025\/10\/WhatsApp-Image-2025-09-08-at-10.20.56.jpeg\" \/>\n\t<meta property=\"og:image:width\" content=\"1024\" \/>\n\t<meta property=\"og:image:height\" content=\"1280\" \/>\n\t<meta property=\"og:image:type\" content=\"image\/jpeg\" \/>\n<meta name=\"twitter:card\" content=\"summary_large_image\" \/>\n<meta name=\"twitter:label1\" content=\"Tiempo de lectura\" \/>\n\t<meta name=\"twitter:data1\" content=\"2 minutos\" \/>\n<script type=\"application\/ld+json\" class=\"yoast-schema-graph\">{\"@context\":\"https:\/\/schema.org\",\"@graph\":[{\"@type\":\"WebPage\",\"@id\":\"https:\/\/pladelscatalans.com\/es\/eventos\/fin-de-ano-mitics\/\",\"url\":\"https:\/\/pladelscatalans.com\/es\/eventos\/fin-de-ano-mitics\/\",\"name\":\"Men\u00fa Fin de a\u00f1o 2026 M\u00edtics Cap d'Any - Masia Pla dels Catalans\",\"isPartOf\":{\"@id\":\"https:\/\/pladelscatalans.com\/es\/#website\"},\"primaryImageOfPage\":{\"@id\":\"https:\/\/pladelscatalans.com\/es\/eventos\/fin-de-ano-mitics\/#primaryimage\"},\"image\":{\"@id\":\"https:\/\/pladelscatalans.com\/es\/eventos\/fin-de-ano-mitics\/#primaryimage\"},\"thumbnailUrl\":\"https:\/\/pladelscatalans.com\/wp-content\/uploads\/2025\/10\/WhatsApp-Image-2025-09-08-at-10.20.56.jpeg\",\"datePublished\":\"2016-11-23T10:46:27+00:00\",\"dateModified\":\"2025-10-13T10:19:55+00:00\",\"description\":\"M\u00edtics Fin de A\u00f1o 2026 es la fiesta de Nochevieja de referencia en las Tierras del Ebro, celebrada en las instalaciones del Pla dels Catalans-L\u2019Aldea\",\"breadcrumb\":{\"@id\":\"https:\/\/pladelscatalans.com\/es\/eventos\/fin-de-ano-mitics\/#breadcrumb\"},\"inLanguage\":\"es\",\"potentialAction\":[{\"@type\":\"ReadAction\",\"target\":[\"https:\/\/pladelscatalans.com\/es\/eventos\/fin-de-ano-mitics\/\"]}]},{\"@type\":\"ImageObject\",\"inLanguage\":\"es\",\"@id\":\"https:\/\/pladelscatalans.com\/es\/eventos\/fin-de-ano-mitics\/#primaryimage\",\"url\":\"https:\/\/pladelscatalans.com\/wp-content\/uploads\/2025\/10\/WhatsApp-Image-2025-09-08-at-10.20.56.jpeg\",\"contentUrl\":\"https:\/\/pladelscatalans.com\/wp-content\/uploads\/2025\/10\/WhatsApp-Image-2025-09-08-at-10.20.56.jpeg\",\"width\":1024,\"height\":1280,\"caption\":\"Cap d'Any M\u00edtics\"},{\"@type\":\"BreadcrumbList\",\"@id\":\"https:\/\/pladelscatalans.com\/es\/eventos\/fin-de-ano-mitics\/#breadcrumb\",\"itemListElement\":[{\"@type\":\"ListItem\",\"position\":1,\"name\":\"Inici\",\"item\":\"https:\/\/pladelscatalans.com\/es\/\"},{\"@type\":\"ListItem\",\"position\":2,\"name\":\"Eventos\",\"item\":\"https:\/\/pladelscatalans.com\/es\/eventos\/\"},{\"@type\":\"ListItem\",\"position\":3,\"name\":\"M\u00edtics Fin de a\u00f1o 2026\"}]},{\"@type\":\"WebSite\",\"@id\":\"https:\/\/pladelscatalans.com\/es\/#website\",\"url\":\"https:\/\/pladelscatalans.com\/es\/\",\"name\":\"Pla dels Catalans\",\"description\":\"Escenari singular per a celebracions singulars. Bodes, banquets, convencions i festes.\",\"publisher\":{\"@id\":\"https:\/\/pladelscatalans.com\/es\/#\/schema\/person\/9614a393b04d64415b7cfb071c9e23dd\"},\"potentialAction\":[{\"@type\":\"SearchAction\",\"target\":{\"@type\":\"EntryPoint\",\"urlTemplate\":\"https:\/\/pladelscatalans.com\/es\/?s={search_term_string}\"},\"query-input\":{\"@type\":\"PropertyValueSpecification\",\"valueRequired\":true,\"valueName\":\"search_term_string\"}}],\"inLanguage\":\"es\"},{\"@type\":[\"Person\",\"Organization\"],\"@id\":\"https:\/\/pladelscatalans.com\/es\/#\/schema\/person\/9614a393b04d64415b7cfb071c9e23dd\",\"name\":\"Pla dels Catalans\",\"logo\":{\"@id\":\"https:\/\/pladelscatalans.com\/es\/#\/schema\/person\/image\/\"}}]}<\/script>\n<!-- \/ Yoast SEO plugin. -->","yoast_head_json":{"title":"Men\u00fa Fin de a\u00f1o 2026 M\u00edtics Cap d'Any - Masia Pla dels Catalans","description":"M\u00edtics Fin de A\u00f1o 2026 es la fiesta de Nochevieja de referencia en las Tierras del Ebro, celebrada en las instalaciones del Pla dels Catalans-L\u2019Aldea","robots":{"index":"index","follow":"follow","max-snippet":"max-snippet:-1","max-image-preview":"max-image-preview:large","max-video-preview":"max-video-preview:-1"},"canonical":"https:\/\/pladelscatalans.com\/es\/eventos\/fin-de-ano-mitics\/","og_locale":"es_ES","og_type":"article","og_title":"Men\u00fa Fin de a\u00f1o 2026 M\u00edtics Cap d'Any - Masia Pla dels Catalans","og_description":"M\u00edtics Fin de A\u00f1o 2026 es la fiesta de Nochevieja de referencia en las Tierras del Ebro, celebrada en las instalaciones del Pla dels Catalans-L\u2019Aldea","og_url":"https:\/\/pladelscatalans.com\/es\/eventos\/fin-de-ano-mitics\/","og_site_name":"Pla dels Catalans","article_modified_time":"2025-10-13T10:19:55+00:00","og_image":[{"width":1024,"height":1280,"url":"https:\/\/pladelscatalans.com\/wp-content\/uploads\/2025\/10\/WhatsApp-Image-2025-09-08-at-10.20.56.jpeg","type":"image\/jpeg"}],"twitter_card":"summary_large_image","twitter_misc":{"Tiempo de lectura":"2 minutos"},"schema":{"@context":"https:\/\/schema.org","@graph":[{"@type":"WebPage","@id":"https:\/\/pladelscatalans.com\/es\/eventos\/fin-de-ano-mitics\/","url":"https:\/\/pladelscatalans.com\/es\/eventos\/fin-de-ano-mitics\/","name":"Men\u00fa Fin de a\u00f1o 2026 M\u00edtics Cap d'Any - Masia Pla dels Catalans","isPartOf":{"@id":"https:\/\/pladelscatalans.com\/es\/#website"},"primaryImageOfPage":{"@id":"https:\/\/pladelscatalans.com\/es\/eventos\/fin-de-ano-mitics\/#primaryimage"},"image":{"@id":"https:\/\/pladelscatalans.com\/es\/eventos\/fin-de-ano-mitics\/#primaryimage"},"thumbnailUrl":"https:\/\/pladelscatalans.com\/wp-content\/uploads\/2025\/10\/WhatsApp-Image-2025-09-08-at-10.20.56.jpeg","datePublished":"2016-11-23T10:46:27+00:00","dateModified":"2025-10-13T10:19:55+00:00","description":"M\u00edtics Fin de A\u00f1o 2026 es la fiesta de Nochevieja de referencia en las Tierras del Ebro, celebrada en las instalaciones del Pla dels Catalans-L\u2019Aldea","breadcrumb":{"@id":"https:\/\/pladelscatalans.com\/es\/eventos\/fin-de-ano-mitics\/#breadcrumb"},"inLanguage":"es","potentialAction":[{"@type":"ReadAction","target":["https:\/\/pladelscatalans.com\/es\/eventos\/fin-de-ano-mitics\/"]}]},{"@type":"ImageObject","inLanguage":"es","@id":"https:\/\/pladelscatalans.com\/es\/eventos\/fin-de-ano-mitics\/#primaryimage","url":"https:\/\/pladelscatalans.com\/wp-content\/uploads\/2025\/10\/WhatsApp-Image-2025-09-08-at-10.20.56.jpeg","contentUrl":"https:\/\/pladelscatalans.com\/wp-content\/uploads\/2025\/10\/WhatsApp-Image-2025-09-08-at-10.20.56.jpeg","width":1024,"height":1280,"caption":"Cap d'Any M\u00edtics"},{"@type":"BreadcrumbList","@id":"https:\/\/pladelscatalans.com\/es\/eventos\/fin-de-ano-mitics\/#breadcrumb","itemListElement":[{"@type":"ListItem","position":1,"name":"Inici","item":"https:\/\/pladelscatalans.com\/es\/"},{"@type":"ListItem","position":2,"name":"Eventos","item":"https:\/\/pladelscatalans.com\/es\/eventos\/"},{"@type":"ListItem","position":3,"name":"M\u00edtics Fin de a\u00f1o 2026"}]},{"@type":"WebSite","@id":"https:\/\/pladelscatalans.com\/es\/#website","url":"https:\/\/pladelscatalans.com\/es\/","name":"Pla dels Catalans","description":"Escenari singular per a celebracions singulars. Bodes, banquets, convencions i festes.","publisher":{"@id":"https:\/\/pladelscatalans.com\/es\/#\/schema\/person\/9614a393b04d64415b7cfb071c9e23dd"},"potentialAction":[{"@type":"SearchAction","target":{"@type":"EntryPoint","urlTemplate":"https:\/\/pladelscatalans.com\/es\/?s={search_term_string}"},"query-input":{"@type":"PropertyValueSpecification","valueRequired":true,"valueName":"search_term_string"}}],"inLanguage":"es"},{"@type":["Person","Organization"],"@id":"https:\/\/pladelscatalans.com\/es\/#\/schema\/person\/9614a393b04d64415b7cfb071c9e23dd","name":"Pla dels Catalans","logo":{"@id":"https:\/\/pladelscatalans.com\/es\/#\/schema\/person\/image\/"}}]}},"_links":{"self":[{"href":"https:\/\/pladelscatalans.com\/es\/wp-json\/wp\/v2\/pages\/3084","targetHints":{"allow":["GET"]}}],"collection":[{"href":"https:\/\/pladelscatalans.com\/es\/wp-json\/wp\/v2\/pages"}],"about":[{"href":"https:\/\/pladelscatalans.com\/es\/wp-json\/wp\/v2\/types\/page"}],"author":[{"embeddable":true,"href":"https:\/\/pladelscatalans.com\/es\/wp-json\/wp\/v2\/users\/1"}],"replies":[{"embeddable":true,"href":"https:\/\/pladelscatalans.com\/es\/wp-json\/wp\/v2\/comments?post=3084"}],"version-history":[{"count":2,"href":"https:\/\/pladelscatalans.com\/es\/wp-json\/wp\/v2\/pages\/3084\/revisions"}],"predecessor-version":[{"id":8949,"href":"https:\/\/pladelscatalans.com\/es\/wp-json\/wp\/v2\/pages\/3084\/revisions\/8949"}],"up":[{"embeddable":true,"href":"https:\/\/pladelscatalans.com\/es\/wp-json\/wp\/v2\/pages\/2865"}],"wp:featuredmedia":[{"embeddable":true,"href":"https:\/\/pladelscatalans.com\/es\/wp-json\/wp\/v2\/media\/8892"}],"wp:attachment":[{"href":"https:\/\/pladelscatalans.com\/es\/wp-json\/wp\/v2\/media?parent=3084"}],"curies":[{"name":"wp","href":"https:\/\/api.w.org\/{rel}","templated":true}]}}