{"id":2898,"date":"2015-09-18T13:52:08","date_gmt":"2015-09-18T13:52:08","guid":{"rendered":"http:\/\/pladelscatalans.com\/pla-dels-catalans\/?lang=es"},"modified":"2022-12-14T16:13:16","modified_gmt":"2022-12-14T15:13:16","slug":"pla-dels-catalans","status":"publish","type":"page","link":"https:\/\/pladelscatalans.com\/es\/","title":{"rendered":"Pla dels Catalans"},"content":{"rendered":"[vc_row full_width=\u00bbstretch_row\u00bb equal_height_columns=\u00bbyes\u00bb css=\u00bb.vc_custom_1508769269186{margin-top: 3% !important;margin-bottom: 3% !important;background-position: center !important;background-repeat: no-repeat !important;background-size: cover !important;border-radius: 4px !important;}\u00bb][vc_column css=\u00bb.vc_custom_1442582667567{padding-top: 5% !important;padding-bottom: 5% !important;}\u00bb offset=\u00bbvc_col-md-6&#8243;]<h2 class=\"calluna-heading calluna-heading-single-line text-align-left \" ><span>Pla dels catalans<\/span><\/h2>[vc_column_text css=\u00bb.vc_custom_1510667012788{margin-bottom: 35px !important;}\u00bb el_class=\u00bbseparator\u00bb]<p class=\"teaser\" style=\"color:#444444; text-align:left;\">Masia Pla dels Catalans, diversidad y calidad van \u00a0cogidas de la mano con el fin de satisfacer las m\u00e1s amplias exigencias de todos nuestros clientes. Con m\u00e1s de 50 a\u00f1os de experiencia organizando eventos, Pla dels Catalans es el lugar id\u00f3neo para llevar a cabo todo tipo de celebraciones. <\/p>[\/vc_column_text][\/vc_column][vc_column css=\u00bb.vc_custom_1442083051816{padding-top: 5% !important;padding-bottom: 5% !important;padding-left: 6% !important;border-radius: 3px !important;}\u00bb offset=\u00bbvc_col-md-6&#8243;]<h2 class=\"calluna-heading calluna-heading-single-line text-align-left \" ><span>Restaurante<\/span><\/h2>[vc_column_text css=\u00bb.vc_custom_1530272918258{margin-bottom: 35px !important;}\u00bb el_class=\u00bbseparator\u00bb]<p class=\"teaser\" style=\"color:#444444; text-align:left;\">Sea cual sea el car\u00e1cter y la magnitud de su celebraci\u00f3n, el equipo de profesionales del Restaurante Mas\u00eda Pla dels Catalans, con mucho gusto, lo aconsejar\u00e1, organizar\u00e1 y asistir\u00e1 antes y durante el transcurso de todo el evento, para satisfacer sus expectativas y tambi\u00e9n las de todos sus invitados.<\/p>[\/vc_column_text][\/vc_column][\/vc_row][vc_row full_width=\u00bbstretch_row_content\u00bb el_class=\u00bbhidden-xs\u00bb css=\u00bb.vc_custom_1477400731213{background-position: center !important;background-repeat: no-repeat !important;background-size: cover !important;}\u00bb][vc_column width=\u00bb1\/2&#8243; css=\u00bb.vc_custom_1581938449947{background-image: url(https:\/\/pladelscatalans.com\/wp-content\/uploads\/2018\/10\/sopars-empresa-pla.jpg?id=4023) !important;background-position: center !important;background-repeat: no-repeat !important;background-size: cover !important;}\u00bb][vc_empty_space height=\u00bb600px\u00bb][\/vc_column][vc_column width=\u00bb1\/2&#8243; style=\u00bbcolumn-style-2&#8243; css=\u00bb.vc_custom_1581938483852{background-image: url(https:\/\/pladelscatalans.com\/wp-content\/uploads\/2018\/06\/sala-de-bodas-original-masia-pla-dels-catalans.jpg?id=3887) !important;background-position: center !important;background-repeat: no-repeat !important;background-size: cover !important;}\u00bb][vc_empty_space height=\u00bb600px\u00bb][\/vc_column][\/vc_row][vc_row css=\u00bb.vc_custom_1442745126772{padding-top: 5% !important;padding-bottom: 5% !important;}\u00bb][vc_column][vc_row_inner][vc_column_inner width=\u00bb1\/3&#8243;]\n        <div class=\"calluna-icon-box clr calluna-icon-box-four align-center\">\n                            <img decoding=\"async\" class=\"calluna-icon-box-four-img-alt\" src=\"https:\/\/pladelscatalans.com\/wp-content\/uploads\/2015\/09\/menjadors-pla-dels-catalans.svg\" alt=\"Comedores\" style=\"width:80px;\" \/>\n                            <h4 class=\"calluna-icon-box-four-heading \" style=color:#212121;>\n                    Comedores                <\/h4>\n                            <div class=\"calluna-icon-box-four-content clr\">\n                    <p>El Restaurante disfruta de 3 comedores separados.<\/p>\n                <\/div>\n                    <\/div>\n        \n        [\/vc_column_inner][vc_column_inner width=\u00bb1\/3&#8243;]\n        <div class=\"calluna-icon-box clr calluna-icon-box-four align-center\">\n                            <img decoding=\"async\" class=\"calluna-icon-box-four-img-alt\" src=\"https:\/\/pladelscatalans.com\/wp-content\/uploads\/2015\/09\/piscina-pla-dels-catalans.svg\" alt=\"Piscina\" style=\"width:80px;\" \/>\n                            <h4 class=\"calluna-icon-box-four-heading \" style=color:#212121;>\n                    Piscina                <\/h4>\n                            <div class=\"calluna-icon-box-four-content clr\">\n                    <p>Disfruten de la piscina al aire libre durante los meses de verano.<\/p>\n                <\/div>\n                    <\/div>\n        \n        [\/vc_column_inner][vc_column_inner width=\u00bb1\/3&#8243;]\n        <div class=\"calluna-icon-box clr calluna-icon-box-four align-center\">\n                            <img decoding=\"async\" class=\"calluna-icon-box-four-img-alt\" src=\"https:\/\/pladelscatalans.com\/wp-content\/uploads\/2015\/09\/camp-futbol-pla-dels-catalans.svg\" alt=\"Campo de F\u00fatbol\" style=\"width:80px;\" \/>\n                            <h4 class=\"calluna-icon-box-four-heading \" style=color:#212121;>\n                    Campo de F\u00fatbol                <\/h4>\n                            <div class=\"calluna-icon-box-four-content clr\">\n                    <p>Para que disfrutes de un d\u00eda fant\u00e1stico en compa\u00f1\u00eda de tu familia o amigos.<\/p>\n                <\/div>\n                    <\/div>\n        \n        [\/vc_column_inner][\/vc_row_inner][vc_row_inner][vc_column_inner][vc_empty_space][\/vc_column_inner][\/vc_row_inner][vc_row_inner][vc_column_inner width=\u00bb1\/3&#8243;]\n        <div class=\"calluna-icon-box clr calluna-icon-box-four align-center\">\n                            <img decoding=\"async\" class=\"calluna-icon-box-four-img-alt\" src=\"https:\/\/pladelscatalans.com\/wp-content\/uploads\/2015\/09\/inflables-pla-dels-catalans.svg\" alt=\"Inflables\" style=\"width:80px;\" \/>\n                            <h4 class=\"calluna-icon-box-four-heading \" style=color:#212121;>\n                    Inflables                <\/h4>\n                            <div class=\"calluna-icon-box-four-content clr\">\n                    <p>Ideal para que los ni\u00f1os de todos los edades disfruten de cumplea\u00f1os, fiestas infantiles y comuniones.<\/p>\n                <\/div>\n                    <\/div>\n        \n        [\/vc_column_inner][vc_column_inner width=\u00bb1\/3&#8243;]\n        <div class=\"calluna-icon-box clr calluna-icon-box-four align-center\">\n                            <img decoding=\"async\" class=\"calluna-icon-box-four-img-alt\" src=\"https:\/\/pladelscatalans.com\/wp-content\/uploads\/2015\/09\/jardins-pla-dels-catalans.svg\" alt=\"Jardines\" style=\"width:80px;\" \/>\n                            <h4 class=\"calluna-icon-box-four-heading \" style=color:#212121;>\n                    Jardines                <\/h4>\n                            <div class=\"calluna-icon-box-four-content clr\">\n                    <p>Jardines con estanques y fant\u00e1sticas cascadas perfectas para realizar tu boda o celebraci\u00f3n.<\/p>\n                <\/div>\n                    <\/div>\n        \n        [\/vc_column_inner][vc_column_inner width=\u00bb1\/3&#8243;]\n        <div class=\"calluna-icon-box clr calluna-icon-box-four align-center\">\n                            <img decoding=\"async\" class=\"calluna-icon-box-four-img-alt\" src=\"https:\/\/pladelscatalans.com\/wp-content\/uploads\/2015\/09\/granja-escola-pla-dels-catalans.svg\" alt=\"Granja-Escuela\" style=\"width:80px;\" \/>\n                            <h4 class=\"calluna-icon-box-four-heading \" style=color:#212121;>\n                    Granja-Escuela                <\/h4>\n                            <div class=\"calluna-icon-box-four-content clr\">\n                    <p>Peque\u00f1a muestra de nuestra flora y fauna aut\u00f3ctona, para acercar a los m\u00e1s peque\u00f1a a la vida rural anta\u00f1o.<\/p>\n                <\/div>\n                    <\/div>\n        \n        [\/vc_column_inner][\/vc_row_inner][\/vc_column][\/vc_row][vc_row full_width=\u00bbstretch_row_content_no_spaces\u00bb css=\u00bb.vc_custom_1582042836442{margin-bottom: -60px !important;padding-top: 5% !important;padding-right: 8% !important;padding-bottom: 5% !important;padding-left: 8% !important;background-color: #b2b2b2 !important;}\u00bb][vc_column css=\u00bb.vc_custom_1582042273333{margin-bottom: 5% !important;}\u00bb][vc_column_text]\n<div id=\"sb_instagram\"  class=\"sbi sbi_mob_col_1 sbi_tab_col_2 sbi_col_3\" style=\"padding-bottom: 10px; width: 100%;\"\t data-feedid=\"*1\"  data-res=\"auto\" data-cols=\"3\" data-colsmobile=\"1\" data-colstablet=\"2\" data-num=\"9\" data-nummobile=\"\" data-item-padding=\"5\"\t data-shortcode-atts=\"{}\"  data-postid=\"2898\" data-locatornonce=\"734d144a61\" data-imageaspectratio=\"1:1\" data-sbi-flags=\"favorLocal,gdpr\">\n\t\n\t<div id=\"sbi_images\"  style=\"gap: 10px;\">\n\t\t\t<\/div>\n\n\t<div id=\"sbi_load\" >\n\n\t\n\t\t\t<span class=\"sbi_follow_btn sbi_custom\" >\n\t\t\t<a target=\"_blank\"\n\t\t\t\trel=\"nofollow noopener\"  href=\"https:\/\/www.instagram.com\/pladelscatalans\/\" style=\"background: rgb(41,138,8);color: rgb(255,255,255);\">\n\t\t\t\t<svg class=\"svg-inline--fa fa-instagram fa-w-14\" aria-hidden=\"true\" data-fa-processed=\"\" aria-label=\"Instagram\" data-prefix=\"fab\" data-icon=\"instagram\" role=\"img\" viewBox=\"0 0 448 512\">\n                    <path fill=\"currentColor\" d=\"M224.1 141c-63.6 0-114.9 51.3-114.9 114.9s51.3 114.9 114.9 114.9S339 319.5 339 255.9 287.7 141 224.1 141zm0 189.6c-41.1 0-74.7-33.5-74.7-74.7s33.5-74.7 74.7-74.7 74.7 33.5 74.7 74.7-33.6 74.7-74.7 74.7zm146.4-194.3c0 14.9-12 26.8-26.8 26.8-14.9 0-26.8-12-26.8-26.8s12-26.8 26.8-26.8 26.8 12 26.8 26.8zm76.1 27.2c-1.7-35.9-9.9-67.7-36.2-93.9-26.2-26.2-58-34.4-93.9-36.2-37-2.1-147.9-2.1-184.9 0-35.8 1.7-67.6 9.9-93.9 36.1s-34.4 58-36.2 93.9c-2.1 37-2.1 147.9 0 184.9 1.7 35.9 9.9 67.7 36.2 93.9s58 34.4 93.9 36.2c37 2.1 147.9 2.1 184.9 0 35.9-1.7 67.7-9.9 93.9-36.2 26.2-26.2 34.4-58 36.2-93.9 2.1-37 2.1-147.8 0-184.8zM398.8 388c-7.8 19.6-22.9 34.7-42.6 42.6-29.5 11.7-99.5 9-132.1 9s-102.7 2.6-132.1-9c-19.6-7.8-34.7-22.9-42.6-42.6-11.7-29.5-9-99.5-9-132.1s-2.6-102.7 9-132.1c7.8-19.6 22.9-34.7 42.6-42.6 29.5-11.7 99.5-9 132.1-9s102.7-2.6 132.1 9c19.6 7.8 34.7 22.9 42.6 42.6 11.7 29.5 9 99.5 9 132.1s2.7 102.7-9 132.1z\"><\/path>\n                <\/svg>\t\t\t\t<span>Segueix-me a Instagram<\/span>\n\t\t\t<\/a>\n\t\t<\/span>\n\t\n<\/div>\n\t\t<span class=\"sbi_resized_image_data\" data-feed-id=\"*1\"\n\t\t  data-resized=\"[]\">\n\t<\/span>\n\t<\/div>\n\n[\/vc_column_text][\/vc_column][\/vc_row][vc_row full_width=\u00bbstretch_row_content_no_spaces\u00bb css=\u00bb.vc_custom_1498977751495{margin-bottom: -40px !important;}\u00bb][vc_column][vc_raw_html]JTNDaWZyYW1lJTIwc3JjJTNEJTIyaHR0cHMlM0ElMkYlMkZ3d3cuZ29vZ2xlLmNvbSUyRm1hcHMlMkZlbWJlZCUzRnBiJTNEJTIxMW0xOCUyMTFtMTIlMjExbTMlMjExZDMwMjIuMzg2MTgyNjk2NzI0JTIxMmQwLjU5NTU4OTkxNTQwNjI0NjIlMjEzZDQwLjc1MzUzMDE3OTMyNzQ0JTIxMm0zJTIxMWYwJTIxMmYwJTIxM2YwJTIxM20yJTIxMWkxMDI0JTIxMmk3NjglMjE0ZjEzLjElMjEzbTMlMjExbTIlMjExczB4MTJhMGZkODFjNmU4ZmJkYiUyNTNBMHhiY2MzYjcxNDgwZjA4NGU5JTIxMnNNYXNpYSUyQkVsJTJCUGxhJTJCZGVscyUyQkNhdGFsYW5zJTIxNWUwJTIxM20yJTIxMXNlcyUyMTJzZXMlMjE0djE0NzY5NTc2MzEwOTclMjIlMjB3aWR0aCUzRCUyMjEwMCUyNSUyMiUyMGhlaWdodCUzRCUyMjUwMCUyMiUyMGZyYW1lYm9yZGVyJTNEJTIyMCUyMiUyMHN0eWxlJTNEJTIyYm9yZGVyJTNBMCUyMiUyMGFsbG93ZnVsbHNjcmVlbiUzRSUzQyUyRmlmcmFtZSUzRQ==[\/vc_raw_html][\/vc_column][\/vc_row][vc_row][vc_column width=\u00bb1\/4&#8243;][\/vc_column][vc_column width=\u00bb1\/2&#8243;][vc_single_image image=\u00bb5484&#8243; img_size=\u00bbfull\u00bb add_caption=\u00bbyes\u00bb alignment=\u00bbcenter\u00bb onclick=\u00bbcustom_link\u00bb link=\u00bbhttps:\/\/pladelscatalans.com\/es\/pdr-cat-2020\/\u00bb][\/vc_column][vc_column width=\u00bb1\/4&#8243;][\/vc_column][\/vc_row][vc_row][vc_column][vc_column_text]\n<hr \/>\n<p style=\"text-align: center;\"><strong>Aquesta actuaci\u00e9 est\u00e0 impulsada i subvencionada pel Servei P\u00fcblic d\u2019Ocupaci\u00e9 de Catalunya i finan\u00e7ada al 100 0\/0<br \/>\npel Fons Social Europeu com a part de la resposta de la Uni\u00e9 Europea a la pand\u00e8mia de COVID-19.<\/strong><\/p>\n<hr \/>\n[\/vc_column_text][vc_row_inner][vc_column_inner width=\u00bb1\/6&#8243;][\/vc_column_inner][vc_column_inner width=\u00bb1\/6&#8243;][vc_single_image image=\u00bb7660&#8243; img_size=\u00bbfull\u00bb alignment=\u00bbcenter\u00bb][\/vc_column_inner][vc_column_inner width=\u00bb1\/6&#8243;][vc_single_image image=\u00bb7662&#8243; img_size=\u00bbfull\u00bb alignment=\u00bbcenter\u00bb][\/vc_column_inner][vc_column_inner width=\u00bb1\/6&#8243;][vc_single_image image=\u00bb7658&#8243; img_size=\u00bbfull\u00bb alignment=\u00bbcenter\u00bb][\/vc_column_inner][vc_column_inner width=\u00bb1\/6&#8243;][vc_single_image image=\u00bb7664&#8243; img_size=\u00bbfull\u00bb alignment=\u00bbcenter\u00bb][\/vc_column_inner][vc_column_inner width=\u00bb1\/6&#8243;][\/vc_column_inner][\/vc_row_inner][\/vc_column][\/vc_row]\n","protected":false},"excerpt":{"rendered":"<p>[vc_row full_width=\u00bbstretch_row\u00bb equal_height_columns=\u00bbyes\u00bb css=\u00bb.vc_custom_1508769269186{margin-top: 3% !important;margin-bottom: 3% !important;background-position: center !important;background-repeat: no-repeat !important;background-size: cover !important;border-radius: 4px !important;}\u00bb][vc_column css=\u00bb.vc_custom_1442582667567{padding-top: 5% !important;padding-bottom: 5% !important;}\u00bb offset=\u00bbvc_col-md-6&#8243;][vc_column_text css=\u00bb.vc_custom_1510667012788{margin-bottom: 35px !important;}\u00bb el_class=\u00bbseparator\u00bb][\/vc_column_text][\/vc_column][vc_column css=\u00bb.vc_custom_1442083051816{padding-top: 5% !important;padding-bottom: 5% !important;padding-left: 6% !important;border-radius: 3px !important;}\u00bb offset=\u00bbvc_col-md-6&#8243;][vc_column_text css=\u00bb.vc_custom_1530272918258{margin-bottom: 35px !important;}\u00bb el_class=\u00bbseparator\u00bb][\/vc_column_text][\/vc_column][\/vc_row][vc_row full_width=\u00bbstretch_row_content\u00bb el_class=\u00bbhidden-xs\u00bb css=\u00bb.vc_custom_1477400731213{background-position: center !important;background-repeat: no-repeat !important;background-size: cover !important;}\u00bb][vc_column width=\u00bb1\/2&#8243; css=\u00bb.vc_custom_1581938449947{background-image: url(https:\/\/pladelscatalans.com\/wp-content\/uploads\/2018\/10\/sopars-empresa-pla.jpg?id=4023) !important;background-position: center !important;background-repeat: [&hellip;]<\/p>\n","protected":false},"author":1,"featured_media":5314,"parent":0,"menu_order":0,"comment_status":"closed","ping_status":"closed","template":"","meta":{"footnotes":""},"class_list":["post-2898","page","type-page","status-publish","has-post-thumbnail","hentry"],"yoast_head":"<!-- This site is optimized with the Yoast SEO plugin v26.1.1 - https:\/\/yoast.com\/wordpress\/plugins\/seo\/ -->\n<title>Masia Pla dels Catalans - Restaurante &amp; Eventos<\/title>\n<meta name=\"description\" content=\"Restaurante Mas\u00eda Pla dels Catalans tiene m\u00e1s de 50 a\u00f1os de experiencia organizando eventos.Estamos en l&#039;Aldea (Baix Ebre),en la salida 40 de la AP-7.\" \/>\n<meta name=\"robots\" content=\"index, follow, max-snippet:-1, max-image-preview:large, max-video-preview:-1\" \/>\n<link rel=\"canonical\" href=\"https:\/\/pladelscatalans.com\/es\/\" \/>\n<meta property=\"og:locale\" content=\"es_ES\" \/>\n<meta property=\"og:type\" content=\"article\" \/>\n<meta property=\"og:title\" content=\"Masia Pla dels Catalans - Restaurante &amp; Eventos\" \/>\n<meta property=\"og:description\" content=\"Restaurante Mas\u00eda Pla dels Catalans tiene m\u00e1s de 50 a\u00f1os de experiencia organizando eventos.Estamos en l&#039;Aldea (Baix Ebre),en la salida 40 de la AP-7.\" \/>\n<meta property=\"og:url\" content=\"https:\/\/pladelscatalans.com\/es\/\" \/>\n<meta property=\"og:site_name\" content=\"Pla dels Catalans\" \/>\n<meta property=\"article:modified_time\" content=\"2022-12-14T15:13:16+00:00\" \/>\n<meta name=\"twitter:card\" content=\"summary_large_image\" \/>\n<meta name=\"twitter:label1\" content=\"Tiempo de lectura\" \/>\n\t<meta name=\"twitter:data1\" content=\"3 minutos\" \/>\n<script type=\"application\/ld+json\" class=\"yoast-schema-graph\">{\"@context\":\"https:\/\/schema.org\",\"@graph\":[{\"@type\":\"WebPage\",\"@id\":\"https:\/\/pladelscatalans.com\/es\/\",\"url\":\"https:\/\/pladelscatalans.com\/es\/\",\"name\":\"Masia Pla dels Catalans - Restaurante & Eventos\",\"isPartOf\":{\"@id\":\"https:\/\/pladelscatalans.com\/es\/#website\"},\"primaryImageOfPage\":{\"@id\":\"https:\/\/pladelscatalans.com\/es\/#primaryimage\"},\"image\":{\"@id\":\"https:\/\/pladelscatalans.com\/es\/#primaryimage\"},\"thumbnailUrl\":\"https:\/\/pladelscatalans.com\/wp-content\/uploads\/2020\/02\/comuinones-pla-dels-catalsn.jpg\",\"datePublished\":\"2015-09-18T13:52:08+00:00\",\"dateModified\":\"2022-12-14T15:13:16+00:00\",\"description\":\"Restaurante Mas\u00eda Pla dels Catalans tiene m\u00e1s de 50 a\u00f1os de experiencia organizando eventos.Estamos en l'Aldea (Baix Ebre),en la salida 40 de la AP-7.\",\"breadcrumb\":{\"@id\":\"https:\/\/pladelscatalans.com\/es\/#breadcrumb\"},\"inLanguage\":\"es\",\"potentialAction\":[{\"@type\":\"ReadAction\",\"target\":[\"https:\/\/pladelscatalans.com\/es\/\"]}]},{\"@type\":\"ImageObject\",\"inLanguage\":\"es\",\"@id\":\"https:\/\/pladelscatalans.com\/es\/#primaryimage\",\"url\":\"https:\/\/pladelscatalans.com\/wp-content\/uploads\/2020\/02\/comuinones-pla-dels-catalsn.jpg\",\"contentUrl\":\"https:\/\/pladelscatalans.com\/wp-content\/uploads\/2020\/02\/comuinones-pla-dels-catalsn.jpg\",\"width\":1200,\"height\":900,\"caption\":\"masia pla dels catalans restaurant esdeveniments tarragona tortosa comunions bodes casaments\"},{\"@type\":\"BreadcrumbList\",\"@id\":\"https:\/\/pladelscatalans.com\/es\/#breadcrumb\",\"itemListElement\":[{\"@type\":\"ListItem\",\"position\":1,\"name\":\"Inici\",\"item\":\"https:\/\/pladelscatalans.com\/es\/\"},{\"@type\":\"ListItem\",\"position\":2,\"name\":\"Pla dels Catalans\"}]},{\"@type\":\"WebSite\",\"@id\":\"https:\/\/pladelscatalans.com\/es\/#website\",\"url\":\"https:\/\/pladelscatalans.com\/es\/\",\"name\":\"Pla dels Catalans\",\"description\":\"Escenari singular per a celebracions singulars. Bodes, banquets, convencions i festes.\",\"publisher\":{\"@id\":\"https:\/\/pladelscatalans.com\/es\/#\/schema\/person\/9614a393b04d64415b7cfb071c9e23dd\"},\"potentialAction\":[{\"@type\":\"SearchAction\",\"target\":{\"@type\":\"EntryPoint\",\"urlTemplate\":\"https:\/\/pladelscatalans.com\/es\/?s={search_term_string}\"},\"query-input\":{\"@type\":\"PropertyValueSpecification\",\"valueRequired\":true,\"valueName\":\"search_term_string\"}}],\"inLanguage\":\"es\"},{\"@type\":[\"Person\",\"Organization\"],\"@id\":\"https:\/\/pladelscatalans.com\/es\/#\/schema\/person\/9614a393b04d64415b7cfb071c9e23dd\",\"name\":\"Pla dels Catalans\",\"logo\":{\"@id\":\"https:\/\/pladelscatalans.com\/es\/#\/schema\/person\/image\/\"}}]}<\/script>\n<!-- \/ Yoast SEO plugin. -->","yoast_head_json":{"title":"Masia Pla dels Catalans - Restaurante & Eventos","description":"Restaurante Mas\u00eda Pla dels Catalans tiene m\u00e1s de 50 a\u00f1os de experiencia organizando eventos.Estamos en l'Aldea (Baix Ebre),en la salida 40 de la AP-7.","robots":{"index":"index","follow":"follow","max-snippet":"max-snippet:-1","max-image-preview":"max-image-preview:large","max-video-preview":"max-video-preview:-1"},"canonical":"https:\/\/pladelscatalans.com\/es\/","og_locale":"es_ES","og_type":"article","og_title":"Masia Pla dels Catalans - Restaurante & Eventos","og_description":"Restaurante Mas\u00eda Pla dels Catalans tiene m\u00e1s de 50 a\u00f1os de experiencia organizando eventos.Estamos en l'Aldea (Baix Ebre),en la salida 40 de la AP-7.","og_url":"https:\/\/pladelscatalans.com\/es\/","og_site_name":"Pla dels Catalans","article_modified_time":"2022-12-14T15:13:16+00:00","twitter_card":"summary_large_image","twitter_misc":{"Tiempo de lectura":"3 minutos"},"schema":{"@context":"https:\/\/schema.org","@graph":[{"@type":"WebPage","@id":"https:\/\/pladelscatalans.com\/es\/","url":"https:\/\/pladelscatalans.com\/es\/","name":"Masia Pla dels Catalans - Restaurante & Eventos","isPartOf":{"@id":"https:\/\/pladelscatalans.com\/es\/#website"},"primaryImageOfPage":{"@id":"https:\/\/pladelscatalans.com\/es\/#primaryimage"},"image":{"@id":"https:\/\/pladelscatalans.com\/es\/#primaryimage"},"thumbnailUrl":"https:\/\/pladelscatalans.com\/wp-content\/uploads\/2020\/02\/comuinones-pla-dels-catalsn.jpg","datePublished":"2015-09-18T13:52:08+00:00","dateModified":"2022-12-14T15:13:16+00:00","description":"Restaurante Mas\u00eda Pla dels Catalans tiene m\u00e1s de 50 a\u00f1os de experiencia organizando eventos.Estamos en l'Aldea (Baix Ebre),en la salida 40 de la AP-7.","breadcrumb":{"@id":"https:\/\/pladelscatalans.com\/es\/#breadcrumb"},"inLanguage":"es","potentialAction":[{"@type":"ReadAction","target":["https:\/\/pladelscatalans.com\/es\/"]}]},{"@type":"ImageObject","inLanguage":"es","@id":"https:\/\/pladelscatalans.com\/es\/#primaryimage","url":"https:\/\/pladelscatalans.com\/wp-content\/uploads\/2020\/02\/comuinones-pla-dels-catalsn.jpg","contentUrl":"https:\/\/pladelscatalans.com\/wp-content\/uploads\/2020\/02\/comuinones-pla-dels-catalsn.jpg","width":1200,"height":900,"caption":"masia pla dels catalans restaurant esdeveniments tarragona tortosa comunions bodes casaments"},{"@type":"BreadcrumbList","@id":"https:\/\/pladelscatalans.com\/es\/#breadcrumb","itemListElement":[{"@type":"ListItem","position":1,"name":"Inici","item":"https:\/\/pladelscatalans.com\/es\/"},{"@type":"ListItem","position":2,"name":"Pla dels Catalans"}]},{"@type":"WebSite","@id":"https:\/\/pladelscatalans.com\/es\/#website","url":"https:\/\/pladelscatalans.com\/es\/","name":"Pla dels Catalans","description":"Escenari singular per a celebracions singulars. Bodes, banquets, convencions i festes.","publisher":{"@id":"https:\/\/pladelscatalans.com\/es\/#\/schema\/person\/9614a393b04d64415b7cfb071c9e23dd"},"potentialAction":[{"@type":"SearchAction","target":{"@type":"EntryPoint","urlTemplate":"https:\/\/pladelscatalans.com\/es\/?s={search_term_string}"},"query-input":{"@type":"PropertyValueSpecification","valueRequired":true,"valueName":"search_term_string"}}],"inLanguage":"es"},{"@type":["Person","Organization"],"@id":"https:\/\/pladelscatalans.com\/es\/#\/schema\/person\/9614a393b04d64415b7cfb071c9e23dd","name":"Pla dels Catalans","logo":{"@id":"https:\/\/pladelscatalans.com\/es\/#\/schema\/person\/image\/"}}]}},"_links":{"self":[{"href":"https:\/\/pladelscatalans.com\/es\/wp-json\/wp\/v2\/pages\/2898","targetHints":{"allow":["GET"]}}],"collection":[{"href":"https:\/\/pladelscatalans.com\/es\/wp-json\/wp\/v2\/pages"}],"about":[{"href":"https:\/\/pladelscatalans.com\/es\/wp-json\/wp\/v2\/types\/page"}],"author":[{"embeddable":true,"href":"https:\/\/pladelscatalans.com\/es\/wp-json\/wp\/v2\/users\/1"}],"replies":[{"embeddable":true,"href":"https:\/\/pladelscatalans.com\/es\/wp-json\/wp\/v2\/comments?post=2898"}],"version-history":[{"count":2,"href":"https:\/\/pladelscatalans.com\/es\/wp-json\/wp\/v2\/pages\/2898\/revisions"}],"predecessor-version":[{"id":7668,"href":"https:\/\/pladelscatalans.com\/es\/wp-json\/wp\/v2\/pages\/2898\/revisions\/7668"}],"wp:featuredmedia":[{"embeddable":true,"href":"https:\/\/pladelscatalans.com\/es\/wp-json\/wp\/v2\/media\/5314"}],"wp:attachment":[{"href":"https:\/\/pladelscatalans.com\/es\/wp-json\/wp\/v2\/media?parent=2898"}],"curies":[{"name":"wp","href":"https:\/\/api.w.org\/{rel}","templated":true}]}}