{"id":2860,"date":"2015-09-20T15:32:14","date_gmt":"2015-09-20T13:32:14","guid":{"rendered":"http:\/\/pladelscatalans.com\/contacte\/?lang=es"},"modified":"2026-02-03T13:06:42","modified_gmt":"2026-02-03T12:06:42","slug":"contacto","status":"publish","type":"page","link":"https:\/\/pladelscatalans.com\/es\/contacto\/","title":{"rendered":"Contacto"},"content":{"rendered":"[vc_row full_width=\u00bbstretch_row\u00bb][vc_column css=\u00bb.vc_custom_1442756448151{padding-top: 3% !important;padding-bottom: 3% !important;}\u00bb]<h2 class=\"calluna-heading calluna-heading-single-line text-align-left \" ><span>Pla dels Catalans<\/span><\/h2>[vc_column_text]<p class=\"teaser\" style=\"color:#444444; text-align:left;\">En el Restaurante Mas\u00eda Pla dels Catalans, diversidad y calidad van de la mano para satisfacer las m\u00e1s ampl\u00edas exigencias de todos nuestros clientes. Con m\u00e1s de 50 a\u00f1os de experiencia organizando eventos, el Restaurante Mas\u00eda Pla dels Catalans es el lugar id\u00f3neo para llevar a cabo todo tipo de celebraciones.<\/p>[\/vc_column_text][\/vc_column][\/vc_row][vc_row full_width=\u00bbstretch_row\u00bb css=\u00bb.vc_custom_1457438896520{padding-top: 3% !important;padding-bottom: 3% !important;}\u00bb][vc_column width=\u00bb1\/3&#8243;]\n        <div class=\"calluna-icon-box clr calluna-icon-box-four align-center\">\n                            <img decoding=\"async\" class=\"calluna-icon-box-four-img-alt\" src=\"https:\/\/pladelscatalans.com\/wp-content\/uploads\/2015\/09\/direccio-masia-pla-dels-catalans.png\" alt=\"DIRECCI\u00d3N\" style=\"width:80px;\" \/>\n                            <h4 class=\"calluna-icon-box-four-heading text-transform-capitalize\" style=color:#444444;font-size:20px;letter-spacing:1px;>\n                    DIRECCI\u00d3N                <\/h4>\n                            <div class=\"calluna-icon-box-four-content clr\">\n                    <p>Ctra. Tortosa &#8211; L&#8217;Aldea, Km. 11&#8217;5<br \/>\nSalida 40 de la AP-7<br \/>\n43896 L&#8217;Aldea (Tarragona)<\/p>\n                <\/div>\n                    <\/div>\n        \n        [\/vc_column][vc_column width=\u00bb1\/3&#8243;]\n        <div class=\"calluna-icon-box clr calluna-icon-box-four align-center\">\n                            <img decoding=\"async\" class=\"calluna-icon-box-four-img-alt\" src=\"https:\/\/pladelscatalans.com\/wp-content\/uploads\/2015\/09\/telefono-masia-pla-dels-catalans.png\" alt=\"TEL\u00c9FONO\" style=\"width:80px;\" \/>\n                            <h4 class=\"calluna-icon-box-four-heading text-transform-capitalize\" style=color:#444444;>\n                    TEL\u00c9FONO                <\/h4>\n                            <div class=\"calluna-icon-box-four-content clr\">\n                    <p>24\/7 Reserva\u00a0telef\u00f3nica<br \/>\nTlfn: 977 450 003<br \/>\nFax: 977 450 051<\/p>\n                <\/div>\n                    <\/div>\n        \n        [\/vc_column][vc_column width=\u00bb1\/3&#8243;]\n        <div class=\"calluna-icon-box clr calluna-icon-box-four align-center\">\n                            <img decoding=\"async\" class=\"calluna-icon-box-four-img-alt\" src=\"https:\/\/pladelscatalans.com\/wp-content\/uploads\/2015\/09\/email-masia-pla-dels-catalans.png\" alt=\"E-MAIL\" style=\"width:80px;\" \/>\n                            <h4 class=\"calluna-icon-box-four-heading text-transform-capitalize\" style=color:#444444;>\n                    E-MAIL                <\/h4>\n                            <div class=\"calluna-icon-box-four-content clr\">\n                    <p><a href=\"mailto:info@pladelscatalans.com\">Reserva ahora por email<\/a><\/p>\n                <\/div>\n                    <\/div>\n        \n        [\/vc_column][\/vc_row][vc_row full_width=\u00bbstretch_row\u00bb css=\u00bb.vc_custom_1457034493259{padding-top: 3% !important;padding-bottom: 3% !important;}\u00bb][vc_column]<h2 class=\"calluna-heading calluna-heading-single-line text-align-left \" ><span>Formulario de contacto<\/span><\/h2>\n<div class=\"wpcf7 no-js\" id=\"wpcf7-f2467-o1\" lang=\"es-ES\" dir=\"ltr\" data-wpcf7-id=\"2467\">\n<div class=\"screen-reader-response\"><p role=\"status\" aria-live=\"polite\" aria-atomic=\"true\"><\/p> <ul><\/ul><\/div>\n<form action=\"\/es\/wp-json\/wp\/v2\/pages\/2860#wpcf7-f2467-o1\" method=\"post\" class=\"wpcf7-form init\" aria-label=\"Formulario de contacto\" novalidate=\"novalidate\" data-status=\"init\">\n<fieldset class=\"hidden-fields-container\"><input type=\"hidden\" name=\"_wpcf7\" value=\"2467\" \/><input type=\"hidden\" name=\"_wpcf7_version\" value=\"6.1.4\" \/><input type=\"hidden\" name=\"_wpcf7_locale\" value=\"es_ES\" \/><input type=\"hidden\" name=\"_wpcf7_unit_tag\" value=\"wpcf7-f2467-o1\" \/><input type=\"hidden\" name=\"_wpcf7_container_post\" value=\"0\" \/><input type=\"hidden\" name=\"_wpcf7_posted_data_hash\" value=\"\" \/><input type=\"hidden\" name=\"_wpcf7_recaptcha_response\" value=\"\" \/>\n<\/fieldset>\n<div class=\"row\">\n  <div class=\"col-sm-6\">\n    <div class=\"form-group nombre\"><label class=\"\">Nombre <span class=\"required\">*<\/span><\/label><input class=\"wpcf7-form-control wpcf7-text wpcf7-validates-as-required form-control\" name=\"nombre\" type=\"text\" value=\"\" aria-invalid=\"false\" aria-required=\"true\" required><\/div>\n  <\/div>\n  <div class=\"col-sm-6\">\n    <div class=\"form-group telefonoes\"><label class=\"\">Tel\u00e9fono <span class=\"required\">*<\/span><\/label><input class=\"wpcf7-form-control wpcf7-text wpcf7-validates-as-required form-control\" name=\"telefonoes\" type=\"text\" value=\"\" aria-invalid=\"false\" aria-required=\"true\" required><\/div>\n  <\/div>\n<\/div>\n\n<div class=\"row\">\n  <div class=\"col-sm-6\">\n    <div class=\"form-group email\"><label class=\"\">E-Mail <span class=\"required\">*<\/span><\/label><input class=\"wpcf7-form-control wpcf7-email wpcf7-validates-as-required wpcf7-text wpcf7-validates-as-email form-control\" name=\"email\" type=\"text\" value=\"\" aria-invalid=\"false\" aria-required=\"true\" required><\/div> \n  <\/div>\n  <div class=\"col-sm-6\">\n<div class=\"form-group emailcon\"><label class=\"\">E-Mail de confirmaci\u00f3n<\/label><input class=\"wpcf7-form-control wpcf7-email wpcf7-text wpcf7-validates-as-email form-control\" name=\"emailcon\" type=\"text\" value=\"\" aria-invalid=\"false\"><\/div> \n  <\/div>\n<\/div>\n\n<div class=\"row\">\n  <div class=\"col-sm-12\">\n<div class=\"form-group mensaje\"><label class=\"\">Mensaje <span class=\"required\">*<\/span><\/label><textarea class=\"wpcf7-form-control wpcf7-textarea wpcf7-validates-as-required form-control\" name=\"mensaje\" rows=\"4\" aria-invalid=\"false\" aria-required=\"true\" required><\/textarea><\/div>\n <\/div>\n\n<\/div>\n<div class=\"row\">\n  <div class=\"col-sm-6\">\n<div class=\"form-group wpcf7-form-control wpcf7-checkbox wpcf7-validates-as-required checkbox-189\"><div class=\"checkbox wpcf7-form-control wpcf7-checkbox wpcf7-validates-as-required checkbox-189\"><label ><input name=\"checkbox-189\" type=\"checkbox\" value=\"He le\u00eddo y acepto la Pol\u00edtica de privacidad .\" aria-invalid=\"false\" aria-required=\"true\" required>He le\u00eddo y acepto la Pol\u00edtica de privacidad .<\/label><\/div><\/div>\n  <\/div>\n  <div class=\"col-sm-6\">\n<div class=\"form-group wpcf7-form-control wpcf7-checkbox checkbox-189\"><div class=\"checkbox wpcf7-form-control wpcf7-checkbox checkbox-189\"><label ><input name=\"checkbox-189\" type=\"checkbox\" value=\"S\u00ed, quiero recibir informaci\u00f3n y publicidad de las empresas pertenecientes a VILLARETIRO GRUP.\" aria-invalid=\"false\">S\u00ed, quiero recibir informaci\u00f3n y publicidad de las empresas pertenecientes a VILLARETIRO GRUP.<\/label><\/div><\/div>\n  <\/div>\n<\/div>\n\n\n<div class=\"row\">\n  <div class=\"col-sm-6\">\n    <div class=\"btn-primary-container\">\n     <div class=\"form-group\"><div><input class=\"wpcf7-form-control wpcf7-submit btn btn-primary style-2\" type=\"submit\" value=\"Enviar\"><\/div><\/div>\n    <\/div>\n  <\/div>\n<\/div>\n<button\nclass=\"g-recaptcha\"\ndata-sitekey=\"6LeT9zYUAAAAAN79bx9po2BSHoEUOUvCyjZQmpn9\"\ndata-callback=\"YourOnSubmitFn\">\n<\/button><p style=\"display: none !important;\" class=\"akismet-fields-container\" data-prefix=\"_wpcf7_ak_\"><label>&#916;<textarea name=\"_wpcf7_ak_hp_textarea\" cols=\"45\" rows=\"8\" maxlength=\"100\"><\/textarea><\/label><input type=\"hidden\" id=\"ak_js_1\" name=\"_wpcf7_ak_js\" value=\"24\"\/><script>document.getElementById( \"ak_js_1\" ).setAttribute( \"value\", ( new Date() ).getTime() );<\/script><\/p><input type='hidden' class='wpcf7-pum' value='{\"closepopup\":false,\"closedelay\":0,\"openpopup\":false,\"openpopup_id\":0}' \/><div class=\"wpcf7-response-output alert alert-warning\"><\/div>\n<\/form>\n<\/div>\n[vc_empty_space][vc_column_text]\n<p data-textformat=\"{&quot;ff&quot;:&quot;verdana,dejavu sans,sans-serif&quot;,&quot;fgc&quot;:&quot;rgb(0,0,0)&quot;,&quot;size&quot;:10,&quot;fs&quot;:&quot;italic&quot;}\" data-doc-id=\"3000003978256\">Av\u00edso Legal<\/p>\n<p class=\"zw-paragraph\" data-textformat=\"{&quot;ff&quot;:&quot;verdana,dejavu sans,sans-serif&quot;,&quot;fgc&quot;:&quot;rgb(0,0,0)&quot;,&quot;size&quot;:10,&quot;fs&quot;:&quot;italic&quot;}\" data-doc-id=\"3000003978256\">Responsable: MAS\u00cdA PLA DELS CATALANS S.L<\/p>\n<p class=\"zw-paragraph\" data-textformat=\"{&quot;ff&quot;:&quot;verdana,dejavu sans,sans-serif&quot;,&quot;fgc&quot;:&quot;rgb(0,0,0)&quot;,&quot;size&quot;:10,&quot;fs&quot;:&quot;italic&quot;}\">Finalidad:\u00a0Enviar la informaci\u00f3n solicitada, gestionar\u00a0los productos o servicios solicitados\u00a0y, cuando nos autorices,\u00a0remitirte informaci\u00f3n\u00a0y publicidad\u00a0de\u00a0las empresas pertenecientes a VILLARETIRO GRUP que pueda ser de\u00a0tu inter\u00e9s.<\/p>\n<p class=\"zw-paragraph\" data-textformat=\"{&quot;ff&quot;:&quot;verdana,dejavu sans,sans-serif&quot;,&quot;fgc&quot;:&quot;rgb(0,0,0)&quot;,&quot;size&quot;:10,&quot;fs&quot;:&quot;italic&quot;}\">Legitimaci\u00f3n: Para la ejecuci\u00f3n de un contrato o para la aplicaci\u00f3n de medidas precontractuales. Consentimiento del interesado.<\/p>\n<p class=\"zw-paragraph\" data-textformat=\"{&quot;ff&quot;:&quot;verdana,dejavu sans,sans-serif&quot;,&quot;fgc&quot;:&quot;rgb(0,0,0)&quot;,&quot;size&quot;:10,&quot;fs&quot;:&quot;italic&quot;}\">Destinatarios:\u00a0Tus datos personales\u00a0podr\u00e1n ser comunicados a las empresas\u00a0pertenecientes a VILLARETIRO GRUP. S\u00f3lo ser\u00e1n comunicados\u00a0a terceros\u00a0ajenos a nuestro grupo de\u00a0empresas\u00a0cuando sea estrictamente necesario para el desarrollo de los servicios contratados, para el buen funcionamiento\u00a0empresarial o por obligaci\u00f3n legal.<\/p>\n<p class=\"zw-paragraph\" data-textformat=\"{&quot;ff&quot;:&quot;verdana,dejavu sans,sans-serif&quot;,&quot;fgc&quot;:&quot;rgb(0,0,0)&quot;,&quot;size&quot;:10,&quot;fs&quot;:&quot;italic&quot;}\">Derechos:\u00a0Acceso, rectificaci\u00f3n y supresi\u00f3n, limitaci\u00f3n del tratamiento, portabilidad de los datos, oposici\u00f3n y decisiones individuales automatizadas.<\/p>\n<p class=\"zw-paragraph\" data-textformat=\"{&quot;ff&quot;:&quot;verdana,dejavu sans,sans-serif&quot;,&quot;fgc&quot;:&quot;rgb(0,0,0)&quot;,&quot;size&quot;:10,&quot;fs&quot;:&quot;italic&quot;}\">Informaci\u00f3n adicional: Puedes consultar la informaci\u00f3n adicional y detallada sobre Protecci\u00f3n de Datos en nuestra\u00a0<a href=\"https:\/\/pladelscatalans.com\/es\/politica-de-privacidad\/\">Pol\u00edtica de privacidad.<\/a><\/p>\n[\/vc_column_text][vc_empty_space][\/vc_column][\/vc_row][vc_row full_width=\u00bbstretch_row_content_no_spaces\u00bb css=\u00bb.vc_custom_1477568745592{margin-bottom: -32px !important;}\u00bb][vc_column][vc_raw_html]JTNDaWZyYW1lJTIwc3JjJTNEJTIyaHR0cHMlM0ElMkYlMkZ3d3cuZ29vZ2xlLmNvbSUyRm1hcHMlMkZlbWJlZCUzRnBiJTNEJTIxMW0xOCUyMTFtMTIlMjExbTMlMjExZDMwMjIuMzg2MTgyNjk2NzI0JTIxMmQwLjU5NTU4OTkxNTQwNjI0NjIlMjEzZDQwLjc1MzUzMDE3OTMyNzQ0JTIxMm0zJTIxMWYwJTIxMmYwJTIxM2YwJTIxM20yJTIxMWkxMDI0JTIxMmk3NjglMjE0ZjEzLjElMjEzbTMlMjExbTIlMjExczB4MTJhMGZkODFjNmU4ZmJkYiUyNTNBMHhiY2MzYjcxNDgwZjA4NGU5JTIxMnNNYXNpYSUyQkVsJTJCUGxhJTJCZGVscyUyQkNhdGFsYW5zJTIxNWUwJTIxM20yJTIxMXNlcyUyMTJzZXMlMjE0djE0NzY5NTc2MzEwOTclMjIlMjB3aWR0aCUzRCUyMjEwMCUyNSUyMiUyMGhlaWdodCUzRCUyMjUwMCUyMiUyMGZyYW1lYm9yZGVyJTNEJTIyMCUyMiUyMHN0eWxlJTNEJTIyYm9yZGVyJTNBMCUyMiUyMGFsbG93ZnVsbHNjcmVlbiUzRSUzQyUyRmlmcmFtZSUzRQ==[\/vc_raw_html][\/vc_column][\/vc_row]\n","protected":false},"excerpt":{"rendered":"<p>[vc_row full_width=\u00bbstretch_row\u00bb][vc_column css=\u00bb.vc_custom_1442756448151{padding-top: 3% !important;padding-bottom: 3% !important;}\u00bb][vc_column_text][\/vc_column_text][\/vc_column][\/vc_row][vc_row full_width=\u00bbstretch_row\u00bb css=\u00bb.vc_custom_1457438896520{padding-top: 3% !important;padding-bottom: 3% !important;}\u00bb][vc_column width=\u00bb1\/3&#8243;][\/vc_column][vc_column width=\u00bb1\/3&#8243;][\/vc_column][vc_column width=\u00bb1\/3&#8243;][\/vc_column][\/vc_row][vc_row full_width=\u00bbstretch_row\u00bb css=\u00bb.vc_custom_1457034493259{padding-top: 3% !important;padding-bottom: 3% !important;}\u00bb][vc_column][vc_empty_space][vc_column_text] Av\u00edso Legal Responsable: MAS\u00cdA PLA DELS CATALANS S.L Finalidad:\u00a0Enviar la informaci\u00f3n solicitada, gestionar\u00a0los productos o servicios solicitados\u00a0y, cuando nos autorices,\u00a0remitirte informaci\u00f3n\u00a0y publicidad\u00a0de\u00a0las empresas pertenecientes a VILLARETIRO GRUP que pueda ser de\u00a0tu inter\u00e9s. Legitimaci\u00f3n: [&hellip;]<\/p>\n","protected":false},"author":1,"featured_media":5320,"parent":0,"menu_order":0,"comment_status":"closed","ping_status":"closed","template":"","meta":{"footnotes":""},"class_list":["post-2860","page","type-page","status-publish","has-post-thumbnail","hentry"],"yoast_head":"<!-- This site is optimized with the Yoast SEO plugin v26.1.1 - https:\/\/yoast.com\/wordpress\/plugins\/seo\/ -->\n<title>Contacto - Masia Pla dels Catalans<\/title>\n<meta name=\"description\" content=\"Ponte en contacto con la Mas\u00eda Pla dels Catalans. Restaurante para acontecimientos y celebraciones con m\u00e1s de 50 a\u00f1os de experiencia en l&#039;Aldea (Baix Ebre).\" \/>\n<meta name=\"robots\" content=\"index, follow, max-snippet:-1, max-image-preview:large, max-video-preview:-1\" \/>\n<link rel=\"canonical\" href=\"https:\/\/pladelscatalans.com\/es\/contacto\/\" \/>\n<meta property=\"og:locale\" content=\"es_ES\" \/>\n<meta property=\"og:type\" content=\"article\" \/>\n<meta property=\"og:title\" content=\"Contacto - Masia Pla dels Catalans\" \/>\n<meta property=\"og:description\" content=\"Ponte en contacto con la Mas\u00eda Pla dels Catalans. Restaurante para acontecimientos y celebraciones con m\u00e1s de 50 a\u00f1os de experiencia en l&#039;Aldea (Baix Ebre).\" \/>\n<meta property=\"og:url\" content=\"https:\/\/pladelscatalans.com\/es\/contacto\/\" \/>\n<meta property=\"og:site_name\" content=\"Pla dels Catalans\" \/>\n<meta property=\"article:modified_time\" content=\"2026-02-03T12:06:42+00:00\" \/>\n<meta property=\"og:image\" content=\"https:\/\/pladelscatalans.com\/wp-content\/uploads\/2020\/02\/pla-dels-catalans-km0pla-dels-catalans-km0_contacte.jpg\" \/>\n\t<meta property=\"og:image:width\" content=\"2000\" \/>\n\t<meta property=\"og:image:height\" content=\"1059\" \/>\n\t<meta property=\"og:image:type\" content=\"image\/jpeg\" \/>\n<meta name=\"twitter:card\" content=\"summary_large_image\" \/>\n<meta name=\"twitter:label1\" content=\"Tiempo de lectura\" \/>\n\t<meta name=\"twitter:data1\" content=\"2 minutos\" \/>\n<script type=\"application\/ld+json\" class=\"yoast-schema-graph\">{\"@context\":\"https:\/\/schema.org\",\"@graph\":[{\"@type\":\"WebPage\",\"@id\":\"https:\/\/pladelscatalans.com\/es\/contacto\/\",\"url\":\"https:\/\/pladelscatalans.com\/es\/contacto\/\",\"name\":\"Contacto - Masia Pla dels Catalans\",\"isPartOf\":{\"@id\":\"https:\/\/pladelscatalans.com\/es\/#website\"},\"primaryImageOfPage\":{\"@id\":\"https:\/\/pladelscatalans.com\/es\/contacto\/#primaryimage\"},\"image\":{\"@id\":\"https:\/\/pladelscatalans.com\/es\/contacto\/#primaryimage\"},\"thumbnailUrl\":\"https:\/\/pladelscatalans.com\/wp-content\/uploads\/2020\/02\/pla-dels-catalans-km0pla-dels-catalans-km0_contacte.jpg\",\"datePublished\":\"2015-09-20T13:32:14+00:00\",\"dateModified\":\"2026-02-03T12:06:42+00:00\",\"description\":\"Ponte en contacto con la Mas\u00eda Pla dels Catalans. Restaurante para acontecimientos y celebraciones con m\u00e1s de 50 a\u00f1os de experiencia en l'Aldea (Baix Ebre).\",\"breadcrumb\":{\"@id\":\"https:\/\/pladelscatalans.com\/es\/contacto\/#breadcrumb\"},\"inLanguage\":\"es\",\"potentialAction\":[{\"@type\":\"ReadAction\",\"target\":[\"https:\/\/pladelscatalans.com\/es\/contacto\/\"]}]},{\"@type\":\"ImageObject\",\"inLanguage\":\"es\",\"@id\":\"https:\/\/pladelscatalans.com\/es\/contacto\/#primaryimage\",\"url\":\"https:\/\/pladelscatalans.com\/wp-content\/uploads\/2020\/02\/pla-dels-catalans-km0pla-dels-catalans-km0_contacte.jpg\",\"contentUrl\":\"https:\/\/pladelscatalans.com\/wp-content\/uploads\/2020\/02\/pla-dels-catalans-km0pla-dels-catalans-km0_contacte.jpg\",\"width\":2000,\"height\":1059,\"caption\":\"contacte\"},{\"@type\":\"BreadcrumbList\",\"@id\":\"https:\/\/pladelscatalans.com\/es\/contacto\/#breadcrumb\",\"itemListElement\":[{\"@type\":\"ListItem\",\"position\":1,\"name\":\"Inici\",\"item\":\"https:\/\/pladelscatalans.com\/es\/\"},{\"@type\":\"ListItem\",\"position\":2,\"name\":\"Contacto\"}]},{\"@type\":\"WebSite\",\"@id\":\"https:\/\/pladelscatalans.com\/es\/#website\",\"url\":\"https:\/\/pladelscatalans.com\/es\/\",\"name\":\"Pla dels Catalans\",\"description\":\"Escenari singular per a celebracions singulars. Bodes, banquets, convencions i festes.\",\"publisher\":{\"@id\":\"https:\/\/pladelscatalans.com\/es\/#\/schema\/person\/9614a393b04d64415b7cfb071c9e23dd\"},\"potentialAction\":[{\"@type\":\"SearchAction\",\"target\":{\"@type\":\"EntryPoint\",\"urlTemplate\":\"https:\/\/pladelscatalans.com\/es\/?s={search_term_string}\"},\"query-input\":{\"@type\":\"PropertyValueSpecification\",\"valueRequired\":true,\"valueName\":\"search_term_string\"}}],\"inLanguage\":\"es\"},{\"@type\":[\"Person\",\"Organization\"],\"@id\":\"https:\/\/pladelscatalans.com\/es\/#\/schema\/person\/9614a393b04d64415b7cfb071c9e23dd\",\"name\":\"Pla dels Catalans\",\"logo\":{\"@id\":\"https:\/\/pladelscatalans.com\/es\/#\/schema\/person\/image\/\"}}]}<\/script>\n<!-- \/ Yoast SEO plugin. -->","yoast_head_json":{"title":"Contacto - Masia Pla dels Catalans","description":"Ponte en contacto con la Mas\u00eda Pla dels Catalans. Restaurante para acontecimientos y celebraciones con m\u00e1s de 50 a\u00f1os de experiencia en l'Aldea (Baix Ebre).","robots":{"index":"index","follow":"follow","max-snippet":"max-snippet:-1","max-image-preview":"max-image-preview:large","max-video-preview":"max-video-preview:-1"},"canonical":"https:\/\/pladelscatalans.com\/es\/contacto\/","og_locale":"es_ES","og_type":"article","og_title":"Contacto - Masia Pla dels Catalans","og_description":"Ponte en contacto con la Mas\u00eda Pla dels Catalans. Restaurante para acontecimientos y celebraciones con m\u00e1s de 50 a\u00f1os de experiencia en l'Aldea (Baix Ebre).","og_url":"https:\/\/pladelscatalans.com\/es\/contacto\/","og_site_name":"Pla dels Catalans","article_modified_time":"2026-02-03T12:06:42+00:00","og_image":[{"width":2000,"height":1059,"url":"https:\/\/pladelscatalans.com\/wp-content\/uploads\/2020\/02\/pla-dels-catalans-km0pla-dels-catalans-km0_contacte.jpg","type":"image\/jpeg"}],"twitter_card":"summary_large_image","twitter_misc":{"Tiempo de lectura":"2 minutos"},"schema":{"@context":"https:\/\/schema.org","@graph":[{"@type":"WebPage","@id":"https:\/\/pladelscatalans.com\/es\/contacto\/","url":"https:\/\/pladelscatalans.com\/es\/contacto\/","name":"Contacto - Masia Pla dels Catalans","isPartOf":{"@id":"https:\/\/pladelscatalans.com\/es\/#website"},"primaryImageOfPage":{"@id":"https:\/\/pladelscatalans.com\/es\/contacto\/#primaryimage"},"image":{"@id":"https:\/\/pladelscatalans.com\/es\/contacto\/#primaryimage"},"thumbnailUrl":"https:\/\/pladelscatalans.com\/wp-content\/uploads\/2020\/02\/pla-dels-catalans-km0pla-dels-catalans-km0_contacte.jpg","datePublished":"2015-09-20T13:32:14+00:00","dateModified":"2026-02-03T12:06:42+00:00","description":"Ponte en contacto con la Mas\u00eda Pla dels Catalans. Restaurante para acontecimientos y celebraciones con m\u00e1s de 50 a\u00f1os de experiencia en l'Aldea (Baix Ebre).","breadcrumb":{"@id":"https:\/\/pladelscatalans.com\/es\/contacto\/#breadcrumb"},"inLanguage":"es","potentialAction":[{"@type":"ReadAction","target":["https:\/\/pladelscatalans.com\/es\/contacto\/"]}]},{"@type":"ImageObject","inLanguage":"es","@id":"https:\/\/pladelscatalans.com\/es\/contacto\/#primaryimage","url":"https:\/\/pladelscatalans.com\/wp-content\/uploads\/2020\/02\/pla-dels-catalans-km0pla-dels-catalans-km0_contacte.jpg","contentUrl":"https:\/\/pladelscatalans.com\/wp-content\/uploads\/2020\/02\/pla-dels-catalans-km0pla-dels-catalans-km0_contacte.jpg","width":2000,"height":1059,"caption":"contacte"},{"@type":"BreadcrumbList","@id":"https:\/\/pladelscatalans.com\/es\/contacto\/#breadcrumb","itemListElement":[{"@type":"ListItem","position":1,"name":"Inici","item":"https:\/\/pladelscatalans.com\/es\/"},{"@type":"ListItem","position":2,"name":"Contacto"}]},{"@type":"WebSite","@id":"https:\/\/pladelscatalans.com\/es\/#website","url":"https:\/\/pladelscatalans.com\/es\/","name":"Pla dels Catalans","description":"Escenari singular per a celebracions singulars. Bodes, banquets, convencions i festes.","publisher":{"@id":"https:\/\/pladelscatalans.com\/es\/#\/schema\/person\/9614a393b04d64415b7cfb071c9e23dd"},"potentialAction":[{"@type":"SearchAction","target":{"@type":"EntryPoint","urlTemplate":"https:\/\/pladelscatalans.com\/es\/?s={search_term_string}"},"query-input":{"@type":"PropertyValueSpecification","valueRequired":true,"valueName":"search_term_string"}}],"inLanguage":"es"},{"@type":["Person","Organization"],"@id":"https:\/\/pladelscatalans.com\/es\/#\/schema\/person\/9614a393b04d64415b7cfb071c9e23dd","name":"Pla dels Catalans","logo":{"@id":"https:\/\/pladelscatalans.com\/es\/#\/schema\/person\/image\/"}}]}},"_links":{"self":[{"href":"https:\/\/pladelscatalans.com\/es\/wp-json\/wp\/v2\/pages\/2860","targetHints":{"allow":["GET"]}}],"collection":[{"href":"https:\/\/pladelscatalans.com\/es\/wp-json\/wp\/v2\/pages"}],"about":[{"href":"https:\/\/pladelscatalans.com\/es\/wp-json\/wp\/v2\/types\/page"}],"author":[{"embeddable":true,"href":"https:\/\/pladelscatalans.com\/es\/wp-json\/wp\/v2\/users\/1"}],"replies":[{"embeddable":true,"href":"https:\/\/pladelscatalans.com\/es\/wp-json\/wp\/v2\/comments?post=2860"}],"version-history":[{"count":2,"href":"https:\/\/pladelscatalans.com\/es\/wp-json\/wp\/v2\/pages\/2860\/revisions"}],"predecessor-version":[{"id":9226,"href":"https:\/\/pladelscatalans.com\/es\/wp-json\/wp\/v2\/pages\/2860\/revisions\/9226"}],"wp:featuredmedia":[{"embeddable":true,"href":"https:\/\/pladelscatalans.com\/es\/wp-json\/wp\/v2\/media\/5320"}],"wp:attachment":[{"href":"https:\/\/pladelscatalans.com\/es\/wp-json\/wp\/v2\/media?parent=2860"}],"curies":[{"name":"wp","href":"https:\/\/api.w.org\/{rel}","templated":true}]}}