{"id":2849,"date":"2016-10-25T18:00:40","date_gmt":"2016-10-25T16:00:40","guid":{"rendered":"http:\/\/pladelscatalans.com\/calcotades\/?lang=es"},"modified":"2026-01-29T17:42:13","modified_gmt":"2026-01-29T16:42:13","slug":"calcotades","status":"publish","type":"page","link":"https:\/\/pladelscatalans.com\/es\/eventos\/calcotades\/","title":{"rendered":"Cal\u00e7otades 2026"},"content":{"rendered":"[vc_row][vc_column][vc_empty_space][vc_custom_heading source=\u00bbpost_title\u00bb font_container=\u00bbtag:h1|font_size:60|text_align:center|color:%232d2d2d\u00bb google_fonts=\u00bbfont_family:Playfair%20Display%3Aregular%2Citalic%2C700%2C700italic%2C900%2C900italic|font_style:700%20bold%20italic%3A700%3Aitalic\u00bb css=\u00bb.vc_custom_1764586814917{margin-bottom: -20px !important;}\u00bb][vc_column_text]\n<p style=\"text-align: center;\">Si quieres disfrutar de las mejores cal\u00e7otadas de la provincia de Tarragona, no dudes en venir al Restaurante Mas\u00eda Pla dels Catalans.<br data-start=\"184\" data-end=\"187\" \/>Te esperamos con la familia y amigos para que pod\u00e1is vivir un d\u00eda de fiesta especial.<br data-start=\"272\" data-end=\"275\" \/>Encontrar\u00e9is cal\u00e7ots reci\u00e9n cogidos de nuestro huerto y cocinados a la llama, como siempre se han hecho.<br data-start=\"379\" data-end=\"382\" \/>Degustar\u00e9is los mejores cal\u00e7ots de las Terres de l\u2019Ebre, en l\u2019Aldea, con un magn\u00edfico men\u00fa.<\/p>\n[\/vc_column_text][vc_row_inner][vc_column_inner offset=\u00bbvc_hidden-lg vc_hidden-md\u00bb][vc_single_image image=\u00bb9126&#8243; img_size=\u00bbfull\u00bb][\/vc_column_inner][\/vc_row_inner][\/vc_column][\/vc_row][vc_section css=\u00bb.vc_custom_1764585164335{margin-top: 3% !important;margin-right: 3% !important;margin-left: 3% !important;}\u00bb][vc_row gap=\u00bb20&#8243; full_height=\u00bbyes\u00bb equal_height=\u00bbyes\u00bb][vc_column width=\u00bb1\/2&#8243; css=\u00bb.vc_custom_1764590201031{padding-top: 10px !important;padding-right: 30px !important;padding-left: 30px !important;background-color: rgba(238,232,216,0.57) !important;*background-color: rgb(238,232,216) !important;}\u00bb][vc_custom_heading text=\u00bbOBLIGATORIA RESERVA PREVIA\u00bb font_container=\u00bbtag:h3|font_size:30|text_align:left|color:%232d2d2d\u00bb google_fonts=\u00bbfont_family:Playfair%20Display%3Aregular%2Citalic%2C700%2C700italic%2C900%2C900italic|font_style:400%20regular%3A400%3Anormal\u00bb css=\u00bb.vc_custom_1764591802128{margin-bottom: -20px !important;}\u00bb][vc_separator color=\u00bbblack\u00bb][vc_column_text]<strong>\u00bfCu\u00e1ndo puedo reservar?<\/strong><\/p>\n<ul>\n<li>Del 10 de enero hasta el lunes 6 de abril de 2025<\/li>\n<\/ul>\n[\/vc_column_text]<a href=\"https:\/\/docs.google.com\/forms\/d\/e\/1FAIpQLScjzZGjfsCVn6EkVxRkWutH1vI8VCPK4Ngur0y5SwemHttnNg\/viewform\" class=\"calluna-button btn btn-primary medium style-1   aligninline\" target=\"_self\" title=\"FORMULARIO DE RESERVA\" rel=\"\"><span class=\"calluna-button-inner\">FORMULARIO DE RESERVA<\/span><\/a>[vc_empty_space height=\u00bb15px\u00bb]<a href=\"tel: +34675405711\" class=\"calluna-button btn btn-primary medium style-1   aligninline\" target=\"_self\" title=\"RESERVA POR TEL\u00c9FONO\" rel=\"\"><span class=\"calluna-button-inner\">RESERVA POR TEL\u00c9FONO<\/span><\/a>[vc_empty_space height=\u00bb15px\u00bb]<a href=\"mailto:info@pladelscatalans.com\" class=\"calluna-button btn btn-primary medium style-1   aligninline\" target=\"_self\" title=\"RESERVA POR E-MAIL\" rel=\"\"><span class=\"calluna-button-inner\">RESERVA POR E-MAIL<\/span><\/a>[vc_empty_space height=\u00bb15px\u00bb][vc_empty_space height=\u00bb20px\u00bb][vc_custom_heading text=\u00bbPRECIOS\u00bb font_container=\u00bbtag:h3|font_size:30|text_align:left|color:%232d2d2d\u00bb google_fonts=\u00bbfont_family:Playfair%20Display%3Aregular%2Citalic%2C700%2C700italic%2C900%2C900italic|font_style:400%20regular%3A400%3Anormal\u00bb css=\u00bb.vc_custom_1764591903297{margin-bottom: -20px !important;}\u00bb][vc_separator color=\u00bbblack\u00bb][vc_column_text css_animation=\u00bbtop-to-bottom\u00bb]<span style=\"color: #444444;\"><strong>Men\u00fa adulto 40\u20ac<\/strong> (a partir de 12 a\u00f1os).<\/span><\/p>\n<p><span style=\"color: #444444;\"><strong>Men\u00fa infantil 15\u20ac <\/strong>(de 2 a 12 a\u00f1os) es obligatorio.<\/span><\/p>\n<p><span style=\"color: #444444;\"><em><strong>* Con actividades incluidas.<\/strong><\/em><\/span><\/p>\n<p><em><span style=\"color: #008000;\"><strong>+ Tardeo con m\u00fasica DJ &#8211; \u00a1Pide nuestro calendario de Fiestas!<\/strong><\/span><\/em><br \/>\n[\/vc_column_text][vc_tta_accordion title_tag=\u00bbh3&#8243; style=\u00bbmodern\u00bb c_icon=\u00bbchevron\u00bb active_section=\u00bb0&#8243;][vc_tta_section title=\u00bbMEN\u00da\u00bb tab_id=\u00bb1764587814722-56f2a35f-2aab\u00bb][vc_column_text css=\u00bb.vc_custom_1764591945858{padding-top: 2% !important;padding-right: 2% !important;padding-bottom: 2% !important;padding-left: 2% !important;background-color: #eee8d8 !important;}\u00bb]<strong><em>de pie<\/em><\/strong><\/p>\n<p style=\"text-align: left; font-size: 14px;\">Cal\u00e7ots con nuestra salsa romesco<br \/>\nTabla de panes artesanos con diferentes salsas y especias<br \/>\n<em>Barra libre de refrescos y cervezas (durante la cal\u00e7otada, de 14h a 16h)<\/em><\/p>\n<p><strong><em>en mesa<\/em><\/strong><\/p>\n<p style=\"text-align: left; font-size: 14px;\">Pan tostado con alioli<br \/>\nCaracoles en salsa<br \/>\nFideu\u00e1 del Delta<br \/>\nSurtido de verduras del huerto a la brasa<br \/>\nButifarra de pay\u00e9s XXL con jud\u00edas<br \/>\nParrillada de carne: cordero, pollo y morcilla<\/p>\n<p><strong><em>postre<\/em><\/strong><\/p>\n<p style=\"text-align: left; font-size: 14px;\">Crema catalana, menjar blanc o fruta natural<\/p>\n<p style=\"text-align: left; font-size: 14px;\"><em><strong>Todo ello acompa\u00f1ado de nuestros fant\u00e1sticos vinos de la Terra Alta, caf\u00e9, agua y refrescos.<\/strong><\/em><\/p>\n[\/vc_column_text][\/vc_tta_section][\/vc_tta_accordion][\/vc_column][vc_column width=\u00bb1\/2&#8243; css=\u00bb.vc_custom_1764590636167{background-image: url(https:\/\/pladelscatalans.com\/wp-content\/uploads\/2025\/12\/Calcots2.jpg?id=9121) !important;background-position: center !important;background-repeat: no-repeat !important;background-size: cover !important;}\u00bb offset=\u00bbvc_hidden-sm vc_hidden-xs\u00bb][\/vc_column][\/vc_row][\/vc_section][vc_row css=\u00bb.vc_custom_1582545024872{margin-top: 5% !important;margin-bottom: 5% !important;}\u00bb][vc_column][vc_empty_space][vc_custom_heading text=\u00bbFiesta Masia Tardeo\u00bb font_container=\u00bbtag:h3|font_size:45|text_align:center|color:%232d2d2d\u00bb google_fonts=\u00bbfont_family:Playfair%20Display%3Aregular%2Citalic%2C700%2C700italic%2C900%2C900italic|font_style:700%20bold%20italic%3A700%3Aitalic\u00bb css=\u00bb.vc_custom_1764591961297{margin-bottom: -20px !important;}\u00bb][vc_separator color=\u00bbblack\u00bb el_width=\u00bb30&#8243; css=\u00bb.vc_custom_1764590098206{padding-top: 30px !important;}\u00bb][vc_column_text]\n<p style=\"text-align: center;\"><strong data-start=\"78\" data-end=\"148\">Despu\u00e9s de comer, no os pod\u00e9is perder nuestra Fiesta Masia Tardeo.<\/strong><br data-start=\"148\" data-end=\"151\" \/>Durante la tarde podr\u00e9is bailar y disfrutar de 17 h a 21 h cada s\u00e1bado y domingo y, este a\u00f1o, como novedad, \u00a1introducimos la FIESTA de RUMBEO!<br data-start=\"284\" data-end=\"287\" \/>Seguidnos en redes para no perderos nada.<\/p>\n[\/vc_column_text][vc_media_grid initial_loading_animation=\u00bbnone\u00bb grid_id=\u00bbvc_gid:1769704889624-2481743e-83ff-8&#8243; include=\u00bb9127,9128,9129,9130,9131,9132&#8243;][\/vc_column][\/vc_row]\n","protected":false},"excerpt":{"rendered":"<p>[vc_row][vc_column][vc_empty_space][vc_custom_heading source=\u00bbpost_title\u00bb font_container=\u00bbtag:h1|font_size:60|text_align:center|color:%232d2d2d\u00bb google_fonts=\u00bbfont_family:Playfair%20Display%3Aregular%2Citalic%2C700%2C700italic%2C900%2C900italic|font_style:700%20bold%20italic%3A700%3Aitalic\u00bb css=\u00bb.vc_custom_1764586814917{margin-bottom: -20px !important;}\u00bb][vc_column_text] Si quieres disfrutar de las mejores cal\u00e7otadas de la provincia de Tarragona, no dudes en venir al Restaurante Mas\u00eda Pla dels Catalans.Te esperamos con la familia y amigos para que pod\u00e1is vivir un d\u00eda de fiesta especial.Encontrar\u00e9is cal\u00e7ots reci\u00e9n cogidos de nuestro huerto y cocinados a la llama, [&hellip;]<\/p>\n","protected":false},"author":1,"featured_media":9105,"parent":2865,"menu_order":0,"comment_status":"closed","ping_status":"closed","template":"","meta":{"footnotes":""},"class_list":["post-2849","page","type-page","status-publish","has-post-thumbnail","hentry"],"yoast_head":"<!-- This site is optimized with the Yoast SEO plugin v26.1.1 - https:\/\/yoast.com\/wordpress\/plugins\/seo\/ -->\n<title>&quot;Cal\u00e7otades&quot; - Restaurant Masia Pla dels Catalans<\/title>\n<meta name=\"description\" content=\"Disfruta de una cal\u00e7otada en familia y amigos en el Restaurante Mas\u00eda Pla dels Catalans. Las mejores cal\u00e7otadas del Baix Ebre .\" \/>\n<meta name=\"robots\" content=\"index, follow, max-snippet:-1, max-image-preview:large, max-video-preview:-1\" \/>\n<link rel=\"canonical\" href=\"https:\/\/pladelscatalans.com\/es\/eventos\/calcotades\/\" \/>\n<meta property=\"og:locale\" content=\"es_ES\" \/>\n<meta property=\"og:type\" content=\"article\" \/>\n<meta property=\"og:title\" content=\"&quot;Cal\u00e7otades&quot; - Restaurant Masia Pla dels Catalans\" \/>\n<meta property=\"og:description\" content=\"Disfruta de una cal\u00e7otada en familia y amigos en el Restaurante Mas\u00eda Pla dels Catalans. Las mejores cal\u00e7otadas del Baix Ebre .\" \/>\n<meta property=\"og:url\" content=\"https:\/\/pladelscatalans.com\/es\/eventos\/calcotades\/\" \/>\n<meta property=\"og:site_name\" content=\"Pla dels Catalans\" \/>\n<meta property=\"article:modified_time\" content=\"2026-01-29T16:42:13+00:00\" \/>\n<meta property=\"og:image\" content=\"https:\/\/pladelscatalans.com\/wp-content\/uploads\/2025\/12\/calcotatadas-2026-pla-dels-catalans.jpg\" \/>\n\t<meta property=\"og:image:width\" content=\"1080\" \/>\n\t<meta property=\"og:image:height\" content=\"1350\" \/>\n\t<meta property=\"og:image:type\" content=\"image\/jpeg\" \/>\n<meta name=\"twitter:card\" content=\"summary_large_image\" \/>\n<meta name=\"twitter:label1\" content=\"Tiempo de lectura\" \/>\n\t<meta name=\"twitter:data1\" content=\"4 minutos\" \/>\n<script type=\"application\/ld+json\" class=\"yoast-schema-graph\">{\"@context\":\"https:\/\/schema.org\",\"@graph\":[{\"@type\":\"WebPage\",\"@id\":\"https:\/\/pladelscatalans.com\/es\/eventos\/calcotades\/\",\"url\":\"https:\/\/pladelscatalans.com\/es\/eventos\/calcotades\/\",\"name\":\"\\\"Cal\u00e7otades\\\" - Restaurant Masia Pla dels Catalans\",\"isPartOf\":{\"@id\":\"https:\/\/pladelscatalans.com\/es\/#website\"},\"primaryImageOfPage\":{\"@id\":\"https:\/\/pladelscatalans.com\/es\/eventos\/calcotades\/#primaryimage\"},\"image\":{\"@id\":\"https:\/\/pladelscatalans.com\/es\/eventos\/calcotades\/#primaryimage\"},\"thumbnailUrl\":\"https:\/\/pladelscatalans.com\/wp-content\/uploads\/2025\/12\/calcotatadas-2026-pla-dels-catalans.jpg\",\"datePublished\":\"2016-10-25T16:00:40+00:00\",\"dateModified\":\"2026-01-29T16:42:13+00:00\",\"description\":\"Disfruta de una cal\u00e7otada en familia y amigos en el Restaurante Mas\u00eda Pla dels Catalans. Las mejores cal\u00e7otadas del Baix Ebre .\",\"breadcrumb\":{\"@id\":\"https:\/\/pladelscatalans.com\/es\/eventos\/calcotades\/#breadcrumb\"},\"inLanguage\":\"es\",\"potentialAction\":[{\"@type\":\"ReadAction\",\"target\":[\"https:\/\/pladelscatalans.com\/es\/eventos\/calcotades\/\"]}]},{\"@type\":\"ImageObject\",\"inLanguage\":\"es\",\"@id\":\"https:\/\/pladelscatalans.com\/es\/eventos\/calcotades\/#primaryimage\",\"url\":\"https:\/\/pladelscatalans.com\/wp-content\/uploads\/2025\/12\/calcotatadas-2026-pla-dels-catalans.jpg\",\"contentUrl\":\"https:\/\/pladelscatalans.com\/wp-content\/uploads\/2025\/12\/calcotatadas-2026-pla-dels-catalans.jpg\",\"width\":1080,\"height\":1350},{\"@type\":\"BreadcrumbList\",\"@id\":\"https:\/\/pladelscatalans.com\/es\/eventos\/calcotades\/#breadcrumb\",\"itemListElement\":[{\"@type\":\"ListItem\",\"position\":1,\"name\":\"Inici\",\"item\":\"https:\/\/pladelscatalans.com\/es\/\"},{\"@type\":\"ListItem\",\"position\":2,\"name\":\"Eventos\",\"item\":\"https:\/\/pladelscatalans.com\/es\/eventos\/\"},{\"@type\":\"ListItem\",\"position\":3,\"name\":\"Cal\u00e7otades 2026\"}]},{\"@type\":\"WebSite\",\"@id\":\"https:\/\/pladelscatalans.com\/es\/#website\",\"url\":\"https:\/\/pladelscatalans.com\/es\/\",\"name\":\"Pla dels Catalans\",\"description\":\"Escenari singular per a celebracions singulars. Bodes, banquets, convencions i festes.\",\"publisher\":{\"@id\":\"https:\/\/pladelscatalans.com\/es\/#\/schema\/person\/9614a393b04d64415b7cfb071c9e23dd\"},\"potentialAction\":[{\"@type\":\"SearchAction\",\"target\":{\"@type\":\"EntryPoint\",\"urlTemplate\":\"https:\/\/pladelscatalans.com\/es\/?s={search_term_string}\"},\"query-input\":{\"@type\":\"PropertyValueSpecification\",\"valueRequired\":true,\"valueName\":\"search_term_string\"}}],\"inLanguage\":\"es\"},{\"@type\":[\"Person\",\"Organization\"],\"@id\":\"https:\/\/pladelscatalans.com\/es\/#\/schema\/person\/9614a393b04d64415b7cfb071c9e23dd\",\"name\":\"Pla dels Catalans\",\"logo\":{\"@id\":\"https:\/\/pladelscatalans.com\/es\/#\/schema\/person\/image\/\"}}]}<\/script>\n<!-- \/ Yoast SEO plugin. -->","yoast_head_json":{"title":"\"Cal\u00e7otades\" - Restaurant Masia Pla dels Catalans","description":"Disfruta de una cal\u00e7otada en familia y amigos en el Restaurante Mas\u00eda Pla dels Catalans. Las mejores cal\u00e7otadas del Baix Ebre .","robots":{"index":"index","follow":"follow","max-snippet":"max-snippet:-1","max-image-preview":"max-image-preview:large","max-video-preview":"max-video-preview:-1"},"canonical":"https:\/\/pladelscatalans.com\/es\/eventos\/calcotades\/","og_locale":"es_ES","og_type":"article","og_title":"\"Cal\u00e7otades\" - Restaurant Masia Pla dels Catalans","og_description":"Disfruta de una cal\u00e7otada en familia y amigos en el Restaurante Mas\u00eda Pla dels Catalans. Las mejores cal\u00e7otadas del Baix Ebre .","og_url":"https:\/\/pladelscatalans.com\/es\/eventos\/calcotades\/","og_site_name":"Pla dels Catalans","article_modified_time":"2026-01-29T16:42:13+00:00","og_image":[{"width":1080,"height":1350,"url":"https:\/\/pladelscatalans.com\/wp-content\/uploads\/2025\/12\/calcotatadas-2026-pla-dels-catalans.jpg","type":"image\/jpeg"}],"twitter_card":"summary_large_image","twitter_misc":{"Tiempo de lectura":"4 minutos"},"schema":{"@context":"https:\/\/schema.org","@graph":[{"@type":"WebPage","@id":"https:\/\/pladelscatalans.com\/es\/eventos\/calcotades\/","url":"https:\/\/pladelscatalans.com\/es\/eventos\/calcotades\/","name":"\"Cal\u00e7otades\" - Restaurant Masia Pla dels Catalans","isPartOf":{"@id":"https:\/\/pladelscatalans.com\/es\/#website"},"primaryImageOfPage":{"@id":"https:\/\/pladelscatalans.com\/es\/eventos\/calcotades\/#primaryimage"},"image":{"@id":"https:\/\/pladelscatalans.com\/es\/eventos\/calcotades\/#primaryimage"},"thumbnailUrl":"https:\/\/pladelscatalans.com\/wp-content\/uploads\/2025\/12\/calcotatadas-2026-pla-dels-catalans.jpg","datePublished":"2016-10-25T16:00:40+00:00","dateModified":"2026-01-29T16:42:13+00:00","description":"Disfruta de una cal\u00e7otada en familia y amigos en el Restaurante Mas\u00eda Pla dels Catalans. Las mejores cal\u00e7otadas del Baix Ebre .","breadcrumb":{"@id":"https:\/\/pladelscatalans.com\/es\/eventos\/calcotades\/#breadcrumb"},"inLanguage":"es","potentialAction":[{"@type":"ReadAction","target":["https:\/\/pladelscatalans.com\/es\/eventos\/calcotades\/"]}]},{"@type":"ImageObject","inLanguage":"es","@id":"https:\/\/pladelscatalans.com\/es\/eventos\/calcotades\/#primaryimage","url":"https:\/\/pladelscatalans.com\/wp-content\/uploads\/2025\/12\/calcotatadas-2026-pla-dels-catalans.jpg","contentUrl":"https:\/\/pladelscatalans.com\/wp-content\/uploads\/2025\/12\/calcotatadas-2026-pla-dels-catalans.jpg","width":1080,"height":1350},{"@type":"BreadcrumbList","@id":"https:\/\/pladelscatalans.com\/es\/eventos\/calcotades\/#breadcrumb","itemListElement":[{"@type":"ListItem","position":1,"name":"Inici","item":"https:\/\/pladelscatalans.com\/es\/"},{"@type":"ListItem","position":2,"name":"Eventos","item":"https:\/\/pladelscatalans.com\/es\/eventos\/"},{"@type":"ListItem","position":3,"name":"Cal\u00e7otades 2026"}]},{"@type":"WebSite","@id":"https:\/\/pladelscatalans.com\/es\/#website","url":"https:\/\/pladelscatalans.com\/es\/","name":"Pla dels Catalans","description":"Escenari singular per a celebracions singulars. Bodes, banquets, convencions i festes.","publisher":{"@id":"https:\/\/pladelscatalans.com\/es\/#\/schema\/person\/9614a393b04d64415b7cfb071c9e23dd"},"potentialAction":[{"@type":"SearchAction","target":{"@type":"EntryPoint","urlTemplate":"https:\/\/pladelscatalans.com\/es\/?s={search_term_string}"},"query-input":{"@type":"PropertyValueSpecification","valueRequired":true,"valueName":"search_term_string"}}],"inLanguage":"es"},{"@type":["Person","Organization"],"@id":"https:\/\/pladelscatalans.com\/es\/#\/schema\/person\/9614a393b04d64415b7cfb071c9e23dd","name":"Pla dels Catalans","logo":{"@id":"https:\/\/pladelscatalans.com\/es\/#\/schema\/person\/image\/"}}]}},"_links":{"self":[{"href":"https:\/\/pladelscatalans.com\/es\/wp-json\/wp\/v2\/pages\/2849","targetHints":{"allow":["GET"]}}],"collection":[{"href":"https:\/\/pladelscatalans.com\/es\/wp-json\/wp\/v2\/pages"}],"about":[{"href":"https:\/\/pladelscatalans.com\/es\/wp-json\/wp\/v2\/types\/page"}],"author":[{"embeddable":true,"href":"https:\/\/pladelscatalans.com\/es\/wp-json\/wp\/v2\/users\/1"}],"replies":[{"embeddable":true,"href":"https:\/\/pladelscatalans.com\/es\/wp-json\/wp\/v2\/comments?post=2849"}],"version-history":[{"count":1,"href":"https:\/\/pladelscatalans.com\/es\/wp-json\/wp\/v2\/pages\/2849\/revisions"}],"predecessor-version":[{"id":9206,"href":"https:\/\/pladelscatalans.com\/es\/wp-json\/wp\/v2\/pages\/2849\/revisions\/9206"}],"up":[{"embeddable":true,"href":"https:\/\/pladelscatalans.com\/es\/wp-json\/wp\/v2\/pages\/2865"}],"wp:featuredmedia":[{"embeddable":true,"href":"https:\/\/pladelscatalans.com\/es\/wp-json\/wp\/v2\/media\/9105"}],"wp:attachment":[{"href":"https:\/\/pladelscatalans.com\/es\/wp-json\/wp\/v2\/media?parent=2849"}],"curies":[{"name":"wp","href":"https:\/\/api.w.org\/{rel}","templated":true}]}}